{"id":745991,"date":"2025-08-28T02:32:21","date_gmt":"2025-08-27T23:32:21","guid":{"rendered":"https:\/\/roveyayinevi.com.tr\/index.php\/urun\/kibris-muzakere-ege-ve-adalar-bati-trakya-seti-2-kitap\/"},"modified":"2026-04-16T02:58:26","modified_gmt":"2026-04-15T23:58:26","slug":"kibris-muzakere-ege-ve-adalar-bati-trakya-seti-2-kitap","status":"publish","type":"product","link":"https:\/\/roveyayinevi.com.tr\/index.php\/urun\/kibris-muzakere-ege-ve-adalar-bati-trakya-seti-2-kitap\/","title":{"rendered":"K\u0131br\u0131s, M\u00fczakere, Ege ve Adalar, Bat\u0131 Trakya -Seti (2 Kitap)"},"content":{"rendered":"<p>K\u0131br\u0131s, M\u00fczakere, Ege ve Adalar, Bat\u0131 Trakya -Seti (2 Kitap)1. Kitap : Milli G\u00fcvenlik bak\u0131\u015f\u0131yla K\u0131br\u0131s, Do\u011fu Akdeniz, Ege ve Adalar, Bat\u0131 Trakya Sayfa:327 2. Kitap : K\u0131br\u0131s M\u00fczakere ve Do\u011fu Akdeniz  Sayfa:800Gerek geleneksel, gerekse yeni medya mecralar\u0131nda yeralan bilgiler kitlelere art\u0131k daha h\u0131zl\u0131 ula\u015fmaktad\u0131r. Ancak i\u00e7eri\u011finde yeralan konular kamuoyunun do\u011fru olu\u015fumu a\u00e7\u0131s\u0131ndan \u00e7ok \u00f6nemli hale gelmektedir. Pop\u00fclerlikten uzak, ger\u00e7eklere y\u00f6nelik haz\u0131rlanm\u0131\u015f yaz\u0131lar elbette ki toplumun geli\u015fimi ve sa\u011fl\u0131kl\u0131 bir \u015fekilde geli\u015fimi a\u00e7\u0131s\u0131ndan etkilidir. Ancak yazar\u0131n duru\u015fu, kimin yada kimlerin \u00e7\u0131kar\u0131na y\u00f6nelik se\u00e7ti\u011fi ve i\u015fledi\u011fi konularda \u00e7ok \u00f6nemlidir. Halk\u0131n sesi yada kalemimisiniz yada sahibinin sesi yada kalemimisiniz? Kendi milletinizin mi yoksa ba\u015fka g\u00fc\u00e7lerin temsilcisimisiniz? G\u00fcn\u00fcm\u00fczde bu sorular \u00e7ok \u00f6nemli hale gelmi\u015ftir. \u00c7al\u0131\u015fman\u0131n yazar\u0131 duru\u015fuyla, bilgi birikimiyle sayg\u0131 ve sevgiyi hak eden bir ki\u015fili\u011fe sahiptir. Bu \u00e7al\u0131\u015fmada yeralan yaz\u0131lar\u0131 ve i\u015fledi\u011fi konular\u0131 inceledi\u011fimizde bu milletin ve kendi halk\u0131n\u0131n sesi oldu\u011fu g\u00f6r\u00fclecektir. Eline, eme\u011fine, y\u00fcre\u011fine sa\u011fl\u0131k. T\u00fcm okurlara yararl\u0131 olmas\u0131 dile\u011fiyle\u2026 <\/p>\n","protected":false},"excerpt":{"rendered":"<p>K\u0131br\u0131s, M\u00fczakere, Ege ve Adalar, Bat\u0131 Trakya -Seti (2 Kitap)1. Kitap : Milli G\u00fcvenlik bak\u0131\u015f\u0131yla K\u0131br\u0131s, Do\u011fu Akdeniz, Ege ve Adalar, Bat\u0131 Trakya Sayfa:327 2. Kitap<span class=\"excerpt-hellip\"> [\u2026]<\/span><\/p>\n","protected":false},"featured_media":0,"template":"","meta":{"_monsterinsights_skip_tracking":false,"_monsterinsights_sitenote_active":false,"_monsterinsights_sitenote_note":"","_monsterinsights_sitenote_category":0},"product_brand":[],"product_cat":[13590,12337],"product_tag":[],"class_list":{"0":"post-745991","1":"product","2":"type-product","3":"status-publish","5":"product_cat-arastirma-inceleme-politika-siyaset","6":"product_cat-politika-siyaset","7":"pa_cilt-ciltsiz","8":"pa_tur-kitap","9":"pa_yayinevi-ulku-ocaklari-egitim-ve-kultur-vakfi","10":"pa_yazar-osman-baris-yorganci","12":"first","13":"instock","14":"sale","15":"shipping-taxable","16":"purchasable","17":"product-type-simple"},"_links":{"self":[{"href":"https:\/\/roveyayinevi.com.tr\/index.php\/wp-json\/wp\/v2\/product\/745991","targetHints":{"allow":["GET"]}}],"collection":[{"href":"https:\/\/roveyayinevi.com.tr\/index.php\/wp-json\/wp\/v2\/product"}],"about":[{"href":"https:\/\/roveyayinevi.com.tr\/index.php\/wp-json\/wp\/v2\/types\/product"}],"wp:attachment":[{"href":"https:\/\/roveyayinevi.com.tr\/index.php\/wp-json\/wp\/v2\/media?parent=745991"}],"wp:term":[{"taxonomy":"product_brand","embeddable":true,"href":"https:\/\/roveyayinevi.com.tr\/index.php\/wp-json\/wp\/v2\/product_brand?post=745991"},{"taxonomy":"product_cat","embeddable":true,"href":"https:\/\/roveyayinevi.com.tr\/index.php\/wp-json\/wp\/v2\/product_cat?post=745991"},{"taxonomy":"product_tag","embeddable":true,"href":"https:\/\/roveyayinevi.com.tr\/index.php\/wp-json\/wp\/v2\/product_tag?post=745991"}],"curies":[{"name":"wp","href":"https:\/\/api.w.org\/{rel}","templated":true}]}}