{"id":745989,"date":"2025-08-28T02:32:18","date_gmt":"2025-08-27T23:32:18","guid":{"rendered":"https:\/\/roveyayinevi.com.tr\/index.php\/urun\/psikanaliz-acisindan-cocuk-egitimi\/"},"modified":"2026-04-16T02:58:26","modified_gmt":"2026-04-15T23:58:26","slug":"psikanaliz-acisindan-cocuk-egitimi","status":"publish","type":"product","link":"https:\/\/roveyayinevi.com.tr\/index.php\/urun\/psikanaliz-acisindan-cocuk-egitimi\/","title":{"rendered":"Psikanaliz A\u00e7\u0131s\u0131ndan \u00c7ocuk E\u011fitimi"},"content":{"rendered":"<p>Louis Corman, bilin\u00e7alt\u0131n\u0131n bilin\u00e7 \u00fczerindeki etkisinden yola \u00e7\u0131karak kuramlar\u0131n\u0131 olu\u015fturan \u00fcnl\u00fc bir Bel\u00e7ikal\u0131 psikologdur. Psikanaliz A\u00e7\u0131s\u0131ndan \u00c7ocuk E\u011fitimi, sadece psikoloji ve psikiyatriyle ilgili okurlar\u0131 de\u011fil e\u011fitim bilimleriyle ilgilenenleri, hatta yararlanabilecekleri bir kaynakt\u0131r. Alan\u0131nda \u00f6nc\u00fc bir \u00e7al\u0131\u015fma olan bu kitapta Corman, bilin\u00e7 d\u0131\u015f\u0131n\u0131n \u00e7ocu\u011fun bedensel ve ruhsal geli\u015fiminde nas\u0131l \u00f6nemli oldu\u011funu incelemektedir. <\/p>\n","protected":false},"excerpt":{"rendered":"<p>Louis Corman, bilin\u00e7alt\u0131n\u0131n bilin\u00e7 \u00fczerindeki etkisinden yola \u00e7\u0131karak kuramlar\u0131n\u0131 olu\u015fturan \u00fcnl\u00fc bir Bel\u00e7ikal\u0131 psikologdur. Psikanaliz A\u00e7\u0131s\u0131ndan \u00c7ocuk E\u011fitimi, sadece psikoloji ve psikiyatriyle ilgili okurlar\u0131 de\u011fil e\u011fitim<span class=\"excerpt-hellip\"> [\u2026]<\/span><\/p>\n","protected":false},"featured_media":0,"template":"","meta":{"_monsterinsights_skip_tracking":false,"_monsterinsights_sitenote_active":false,"_monsterinsights_sitenote_note":"","_monsterinsights_sitenote_category":0},"product_brand":[],"product_cat":[12679,12357],"product_tag":[],"class_list":{"0":"post-745989","1":"product","2":"type-product","3":"status-publish","5":"product_cat-cocuk-psikolojisi","6":"product_cat-psikoloji","7":"pa_cilt-ciltsiz","8":"pa_tur-kitap","9":"pa_yayinevi-cem-yayinevi","10":"pa_yazar-louis-corman","12":"first","13":"instock","14":"sale","15":"shipping-taxable","16":"purchasable","17":"product-type-simple"},"_links":{"self":[{"href":"https:\/\/roveyayinevi.com.tr\/index.php\/wp-json\/wp\/v2\/product\/745989","targetHints":{"allow":["GET"]}}],"collection":[{"href":"https:\/\/roveyayinevi.com.tr\/index.php\/wp-json\/wp\/v2\/product"}],"about":[{"href":"https:\/\/roveyayinevi.com.tr\/index.php\/wp-json\/wp\/v2\/types\/product"}],"wp:attachment":[{"href":"https:\/\/roveyayinevi.com.tr\/index.php\/wp-json\/wp\/v2\/media?parent=745989"}],"wp:term":[{"taxonomy":"product_brand","embeddable":true,"href":"https:\/\/roveyayinevi.com.tr\/index.php\/wp-json\/wp\/v2\/product_brand?post=745989"},{"taxonomy":"product_cat","embeddable":true,"href":"https:\/\/roveyayinevi.com.tr\/index.php\/wp-json\/wp\/v2\/product_cat?post=745989"},{"taxonomy":"product_tag","embeddable":true,"href":"https:\/\/roveyayinevi.com.tr\/index.php\/wp-json\/wp\/v2\/product_tag?post=745989"}],"curies":[{"name":"wp","href":"https:\/\/api.w.org\/{rel}","templated":true}]}}