{"id":745988,"date":"2025-08-28T02:32:18","date_gmt":"2025-08-27T23:32:18","guid":{"rendered":"https:\/\/roveyayinevi.com.tr\/index.php\/urun\/oyun-sanatinin-sinirlarinda\/"},"modified":"2026-04-16T02:58:26","modified_gmt":"2026-04-15T23:58:26","slug":"oyun-sanatinin-sinirlarinda","status":"publish","type":"product","link":"https:\/\/roveyayinevi.com.tr\/index.php\/urun\/oyun-sanatinin-sinirlarinda\/","title":{"rendered":"Oyun Sanat\u0131n\u0131n S\u0131n\u0131rlar\u0131nda"},"content":{"rendered":"<p>\u2018\u2019Oyun sanat\u0131n\u0131n (dram sanat\u0131) s\u0131n\u0131rlar\u0131 nerede ba\u015flay\u0131p nerede sona ermektedir? Onu ba\u015fka sanatlardan (\u015fiir, roman, m\u00fczik gibi) ay\u0131ran nitelikler nelerdir? Tiyatro ya da kukla sahnesi, g\u00f6lge ya da sinema perdesi, radyo frekanslar\u0131 ya da televizyon ekran\u0131 bu sanat\u0131 nas\u0131l de\u011fi\u015ftirmektedir? Yeni anlat\u0131m ara\u00e7lar\u0131n\u0131n icat edilmesiyle ve toplumsal de\u011fi\u015fimlerle birlikte, oyun sanat\u0131 hangi \u00f6zellikleri kazanm\u0131\u015ft\u0131r? Oyun sanat\u0131n\u0131n alt dalalr\u0131 olan, tiyatro, sinema, opera, bale, kukla, g\u00f6lge oyunu, radyo oyunu aras\u0131nda nas\u0131l bir ili\u015fki var? Bu sanatlar aras\u0131nda nas\u0131l bir etkile\u015fim ger\u00e7ekle\u015fmi\u015ftir? Birbirlerinden yararlanmalar\u0131 nas\u0131l sonu\u00e7lar do\u011furmu\u015ftur? Ba\u015far\u0131l\u0131 \u00f6rnekleri bize ne s\u00f6yler? Bu \u00f6rnekler oyunsanatbiliminin (dramaturji) y\u00f6ntemleriyle irdelendi\u011finde nas\u0131l sonu\u00e7lara ula\u015f\u0131r\u0131z? 30 y\u0131l\u0131 a\u015fk\u0131n s\u00fcre, tiyatro, sinema, yarat\u0131c\u0131 drama ve edebiyat b\u00f6l\u00fcmlerinde oyun (dram) sanat\u0131, oyunsanatbilimi (dramaturji) oyunla\u015ft\u0131rma (dramatizasyon) ve uyarlama (adaptasyon) gibi dersler veren, Prof. Dr. Hasan Erkek, Oyun Sanat\u0131n\u0131n S\u0131n\u0131rlar\u0131nda adl\u0131 kitab\u0131nda, yukar\u0131da sordu\u011fu sorular\u0131n kap\u0131lar\u0131n\u0131 \u00e7al\u0131yor. Bir yandan alanda derinle\u015firken \u00f6t eyandan uygulay\u0131c\u0131lara  \u00e7izdi\u011fi yol haritalar\u0131yla k\u0131lavuzluk yap\u0131yor. Oyun Sanat\u0131n\u0131n S\u0131n\u0131rlar\u0131nda, oyun (dram) sanat\u0131 akan\u0131nda \u00e7al\u0131\u015fan amat\u00f6r ve profesyonellere, \u00f6zellikle tiyatro, sinema, yarat\u0131c\u0131 drama, yarat\u0131c\u0131 yazarl\u0131k alanlar\u0131nda \u00e7al\u0131\u015fan gen\u00e7 akademisyenlere, \u00f6\u011fretmenlere ve \u00f6\u011frencilere \u00f6nemli katk\u0131larda bulunacakt\u0131r. <\/p>\n","protected":false},"excerpt":{"rendered":"<p>\u2018\u2019Oyun sanat\u0131n\u0131n (dram sanat\u0131) s\u0131n\u0131rlar\u0131 nerede ba\u015flay\u0131p nerede sona ermektedir? Onu ba\u015fka sanatlardan (\u015fiir, roman, m\u00fczik gibi) ay\u0131ran nitelikler nelerdir? Tiyatro ya da kukla sahnesi, g\u00f6lge<span class=\"excerpt-hellip\"> [\u2026]<\/span><\/p>\n","protected":false},"featured_media":0,"template":"","meta":{"_monsterinsights_skip_tracking":false,"_monsterinsights_sitenote_active":false,"_monsterinsights_sitenote_note":"","_monsterinsights_sitenote_category":0},"product_brand":[],"product_cat":[12409,12408],"product_tag":[],"class_list":{"0":"post-745988","1":"product","2":"type-product","3":"status-publish","5":"product_cat-fotograf-sinema-tiyatro","6":"product_cat-sanat","7":"pa_cilt-ciltsiz","8":"pa_tur-kitap","9":"pa_yayinevi-cem-yayinevi","10":"pa_yazar-hasan-erkek","12":"first","13":"instock","14":"sale","15":"shipping-taxable","16":"purchasable","17":"product-type-simple"},"_links":{"self":[{"href":"https:\/\/roveyayinevi.com.tr\/index.php\/wp-json\/wp\/v2\/product\/745988","targetHints":{"allow":["GET"]}}],"collection":[{"href":"https:\/\/roveyayinevi.com.tr\/index.php\/wp-json\/wp\/v2\/product"}],"about":[{"href":"https:\/\/roveyayinevi.com.tr\/index.php\/wp-json\/wp\/v2\/types\/product"}],"wp:attachment":[{"href":"https:\/\/roveyayinevi.com.tr\/index.php\/wp-json\/wp\/v2\/media?parent=745988"}],"wp:term":[{"taxonomy":"product_brand","embeddable":true,"href":"https:\/\/roveyayinevi.com.tr\/index.php\/wp-json\/wp\/v2\/product_brand?post=745988"},{"taxonomy":"product_cat","embeddable":true,"href":"https:\/\/roveyayinevi.com.tr\/index.php\/wp-json\/wp\/v2\/product_cat?post=745988"},{"taxonomy":"product_tag","embeddable":true,"href":"https:\/\/roveyayinevi.com.tr\/index.php\/wp-json\/wp\/v2\/product_tag?post=745988"}],"curies":[{"name":"wp","href":"https:\/\/api.w.org\/{rel}","templated":true}]}}