{"id":745987,"date":"2025-08-28T02:32:16","date_gmt":"2025-08-27T23:32:16","guid":{"rendered":"https:\/\/roveyayinevi.com.tr\/index.php\/urun\/bu-nasil-bir-gezegen-boyle-canim\/"},"modified":"2026-04-16T02:58:26","modified_gmt":"2026-04-15T23:58:26","slug":"bu-nasil-bir-gezegen-boyle-canim","status":"publish","type":"product","link":"https:\/\/roveyayinevi.com.tr\/index.php\/urun\/bu-nasil-bir-gezegen-boyle-canim\/","title":{"rendered":"Bu Nas\u0131l Bir Gezegen B\u00f6yle Can\u0131m ?"},"content":{"rendered":"<p>\u015e\u0130\u0130RE, duaya, kayaya, insan bir yere s\u0131\u011f\u0131nacaksa, bunu tek ba\u015f\u0131na ve sessizce yapmal\u0131. Ba\u015fka t\u00fcrl\u00fcs\u00fc yalan olur. Kalabal\u0131klar\u0131n ortas\u0131nda mutlaka gizlenecek bir \u015fey vard\u0131r. Yoksa da kolayca bulunur. Sarho\u015f ya da \u00f6fkeliyken ise, ki\u015fi ne susabilir ne de anadiliyle konu\u015fabilir. \u015eiirle \u00e7ok dua ettim. Kimseye duyurmadan. Elbette duyanlar oldu. Nas\u0131l duydular, ne duydular? Bilmiyorum. Ama bir g\u00fcn sevgili sevdal\u0131 bir okur bana bir not yazd\u0131 ve duama son verdi. Minnetim ba\u015flad\u0131: &#8220;Kekre dendi\u011fi zaman. Daha uzun soluklu bir \u015fiir bekliyor insan. Ama \u015fair ba\u015fka, \u00e7ok ba\u015fka bir \u015fey olu\u015fturmu\u015f. Di\u011fer mar\u015flar\u0131n aksine, g\u00f6z\u00fcn\u00fc  a\u00e7t\u0131\u011f\u0131n an, yata\u011f\u0131nda tenine de\u011fen \u00f6rt\u00fcyle gerinerek, huzurla s\u00f6ylenmesi gereken bir mar\u015f olu\u015fturmu\u015f. Ki bu \u00e7ok dozunda ve bu \u00e7ok azimli \u015fiir ancak b\u00f6yle huzura kavu\u015fabilirdi. Suat. Ciddiyim. Bunu defterine yaz l\u00fctfen. Bu \u015fiiri ne zaman okusam, iyi hissetmedi\u011fim an yok.\u2019\u2019 Kalbime yazd\u0131\u011f\u0131m bu notu \u015fimdi defterime yaz\u0131yorum ve gen\u00e7li\u011fimin Rilke\u2019si gibi, iyili\u011fine, aff\u0131na s\u0131\u011f\u0131n\u0131yorum: \u2018\u2019Tanr\u0131m, kerem eyle, geceyi atlatal\u0131m. Daha sonra hastal\u0131\u011f\u0131. Daha sonra a\u015fk\u0131.\u2018\u2019   Walter Benjamin\u2019den ta\u015f\u0131d\u0131\u011f\u0131 izlerle \u2018\u2019 zihinsel ya\u015fam\u0131n b\u00fcy\u00fck gerilimlerine\u2019\u2019 lirik bir vurgu yapan Bu Nas\u0131l Gezegen B\u00f6yle Can\u0131m?, Stanley Crawford\u2019\u0131n k\u00fclt roman\u0131 Bayan Unguentine\u2019nin Seyir Defteri\u2019nin \u00e7evirisi ile e\u015fzamanl\u0131 kaleme al\u0131nm\u0131\u015f s\u00fcrpriz bir metin. \u00c7eviri ve yazma eyleminin i\u00e7 i\u00e7e ge\u00e7ti\u011fi \u015fiirsel bir uzamda kendini meraka b\u0131rakt\u0131\u011f\u0131n\u0131 s\u00f6yleyen yazardan, t\u00fcr\u00fc belli olmayan bir i\u00e7 d\u00f6k\u00fc\u015f, bir esinleni\u015f, sesleni\u015f kitab\u0131: \u2018\u2019Sevgili sevdal\u0131 okur. \u00dcrpertici g\u00fczellik! K\u0131r\u0131lacak ya da \u00e7oktan k\u0131r\u0131lm\u0131\u015f umut tanesi! Seni d\u00fcnyevi beklentisizli\u011finle, o m\u00fccevher fazlal\u0131\u011f\u0131nla yazardan ay\u0131r\u0131yor, kitab\u0131 y\u00fcce g\u00f6nl\u00fcne b\u0131rak\u0131yorum.\u2019\u2019<\/p>\n","protected":false},"excerpt":{"rendered":"<p>\u015e\u0130\u0130RE, duaya, kayaya, insan bir yere s\u0131\u011f\u0131nacaksa, bunu tek ba\u015f\u0131na ve sessizce yapmal\u0131. Ba\u015fka t\u00fcrl\u00fcs\u00fc yalan olur. Kalabal\u0131klar\u0131n ortas\u0131nda mutlaka gizlenecek bir \u015fey vard\u0131r. Yoksa da<span class=\"excerpt-hellip\"> [\u2026]<\/span><\/p>\n","protected":false},"featured_media":0,"template":"","meta":{"_monsterinsights_skip_tracking":false,"_monsterinsights_sitenote_active":false,"_monsterinsights_sitenote_note":"","_monsterinsights_sitenote_category":0},"product_brand":[],"product_cat":[12291],"product_tag":[],"class_list":{"0":"post-745987","1":"product","2":"type-product","3":"status-publish","5":"product_cat-edebiyat","6":"pa_cilt-ciltsiz","7":"pa_tur-kitap","8":"pa_yayinevi-cem-yayinevi","9":"pa_yazar-suat-kemal-angi","11":"first","12":"instock","13":"sale","14":"shipping-taxable","15":"purchasable","16":"product-type-simple"},"_links":{"self":[{"href":"https:\/\/roveyayinevi.com.tr\/index.php\/wp-json\/wp\/v2\/product\/745987","targetHints":{"allow":["GET"]}}],"collection":[{"href":"https:\/\/roveyayinevi.com.tr\/index.php\/wp-json\/wp\/v2\/product"}],"about":[{"href":"https:\/\/roveyayinevi.com.tr\/index.php\/wp-json\/wp\/v2\/types\/product"}],"wp:attachment":[{"href":"https:\/\/roveyayinevi.com.tr\/index.php\/wp-json\/wp\/v2\/media?parent=745987"}],"wp:term":[{"taxonomy":"product_brand","embeddable":true,"href":"https:\/\/roveyayinevi.com.tr\/index.php\/wp-json\/wp\/v2\/product_brand?post=745987"},{"taxonomy":"product_cat","embeddable":true,"href":"https:\/\/roveyayinevi.com.tr\/index.php\/wp-json\/wp\/v2\/product_cat?post=745987"},{"taxonomy":"product_tag","embeddable":true,"href":"https:\/\/roveyayinevi.com.tr\/index.php\/wp-json\/wp\/v2\/product_tag?post=745987"}],"curies":[{"name":"wp","href":"https:\/\/api.w.org\/{rel}","templated":true}]}}