{"id":745986,"date":"2025-08-28T02:32:15","date_gmt":"2025-08-27T23:32:15","guid":{"rendered":"https:\/\/roveyayinevi.com.tr\/index.php\/urun\/babaya-isyan\/"},"modified":"2026-04-16T02:58:26","modified_gmt":"2026-04-15T23:58:26","slug":"babaya-isyan","status":"publish","type":"product","link":"https:\/\/roveyayinevi.com.tr\/index.php\/urun\/babaya-isyan\/","title":{"rendered":"Babaya \u0130syan"},"content":{"rendered":"<p>Sade\u2019\u0131n \u00e7ocuklu\u011funda \u00f6zde\u015fle\u015femedi\u011fi \u00f6z baban\u0131n yeri, burada, \u015fartlar\u0131na titizlikle uyulmas\u0131 gereken kesin, karma\u015f\u0131k bir rit\u00fcel taraf\u0131ndan olu\u015fturulur\u2026 Prometheus miti yorumumuz, mitin b\u00fct\u00fcn\u00fcyle Prometheus\u2019un d\u00fc\u015flemini ve bir bak\u0131ma \u00f6dipal d\u00f6nemde her o\u011flun babaya y\u00f6nelik d\u00fc\u015flemini temsil etti\u011fi hipotezine dayanacakt\u0131r\u2026 Hitler\u2019in babas\u0131yla \u00f6zde\u015fle\u015fmesinin imk\u00e2ns\u0131zl\u0131\u011f\u0131, onu kendisine yak\u0131nla\u015ft\u0131ran e\u015fcinsel arzuyu dayan\u0131lmaz bir \u015fekilde alevlendirerek bu babay\u0131 kendisine zulmeden biri gibi hissetmesine neden olur\u2026 Baba kisvesi alt\u0131ndaki Stalin -t\u0131pk\u0131 \u00e7arlar gibi- bilin\u00e7 d\u0131\u015f\u0131nda Ruslar taraf\u0131ndan arkaik bir anne gibi hissediliyordu\u2026 Son tahlilde, babaya kar\u015f\u0131 \u00e7a\u011fda\u015f isyan, baba imgesini kendi sald\u0131rgan kabu\u011fundan \u00e7\u0131karma arzusunu ifade etmekten ba\u015fka nedir ki? Gen\u00e7 bir adam babas\u0131n\u0131n ya da babalar\u0131n toplumsal g\u00fcc\u00fcn\u00fc ve sosyok\u00fclt\u00fcrel kurumlar\u0131n\u0131 reddetti\u011fini ya da bunlara kar\u015f\u0131 \u00e7\u0131kt\u0131\u011f\u0131n\u0131 a\u00e7\u0131klad\u0131\u011f\u0131nda, i\u00e7ine Hitler\u2019i, Stalin\u2019i ve Hiro\u015fima\u2019y\u0131 da katar. \u201cBurada her \u015fey en g\u00fc\u00e7l\u00fcn\u00fcn yasas\u0131na geri d\u00f6ner ve sonu\u00e7 olarak yeni bir do\u011fa haline.\u201d Babaya kar\u015f\u0131 bu isyan Rousseau\u2019nun bahsetti\u011fi \u201ciyi ve sa\u011fl\u0131kl\u0131 olan ne varsa yutan \u015fu canavar\u201da ve sonu\u00e7 olarak \u00f6zg\u00fcrl\u00fck ve adalet gibi baba de\u011ferleri ad\u0131na bir isyana d\u00f6n\u00fc\u015f\u00fcr\u2026 <\/p>\n","protected":false},"excerpt":{"rendered":"<p>Sade\u2019\u0131n \u00e7ocuklu\u011funda \u00f6zde\u015fle\u015femedi\u011fi \u00f6z baban\u0131n yeri, burada, \u015fartlar\u0131na titizlikle uyulmas\u0131 gereken kesin, karma\u015f\u0131k bir rit\u00fcel taraf\u0131ndan olu\u015fturulur\u2026 Prometheus miti yorumumuz, mitin b\u00fct\u00fcn\u00fcyle Prometheus\u2019un d\u00fc\u015flemini ve bir<span class=\"excerpt-hellip\"> [\u2026]<\/span><\/p>\n","protected":false},"featured_media":0,"template":"","meta":{"_monsterinsights_skip_tracking":false,"_monsterinsights_sitenote_active":false,"_monsterinsights_sitenote_note":"","_monsterinsights_sitenote_category":0},"product_brand":[],"product_cat":[12357],"product_tag":[],"class_list":{"0":"post-745986","1":"product","2":"type-product","3":"status-publish","5":"product_cat-psikoloji","6":"pa_cilt-ciltsiz","7":"pa_tur-kitap","8":"pa_yayinevi-cem-yayinevi","9":"pa_yazar-gerard-mendel","11":"first","12":"instock","13":"sale","14":"shipping-taxable","15":"purchasable","16":"product-type-simple"},"_links":{"self":[{"href":"https:\/\/roveyayinevi.com.tr\/index.php\/wp-json\/wp\/v2\/product\/745986","targetHints":{"allow":["GET"]}}],"collection":[{"href":"https:\/\/roveyayinevi.com.tr\/index.php\/wp-json\/wp\/v2\/product"}],"about":[{"href":"https:\/\/roveyayinevi.com.tr\/index.php\/wp-json\/wp\/v2\/types\/product"}],"wp:attachment":[{"href":"https:\/\/roveyayinevi.com.tr\/index.php\/wp-json\/wp\/v2\/media?parent=745986"}],"wp:term":[{"taxonomy":"product_brand","embeddable":true,"href":"https:\/\/roveyayinevi.com.tr\/index.php\/wp-json\/wp\/v2\/product_brand?post=745986"},{"taxonomy":"product_cat","embeddable":true,"href":"https:\/\/roveyayinevi.com.tr\/index.php\/wp-json\/wp\/v2\/product_cat?post=745986"},{"taxonomy":"product_tag","embeddable":true,"href":"https:\/\/roveyayinevi.com.tr\/index.php\/wp-json\/wp\/v2\/product_tag?post=745986"}],"curies":[{"name":"wp","href":"https:\/\/api.w.org\/{rel}","templated":true}]}}