{"id":745985,"date":"2025-08-28T02:32:15","date_gmt":"2025-08-27T23:32:15","guid":{"rendered":"https:\/\/roveyayinevi.com.tr\/index.php\/urun\/dev-tarot-kutulu\/"},"modified":"2026-04-16T02:58:25","modified_gmt":"2026-04-15T23:58:25","slug":"dev-tarot-kutulu","status":"publish","type":"product","link":"https:\/\/roveyayinevi.com.tr\/index.php\/urun\/dev-tarot-kutulu\/","title":{"rendered":"Dev Tarot  (Kutulu)"},"content":{"rendered":"<p>DEV TAROT RIDER-WAITE ARTHUR EDWARD WAITE\u2019nin rehberli\u011finde, PAMELA COLMAN SMITH taraf\u0131ndan tasarlanm\u0131\u015ft\u0131r. Klasikle\u015fmi\u015f tarot desteleri aras\u0131nda yer alan RiderRider-Waite Tarot Destesi, Pamela Colman Smith taraf\u0131ndan 1909\u2019da tasarlanm\u0131\u015f ve bu g\u00fcne kadar orijinal halini korumu\u015ftur. Tasarland\u0131\u011f\u0131 d\u00f6nemde yenilik\u00e7i g\u00f6r\u00fcn\u00fcm\u00fcyle tarot camias\u0131nda bir devrim yaratm\u0131\u015f olan bu deste, zamanla t\u00fcm tarot kartlar\u0131 i\u00e7in her yerde standart hale gelmi\u015f ve d\u00fcnyan\u0131n en bilinen tarot destelerinden biri olmu\u015ftur. B\u00fcy\u00fck boy kart \u00f6l\u00e7\u00fcleri: 9,5 cm X 16 cm i\u00e7inde, A.E.Waite\u2019nin \u201cTarot\u2019un Anahtar\u0131\u201d adl\u0131 resimli kitab\u0131ndan yorumlar i\u00e7eren 52 sayfal\u0131k bir k\u0131lavuz bulunmaktad\u0131r. <\/p>\n","protected":false},"excerpt":{"rendered":"<p>DEV TAROT RIDER-WAITE ARTHUR EDWARD WAITE\u2019nin rehberli\u011finde, PAMELA COLMAN SMITH taraf\u0131ndan tasarlanm\u0131\u015ft\u0131r. Klasikle\u015fmi\u015f tarot desteleri aras\u0131nda yer alan RiderRider-Waite Tarot Destesi, Pamela Colman Smith taraf\u0131ndan 1909\u2019da<span class=\"excerpt-hellip\"> [\u2026]<\/span><\/p>\n","protected":false},"featured_media":0,"template":"","meta":{"_monsterinsights_skip_tracking":false,"_monsterinsights_sitenote_active":false,"_monsterinsights_sitenote_note":"","_monsterinsights_sitenote_category":0},"product_brand":[],"product_cat":[18082,15563],"product_tag":[],"class_list":{"0":"post-745985","1":"product","2":"type-product","3":"status-publish","5":"product_cat-astroloji-fal-ruya","6":"product_cat-hobi","7":"pa_cilt-ciltsiz","8":"pa_tur-kitap20","9":"pa_yayinevi-kirmizi-ada-yayinlari","10":"pa_yazar-pamela-colman-smith","12":"first","13":"instock","14":"sale","15":"shipping-taxable","16":"purchasable","17":"product-type-simple"},"_links":{"self":[{"href":"https:\/\/roveyayinevi.com.tr\/index.php\/wp-json\/wp\/v2\/product\/745985","targetHints":{"allow":["GET"]}}],"collection":[{"href":"https:\/\/roveyayinevi.com.tr\/index.php\/wp-json\/wp\/v2\/product"}],"about":[{"href":"https:\/\/roveyayinevi.com.tr\/index.php\/wp-json\/wp\/v2\/types\/product"}],"wp:attachment":[{"href":"https:\/\/roveyayinevi.com.tr\/index.php\/wp-json\/wp\/v2\/media?parent=745985"}],"wp:term":[{"taxonomy":"product_brand","embeddable":true,"href":"https:\/\/roveyayinevi.com.tr\/index.php\/wp-json\/wp\/v2\/product_brand?post=745985"},{"taxonomy":"product_cat","embeddable":true,"href":"https:\/\/roveyayinevi.com.tr\/index.php\/wp-json\/wp\/v2\/product_cat?post=745985"},{"taxonomy":"product_tag","embeddable":true,"href":"https:\/\/roveyayinevi.com.tr\/index.php\/wp-json\/wp\/v2\/product_tag?post=745985"}],"curies":[{"name":"wp","href":"https:\/\/api.w.org\/{rel}","templated":true}]}}