{"id":745984,"date":"2025-08-28T02:32:13","date_gmt":"2025-08-27T23:32:13","guid":{"rendered":"https:\/\/roveyayinevi.com.tr\/index.php\/urun\/gazap-ve-muamma\/"},"modified":"2025-09-25T08:26:57","modified_gmt":"2025-09-25T05:26:57","slug":"gazap-ve-muamma","status":"publish","type":"product","link":"https:\/\/roveyayinevi.com.tr\/index.php\/urun\/gazap-ve-muamma\/","title":{"rendered":"Gazap ve Muamma"},"content":{"rendered":"<p>&#8220;Ren\u00e9 Char&#8217;\u0131 ya\u015fayan en b\u00fcy\u00fck \u015fairimiz, Gazap ve Muamma&#8217;y\u0131 da Frans\u0131z \u015fiirinin Illuminations&#8217;dan ve Alkoller&#8217;den bu yana bize verdi\u011fi en \u015fa\u015f\u0131rt\u0131c\u0131 eser kabul ediyorum&#8230; Yaln\u0131z Kal\u0131rlar yay\u0131nland\u0131\u011f\u0131ndan itibaren bu bir avu\u00e7 \u015fiir, \u015fiirimiz \u00fczerinde \u00f6zg\u00fcr ve bakir bir r\u00fczg\u00e2r estirmeye yetmi\u015ftir. &#8216;\u0130\u015fe yaramaz biblolar&#8217; imalat\u0131na kendini vakfetmi\u015f \u015fairlerimizin a\u011f\u0131zlar\u0131na borazan almak i\u00e7in lavtay\u0131 ellerinden b\u0131rakt\u0131klar\u0131 bunca y\u0131ldan sonra \u015fiir nihayet sa\u011falt\u0131c\u0131 bir odun ate\u015fi halini alm\u0131\u015ft\u0131r&#8230; Ba\u015fkald\u0131r\u0131n\u0131n ve \u00f6zg\u00fcrl\u00fc\u011f\u00fcn \u015fairi Char, yar\u0131nlar\u0131m\u0131z\u0131n da \u015fairidir&#8230; \u015eundan emin olal\u0131m: Bundan b\u00f6yle ancak b\u00f6ylesi eserlerden medet umabilir ve basiret bekleyebiliriz.&#8221; Albert Camus &#8220;Hypnos Yapraklar\u0131, Avrupa&#8217;da Nazizme direni\u015fin en al\u0131\u015f\u0131lmad\u0131k ve en derinlikli imgelerinden biridir.&#8221;Paul Veyne&#8221;Ren\u00e9 Char&#8217;\u0131n, zaman\u0131m\u0131zda e\u015fi benzeri olmayan b\u00fcy\u00fckl\u00fc\u011f\u00fc, onun \u015fiirinin, \u015fiirin vahyi, \u015fiirin \u015fiiri olmas\u0131d\u0131r.&#8221; Maurice Blanchot<\/p>\n","protected":false},"excerpt":{"rendered":"<p>&#8220;Ren\u00e9 Char&#8217;\u0131 ya\u015fayan en b\u00fcy\u00fck \u015fairimiz, Gazap ve Muamma&#8217;y\u0131 da Frans\u0131z \u015fiirinin Illuminations&#8217;dan ve Alkoller&#8217;den bu yana bize verdi\u011fi en \u015fa\u015f\u0131rt\u0131c\u0131 eser kabul ediyorum&#8230; Yaln\u0131z Kal\u0131rlar<span class=\"excerpt-hellip\"> [\u2026]<\/span><\/p>\n","protected":false},"featured_media":0,"template":"","meta":{"_monsterinsights_skip_tracking":false,"_monsterinsights_sitenote_active":false,"_monsterinsights_sitenote_note":"","_monsterinsights_sitenote_category":0},"product_brand":[],"product_cat":[12291,12509],"product_tag":[],"class_list":{"0":"post-745984","1":"product","2":"type-product","3":"status-publish","5":"product_cat-edebiyat","6":"product_cat-siir","7":"pa_cilt-ciltsiz","8":"pa_tur-kitap","9":"pa_yayinevi-sel-yayincilik","10":"pa_yazar-rene-char","12":"first","13":"instock","14":"sale","15":"shipping-taxable","16":"purchasable","17":"product-type-simple"},"_links":{"self":[{"href":"https:\/\/roveyayinevi.com.tr\/index.php\/wp-json\/wp\/v2\/product\/745984","targetHints":{"allow":["GET"]}}],"collection":[{"href":"https:\/\/roveyayinevi.com.tr\/index.php\/wp-json\/wp\/v2\/product"}],"about":[{"href":"https:\/\/roveyayinevi.com.tr\/index.php\/wp-json\/wp\/v2\/types\/product"}],"wp:attachment":[{"href":"https:\/\/roveyayinevi.com.tr\/index.php\/wp-json\/wp\/v2\/media?parent=745984"}],"wp:term":[{"taxonomy":"product_brand","embeddable":true,"href":"https:\/\/roveyayinevi.com.tr\/index.php\/wp-json\/wp\/v2\/product_brand?post=745984"},{"taxonomy":"product_cat","embeddable":true,"href":"https:\/\/roveyayinevi.com.tr\/index.php\/wp-json\/wp\/v2\/product_cat?post=745984"},{"taxonomy":"product_tag","embeddable":true,"href":"https:\/\/roveyayinevi.com.tr\/index.php\/wp-json\/wp\/v2\/product_tag?post=745984"}],"curies":[{"name":"wp","href":"https:\/\/api.w.org\/{rel}","templated":true}]}}