{"id":745983,"date":"2025-08-28T02:32:12","date_gmt":"2025-08-27T23:32:12","guid":{"rendered":"https:\/\/roveyayinevi.com.tr\/index.php\/urun\/ucret-patriyarkasi\/"},"modified":"2026-04-16T02:58:25","modified_gmt":"2026-04-15T23:58:25","slug":"ucret-patriyarkasi","status":"publish","type":"product","link":"https:\/\/roveyayinevi.com.tr\/index.php\/urun\/ucret-patriyarkasi\/","title":{"rendered":"\u00dccret Patriyarkas\u0131"},"content":{"rendered":"<p>Ev i\u00e7indeki kad\u0131n\u0131n g\u00f6r\u00fcnmez eme\u011finin s\u00f6m\u00fcr\u00fcs\u00fcne dikkat \u00e7ekerek mevcut \u00fccret sistemindeki gelir payla\u015f\u0131m\u0131n\u0131n adaletsizli\u011fini g\u00f6r\u00fcn\u00fcr k\u0131lan ve Marksist teorinin feminist bir perspektifi i\u00e7selle\u015ftirmek zorunda oldu\u011funun fark\u0131na var\u0131lmas\u0131 a\u00e7\u0131s\u0131ndan da \u00f6nemli bir e\u015fik olan uluslararas\u0131 &#8220;Ev \u0130\u015fi \u0130\u00e7in \u00dccret&#8221; hareketinin kurucular\u0131ndan Silvia Federici, Marx&#8217;\u0131n ba\u015fl\u0131ca metinlerinde \u00f6ne \u00e7\u0131kan ve basit\u00e7e ihmalle veyahut eril bak\u0131\u015f\u0131n getirdi\u011fi gafletle a\u00e7\u0131klanmas\u0131 imk\u00e2ns\u0131z yap\u0131sal bo\u015fluklara ili\u015fkin teorik saptamalar\u0131n\u0131 \u00dccret Patriyarkas\u0131: Marx, Toplumsal Cinsiyet ve Feminizm Notlar\u0131&#8217;nda geli\u015ftiriyor.Federici, 1970&#8217;li y\u0131llarda kapitalist ekonominin yeniden canlanmas\u0131n\u0131n ve dolay\u0131s\u0131yla da g\u00fc\u00e7lenen toplumsal muhalefetin s\u00f6n\u00fcmlenmesinin alt\u0131nda cinsiyet\u00e7i bir i\u015fb\u00f6l\u00fcm\u00fcn\u00fcn sa\u011flad\u0131\u011f\u0131 yal\u0131t\u0131lm\u0131\u015fl\u0131k i\u00e7inde kad\u0131nlar\u0131n mahk\u00fbm edildi\u011fi bir \u00fccretsiz emek rejiminin ya da kendi tabiriyle \u00fccret patriyarkas\u0131n\u0131n yatt\u0131\u011f\u0131na dair ele\u015ftirel yakla\u015f\u0131m\u0131n\u0131 koruyarak, fabrikaya hasredilen &#8220;\u00fcretken emek&#8221; kar\u015f\u0131s\u0131nda yeniden \u00fcretici eme\u011fin hem tali hem de tabi k\u0131l\u0131nmas\u0131 ama as\u0131l \u00f6nemlisi bu y\u00f6nden bak\u0131ld\u0131\u011f\u0131nda potansiyel &#8220;devrimci \u00f6zneler&#8221; olarak kad\u0131nlar\u0131n yok say\u0131lmas\u0131 handikap\u0131n\u0131n g\u00fcncelli\u011fini vurguluyor.<\/p>\n","protected":false},"excerpt":{"rendered":"<p>Ev i\u00e7indeki kad\u0131n\u0131n g\u00f6r\u00fcnmez eme\u011finin s\u00f6m\u00fcr\u00fcs\u00fcne dikkat \u00e7ekerek mevcut \u00fccret sistemindeki gelir payla\u015f\u0131m\u0131n\u0131n adaletsizli\u011fini g\u00f6r\u00fcn\u00fcr k\u0131lan ve Marksist teorinin feminist bir perspektifi i\u00e7selle\u015ftirmek zorunda oldu\u011funun fark\u0131na<span class=\"excerpt-hellip\"> [\u2026]<\/span><\/p>\n","protected":false},"featured_media":0,"template":"","meta":{"_monsterinsights_skip_tracking":false,"_monsterinsights_sitenote_active":false,"_monsterinsights_sitenote_note":"","_monsterinsights_sitenote_category":0},"product_brand":[],"product_cat":[13590,12337],"product_tag":[],"class_list":{"0":"post-745983","1":"product","2":"type-product","3":"status-publish","5":"product_cat-arastirma-inceleme-politika-siyaset","6":"product_cat-politika-siyaset","7":"pa_cilt-ciltsiz","8":"pa_tur-kitap","9":"pa_yayinevi-sel-yayincilik","10":"pa_yazar-silvia-federici","12":"first","13":"instock","14":"sale","15":"shipping-taxable","16":"purchasable","17":"product-type-simple"},"_links":{"self":[{"href":"https:\/\/roveyayinevi.com.tr\/index.php\/wp-json\/wp\/v2\/product\/745983","targetHints":{"allow":["GET"]}}],"collection":[{"href":"https:\/\/roveyayinevi.com.tr\/index.php\/wp-json\/wp\/v2\/product"}],"about":[{"href":"https:\/\/roveyayinevi.com.tr\/index.php\/wp-json\/wp\/v2\/types\/product"}],"wp:attachment":[{"href":"https:\/\/roveyayinevi.com.tr\/index.php\/wp-json\/wp\/v2\/media?parent=745983"}],"wp:term":[{"taxonomy":"product_brand","embeddable":true,"href":"https:\/\/roveyayinevi.com.tr\/index.php\/wp-json\/wp\/v2\/product_brand?post=745983"},{"taxonomy":"product_cat","embeddable":true,"href":"https:\/\/roveyayinevi.com.tr\/index.php\/wp-json\/wp\/v2\/product_cat?post=745983"},{"taxonomy":"product_tag","embeddable":true,"href":"https:\/\/roveyayinevi.com.tr\/index.php\/wp-json\/wp\/v2\/product_tag?post=745983"}],"curies":[{"name":"wp","href":"https:\/\/api.w.org\/{rel}","templated":true}]}}