{"id":745980,"date":"2025-08-28T02:32:09","date_gmt":"2025-08-27T23:32:09","guid":{"rendered":"https:\/\/roveyayinevi.com.tr\/index.php\/urun\/unutma\/"},"modified":"2026-04-16T02:58:25","modified_gmt":"2026-04-15T23:58:25","slug":"unutma","status":"publish","type":"product","link":"https:\/\/roveyayinevi.com.tr\/index.php\/urun\/unutma\/","title":{"rendered":"Unutma"},"content":{"rendered":"<p>Unutma T\u00fcrk edebiyat\u0131na tozlu ar\u015fivlerden, iple ba\u011flanm\u0131\u015f dosyalardan, aile sand\u0131\u011f\u0131ndan hazine de\u011ferinde belgeler kazand\u0131rm\u0131\u015f, usta bir ara\u015ft\u0131rmac\u0131n\u0131n kendi sand\u0131\u011f\u0131nda bekletti\u011fi \u015fiirler.   I\u015f\u0131k \u00d6\u011f\u00fct\u00e7\u00fc, yaz\u0131nsal ara\u015ft\u0131rmalar i\u00e7indeki mesailere neredeyse gizlice s\u0131k\u0131\u015ft\u0131rd\u0131\u011f\u0131 \u015fiirlerle kar\u015f\u0131m\u0131zda. Onun \u015fiirlerinde kimi zaman n\u00fckteyi kimi zaman sonsuz h\u00fczn\u00fc okuyacaks\u0131n\u0131z. S\u00f6z\u00fc ve meselesi olan bu \u015fiirlerde en \u00e7ok a\u015fk ve \u00f6zg\u00fcrl\u00fc\u011f\u00fcn ve adeta kat\u0131k gibi yan\u0131na sokulan umut s\u00f6zc\u00fc\u011f\u00fcn\u00fcn gelmesi tesad\u00fcf m\u00fc? A\u015fk, ayr\u0131l\u0131k, hayat, \u00f6zg\u00fcrl\u00fck, aile, umut, do\u011fa gibi hayat\u0131n canl\u0131 ya\u015fanan her par\u00e7as\u0131na dokunan, hissettirdi\u011fi &#8220;tan\u0131d\u0131k gelme&#8221;  duygusuyla sizi sarmalayacak bir \u015fiir kitab\u0131.   I\u015f\u0131k \u00d6\u011f\u00fct\u00e7\u00fc&#8217; n\u00fcn kendine has, yal\u0131n, samimi bir o kadar da muzip uslubuyla kaleme ald\u0131\u011f\u0131 dizeler, okurken g\u00fcl\u00fcmsemenize, g\u00fcl\u00fcmserken uzaklara dalman\u0131za neden olacak.   Ya\u015fam\u0131n her alan\u0131ndan okuyaca\u011f\u0131n\u0131z \u015fiirler t\u00fcm okurlara hitap etti\u011fi gibi, kimi zaman b\u00fcy\u00fck bir deneyimin anlat\u0131s\u0131 kimi zaman ise hayat yolculu\u011funa yeni ba\u015flayanlar i\u00e7in heyecan\u0131n ilk sesi olacak.   \u00d6\u011f\u00fct\u00e7\u00fc, \u00f6zlemi anlat\u0131yor. Hem sevdaya hem g\u00fczel yar\u0131nlara olan \u00f6zlemi. Ve tabii ki bu topraklara ait \u00f6zlemi.   \u201cY\u00fczy\u0131llard\u0131r s\u00f6ylenen, Bir \u015fark\u0131d\u0131r \u00f6zg\u00fcrl\u00fck.\u201d Unutma yal\u0131nl\u0131\u011f\u0131yla yar\u0131na kalacak \u015fiirler\u2026.<\/p>\n","protected":false},"excerpt":{"rendered":"<p>Unutma T\u00fcrk edebiyat\u0131na tozlu ar\u015fivlerden, iple ba\u011flanm\u0131\u015f dosyalardan, aile sand\u0131\u011f\u0131ndan hazine de\u011ferinde belgeler kazand\u0131rm\u0131\u015f, usta bir ara\u015ft\u0131rmac\u0131n\u0131n kendi sand\u0131\u011f\u0131nda bekletti\u011fi \u015fiirler. I\u015f\u0131k \u00d6\u011f\u00fct\u00e7\u00fc, yaz\u0131nsal ara\u015ft\u0131rmalar i\u00e7indeki<span class=\"excerpt-hellip\"> [\u2026]<\/span><\/p>\n","protected":false},"featured_media":0,"template":"","meta":{"_monsterinsights_skip_tracking":false,"_monsterinsights_sitenote_active":false,"_monsterinsights_sitenote_note":"","_monsterinsights_sitenote_category":0},"product_brand":[],"product_cat":[12291,12509],"product_tag":[],"class_list":{"0":"post-745980","1":"product","2":"type-product","3":"status-publish","5":"product_cat-edebiyat","6":"product_cat-siir","7":"pa_cilt-ciltsiz","8":"pa_tur-kitap","9":"pa_yayinevi-mona-kitap","10":"pa_yazar-isik-ogutcu","12":"first","13":"instock","14":"sale","15":"shipping-taxable","16":"purchasable","17":"product-type-simple"},"_links":{"self":[{"href":"https:\/\/roveyayinevi.com.tr\/index.php\/wp-json\/wp\/v2\/product\/745980","targetHints":{"allow":["GET"]}}],"collection":[{"href":"https:\/\/roveyayinevi.com.tr\/index.php\/wp-json\/wp\/v2\/product"}],"about":[{"href":"https:\/\/roveyayinevi.com.tr\/index.php\/wp-json\/wp\/v2\/types\/product"}],"wp:attachment":[{"href":"https:\/\/roveyayinevi.com.tr\/index.php\/wp-json\/wp\/v2\/media?parent=745980"}],"wp:term":[{"taxonomy":"product_brand","embeddable":true,"href":"https:\/\/roveyayinevi.com.tr\/index.php\/wp-json\/wp\/v2\/product_brand?post=745980"},{"taxonomy":"product_cat","embeddable":true,"href":"https:\/\/roveyayinevi.com.tr\/index.php\/wp-json\/wp\/v2\/product_cat?post=745980"},{"taxonomy":"product_tag","embeddable":true,"href":"https:\/\/roveyayinevi.com.tr\/index.php\/wp-json\/wp\/v2\/product_tag?post=745980"}],"curies":[{"name":"wp","href":"https:\/\/api.w.org\/{rel}","templated":true}]}}