{"id":745979,"date":"2025-08-28T02:32:07","date_gmt":"2025-08-27T23:32:07","guid":{"rendered":"https:\/\/roveyayinevi.com.tr\/index.php\/urun\/turk-dili-ve-edebiyati-uzerine-makaleler\/"},"modified":"2026-04-16T02:58:25","modified_gmt":"2026-04-15T23:58:25","slug":"turk-dili-ve-edebiyati-uzerine-makaleler","status":"publish","type":"product","link":"https:\/\/roveyayinevi.com.tr\/index.php\/urun\/turk-dili-ve-edebiyati-uzerine-makaleler\/","title":{"rendered":"T\u00fcrk Dili ve Edebiyat\u0131 \u00dczerine Makaleler"},"content":{"rendered":"<p>\u0130nsaniyette konu\u015fmak ve anla\u015fmak kabiliyetinin ne zamandan beri ba\u015flam\u0131\u015f ve lisanlar\u0131n nas\u0131l \u00e7o\u011falm\u0131\u015f ve birbirinden ayr\u0131lm\u0131\u015f oldu\u011funu \u015fu s\u0131ralarda d\u00fc\u015f\u00fcnm\u00fcyorum. Kelimelerin asl\u0131na da pek ehemmiyet vermiyorum. Yaln\u0131z bir mesele var ki \u00f6mr\u00fcm\u00fcn \u015fu on senesinden beri beni pek ziyade al\u00e2kadar ediyor ve kendi lisan\u0131m\u0131z\u0131n duygular\u0131m\u0131z\u0131, fikirlerimizi ve h\u00e2l\u00e2t-\u0131 ruhiyemizi ifade edebilmek hususundaki kabiliyetini daha dikkatli tetebb\u00fb etmek l\u00fczumunu hissettiriyor. Bu kadar merakl\u0131 ve faydal\u0131 bir tetebb\u00fb ki insana t\u00fckenmez bir \u015fevk veriyor. Ben, bu sahada \u015fimdiye kadar yapabilmi\u015f oldu\u011fum tetebb\u00fblar\u0131mdan \u015funu anlad\u0131m ki lisan, sade fikirlerimizi m\u00fcbadele ve tebli\u011f etmek, hissiy\u00e2t\u0131m\u0131z\u0131 dile getirmek yani s\u00f6zle izh\u00e2r etmek i\u00e7in bir vas\u0131ta de\u011fil, bir milletin tasavvur ve tahayy\u00fcl kabiliyetinde f\u0131tr\u00ee ve mill\u00ee bir imtiyaz\u0131, bir al\u00e2met-i f\u00e2rikas\u0131 demek olan hususi bir tarz\u0131, \u00fcsl\u00fbbu, ifadeyi ve zevki de g\u00f6sterir bir k\u0131ymetli hazinedir, bir m\u00fczedir ve millet dedi\u011fimiz insan cemaatlerinin birbirinden en m\u00fchim ve esasl\u0131 fark\u0131, bu tasavvur ve tahayy\u00fcl kabiliyetindedir. Yani fikir ve duygular\u0131m\u0131za bir ifade \u015fekli ibd\u00e2 etmek ve s\u00f6ze bir \u00fcsl\u00fbp vermek h\u00fcnerindedir. R\u0131za Tevfik B\u00f6l\u00fckba\u015f\u0131, Osmanl\u0131\u2019n\u0131n son d\u00f6nemi ile Cumhuriyet\u2019in kurulu\u015f y\u0131llar\u0131na \u015fahitlik eden, T\u00fcrk k\u00fclt\u00fcr ve edebiyat tarihinde \u201cfeylesof\u201d lakab\u0131yla, bug\u00fcn ise daha \u00e7ok \u015fair olarak tan\u0131nan \u00e7ok y\u00f6nl\u00fc bir \u015fahsiyettir. Elinizdeki kitap, R\u0131za Tevfik\u2019in 1896 y\u0131l\u0131ndan itibaren 1922 y\u0131l\u0131na kadar Servet-i F\u00fcn\u00fbn, T\u00fcrk Yurdu, R\u00fcb\u00e2b, \u015eeb\u00e2b, Pey\u00e2m- Sabah ve Pey\u00e2m-\u0131 Edeb\u00ee gibi dergilerde; 1943\u2019ten sonra daha ziyade Yeni Sabah gazetesinde T\u00fcrk dili ve edebiyat\u0131 \u00fczerine kaleme ald\u0131\u011f\u0131 makalelerden olu\u015fmaktad\u0131r. Bu makaleler, T\u00fcrkiye\u2019de gerek T\u00fcrk dilinin ge\u00e7mi\u015fi, d\u00fcnya dilleri aras\u0131ndaki yeri ve yap\u0131s\u0131; gerekse klasik T\u00fcrk edebiyat\u0131yla ilgili ara\u015ft\u0131rmalar\u0131n yeni yeni yap\u0131ld\u0131\u011f\u0131, hen\u00fcz do\u011fru d\u00fczg\u00fcn bir T\u00fcrk edebiyat\u0131 tarihinin bile bulunmad\u0131\u011f\u0131 y\u0131llarda kaleme al\u0131nm\u0131\u015ft\u0131r. T\u00fcrk Dili ve Edebiyat\u0131 \u00dczerine Makaleler adl\u0131 bu eser, okurlar\u0131n\u0131 T\u00fcrk dilinin kuvvet ve \u00e2henk vurgusundan \u015five \u00f6zellikleri ve \u0131st\u0131lahlar\u0131na; Fuz\u00fbl\u00ee, Nef\u2018\u00ee, N\u00e2il\u00ee-i Kad\u00eem ve S\u00fcnb\u00fclz\u00e2de Vehb\u00ee gibi divan \u015fiirinin \u00f6nde gelen isimlerinden Abd\u00fclhak H\u00e2mid, Rec\u00e2iz\u00e2de Ekrem, S\u00fcleymanpa\u015faz\u00e2de S\u00e2mi, Florinal\u0131 N\u00e2z\u0131m, \u0130hsan R\u00e2if ve Tevfik Fikret gibi yazar\u0131n da yak\u0131ndan tan\u0131d\u0131\u011f\u0131 edebiyat\u00e7\u0131lara a\u015fina olmaya davet ediyor. R\u0131za Tevfik\u2019in tarih\u00ee, edeb\u00ee, felsef\u00ee, tasavvuf\u00ee ve son derece geni\u015f k\u00fclt\u00fcrel birikiminin tezah\u00fcr etti\u011fi; temiz, \u00e2henkli, sel\u00ees ve sarih bir \u00fcsl\u00fbp ile m\u00fcmtaz olan makalelerini keyifle okuyacaks\u0131n\u0131z.<\/p>\n","protected":false},"excerpt":{"rendered":"<p>\u0130nsaniyette konu\u015fmak ve anla\u015fmak kabiliyetinin ne zamandan beri ba\u015flam\u0131\u015f ve lisanlar\u0131n nas\u0131l \u00e7o\u011falm\u0131\u015f ve birbirinden ayr\u0131lm\u0131\u015f oldu\u011funu \u015fu s\u0131ralarda d\u00fc\u015f\u00fcnm\u00fcyorum. Kelimelerin asl\u0131na da pek ehemmiyet vermiyorum.<span class=\"excerpt-hellip\"> [\u2026]<\/span><\/p>\n","protected":false},"featured_media":0,"template":"","meta":{"_monsterinsights_skip_tracking":false,"_monsterinsights_sitenote_active":false,"_monsterinsights_sitenote_note":"","_monsterinsights_sitenote_category":0},"product_brand":[],"product_cat":[13072,12291],"product_tag":[],"class_list":{"0":"post-745979","1":"product","2":"type-product","3":"status-publish","5":"product_cat-arastirma-inceleme-referans","6":"product_cat-edebiyat","7":"pa_cilt-ciltsiz","8":"pa_tur-kitap","9":"pa_yayinevi-vakifbank-kultur-yayinlari","10":"pa_yazar-riza-tevfik-bolukbasi","12":"first","13":"instock","14":"sale","15":"shipping-taxable","16":"purchasable","17":"product-type-simple"},"_links":{"self":[{"href":"https:\/\/roveyayinevi.com.tr\/index.php\/wp-json\/wp\/v2\/product\/745979","targetHints":{"allow":["GET"]}}],"collection":[{"href":"https:\/\/roveyayinevi.com.tr\/index.php\/wp-json\/wp\/v2\/product"}],"about":[{"href":"https:\/\/roveyayinevi.com.tr\/index.php\/wp-json\/wp\/v2\/types\/product"}],"wp:attachment":[{"href":"https:\/\/roveyayinevi.com.tr\/index.php\/wp-json\/wp\/v2\/media?parent=745979"}],"wp:term":[{"taxonomy":"product_brand","embeddable":true,"href":"https:\/\/roveyayinevi.com.tr\/index.php\/wp-json\/wp\/v2\/product_brand?post=745979"},{"taxonomy":"product_cat","embeddable":true,"href":"https:\/\/roveyayinevi.com.tr\/index.php\/wp-json\/wp\/v2\/product_cat?post=745979"},{"taxonomy":"product_tag","embeddable":true,"href":"https:\/\/roveyayinevi.com.tr\/index.php\/wp-json\/wp\/v2\/product_tag?post=745979"}],"curies":[{"name":"wp","href":"https:\/\/api.w.org\/{rel}","templated":true}]}}