{"id":745976,"date":"2025-08-28T02:32:04","date_gmt":"2025-08-27T23:32:04","guid":{"rendered":"https:\/\/roveyayinevi.com.tr\/index.php\/urun\/jane-doe\/"},"modified":"2026-04-16T02:58:25","modified_gmt":"2026-04-15T23:58:25","slug":"jane-doe","status":"publish","type":"product","link":"https:\/\/roveyayinevi.com.tr\/index.php\/urun\/jane-doe\/","title":{"rendered":"Jane Doe"},"content":{"rendered":"<p>\u0130NSANI OLDU\u011eU K\u0130\u015e\u0130 YAPAN DER\u0130NDEK\u0130 KONULARDI   Jane\u2019in hayat\u0131, \u00e7al\u0131\u015ft\u0131\u011f\u0131 sigorta \u015firketindeki yeni i\u015fi kadar s\u0131radan g\u00f6r\u00fcnmektedir. Her sabah \u00e7i\u00e7ek desenli elbiseleriyle i\u015fe gelir, d\u00fc\u015f\u00fck pozisyondaki g\u00f6revlerini d\u00fcr\u00fcst\u00e7e yerine getirir ve herkese kar\u015f\u0131 olduk\u00e7a kibard\u0131r.   Jane, k\u0131sa s\u00fcre i\u00e7inde kendisi gibi kad\u0131nlardan ho\u015flanan i\u015f arkada\u015f\u0131 Steven Hepsworth i\u00e7in m\u00fckemmel bir hedef haline gelir; \u00e7\u00fcnk\u00fc o g\u00fczel, uysal, g\u00fcvensiz ve bir erke\u011fe boyun e\u011fmeye istekli gibidir.   Sorun \u015fu ki, hi\u00e7bir \u015fey g\u00f6r\u00fcnd\u00fc\u011f\u00fc gibi de\u011fildir. Jane Doe adl\u0131 bu k\u0131z\u0131n ger\u00e7ekte kim oldu\u011fu ve ne istedi\u011fi hakk\u0131nda kimsenin bir fikri yoktur. Onun tek iste\u011fi \u00fczeri \u00f6rt\u00fclen k\u00f6t\u00fcl\u00fckleri ortaya \u00e7\u0131karmak ve intikam almakt\u0131r.   &#8220;\u0130ntikam bu b\u00fcy\u00fcleyici gerilimi y\u00f6nlendiriyor&#8230; Stone, ba\u015ftan sona gerilimi y\u00fcksek tutuyor ve kendisini sosyopat olarak tan\u0131mlayan Jane karakteriyle b\u00fcy\u00fck bir bo\u015flu\u011fu dolduruyor.\u201d   \u2014Publisher Weekly<\/p>\n","protected":false},"excerpt":{"rendered":"<p>\u0130NSANI OLDU\u011eU K\u0130\u015e\u0130 YAPAN DER\u0130NDEK\u0130 KONULARDI Jane\u2019in hayat\u0131, \u00e7al\u0131\u015ft\u0131\u011f\u0131 sigorta \u015firketindeki yeni i\u015fi kadar s\u0131radan g\u00f6r\u00fcnmektedir. Her sabah \u00e7i\u00e7ek desenli elbiseleriyle i\u015fe gelir, d\u00fc\u015f\u00fck pozisyondaki g\u00f6revlerini<span class=\"excerpt-hellip\"> [\u2026]<\/span><\/p>\n","protected":false},"featured_media":0,"template":"","meta":{"_monsterinsights_skip_tracking":false,"_monsterinsights_sitenote_active":false,"_monsterinsights_sitenote_note":"","_monsterinsights_sitenote_category":0},"product_brand":[],"product_cat":[12291,17033],"product_tag":[],"class_list":{"0":"post-745976","1":"product","2":"type-product","3":"status-publish","5":"product_cat-edebiyat","6":"product_cat-korku-gerilim","7":"pa_cilt-ciltsiz","8":"pa_tur-kitap","9":"pa_yayinevi-marti-yayinlari","10":"pa_yazar-victoria-helen-stone","12":"first","13":"instock","14":"sale","15":"shipping-taxable","16":"purchasable","17":"product-type-simple"},"_links":{"self":[{"href":"https:\/\/roveyayinevi.com.tr\/index.php\/wp-json\/wp\/v2\/product\/745976","targetHints":{"allow":["GET"]}}],"collection":[{"href":"https:\/\/roveyayinevi.com.tr\/index.php\/wp-json\/wp\/v2\/product"}],"about":[{"href":"https:\/\/roveyayinevi.com.tr\/index.php\/wp-json\/wp\/v2\/types\/product"}],"wp:attachment":[{"href":"https:\/\/roveyayinevi.com.tr\/index.php\/wp-json\/wp\/v2\/media?parent=745976"}],"wp:term":[{"taxonomy":"product_brand","embeddable":true,"href":"https:\/\/roveyayinevi.com.tr\/index.php\/wp-json\/wp\/v2\/product_brand?post=745976"},{"taxonomy":"product_cat","embeddable":true,"href":"https:\/\/roveyayinevi.com.tr\/index.php\/wp-json\/wp\/v2\/product_cat?post=745976"},{"taxonomy":"product_tag","embeddable":true,"href":"https:\/\/roveyayinevi.com.tr\/index.php\/wp-json\/wp\/v2\/product_tag?post=745976"}],"curies":[{"name":"wp","href":"https:\/\/api.w.org\/{rel}","templated":true}]}}