{"id":745972,"date":"2025-08-28T02:31:58","date_gmt":"2025-08-27T23:31:58","guid":{"rendered":"https:\/\/roveyayinevi.com.tr\/index.php\/urun\/ruhumdaki-firtina\/"},"modified":"2026-04-16T02:58:25","modified_gmt":"2026-04-15T23:58:25","slug":"ruhumdaki-firtina","status":"publish","type":"product","link":"https:\/\/roveyayinevi.com.tr\/index.php\/urun\/ruhumdaki-firtina\/","title":{"rendered":"Ruhumdaki F\u0131rt\u0131na"},"content":{"rendered":"<p>\u0130\u00e7imizde kopan t\u00fcm f\u0131rt\u0131nalar yaln\u0131zca biz istedi\u011fimiz zaman g\u00f6r\u00fclebilir. Ama baz\u0131lar\u0131 vard\u0131r ki biz istemesek de bizim i\u00e7imizdeki f\u0131rt\u0131nalar\u0131 g\u00f6r\u00fcr. Baz\u0131 \u015feyler i\u00e7imizde kopmamal\u0131, yaln\u0131zca i\u00e7imizde kalmamal\u0131. En b\u00fcy\u00fck zarar\u0131 biz kendimize vermi\u015f oluruz t\u00fcm f\u0131rt\u0131nay\u0131 kendimize saklarsak. Baz\u0131 f\u0131rt\u0131nalar\u0131 sal\u0131vermek gerekir. <\/p>\n","protected":false},"excerpt":{"rendered":"<p>\u0130\u00e7imizde kopan t\u00fcm f\u0131rt\u0131nalar yaln\u0131zca biz istedi\u011fimiz zaman g\u00f6r\u00fclebilir. Ama baz\u0131lar\u0131 vard\u0131r ki biz istemesek de bizim i\u00e7imizdeki f\u0131rt\u0131nalar\u0131 g\u00f6r\u00fcr. Baz\u0131 \u015feyler i\u00e7imizde kopmamal\u0131, yaln\u0131zca i\u00e7imizde<span class=\"excerpt-hellip\"> [\u2026]<\/span><\/p>\n","protected":false},"featured_media":0,"template":"","meta":{"_monsterinsights_skip_tracking":false,"_monsterinsights_sitenote_active":false,"_monsterinsights_sitenote_note":"","_monsterinsights_sitenote_category":0},"product_brand":[],"product_cat":[12291,12509],"product_tag":[],"class_list":{"0":"post-745972","1":"product","2":"type-product","3":"status-publish","5":"product_cat-edebiyat","6":"product_cat-siir","7":"pa_cilt-ciltsiz","8":"pa_tur-kitap","9":"pa_yayinevi-elpis-yayinlari","10":"pa_yazar-aleyna-aydogdu","12":"first","13":"instock","14":"sale","15":"shipping-taxable","16":"purchasable","17":"product-type-simple"},"_links":{"self":[{"href":"https:\/\/roveyayinevi.com.tr\/index.php\/wp-json\/wp\/v2\/product\/745972","targetHints":{"allow":["GET"]}}],"collection":[{"href":"https:\/\/roveyayinevi.com.tr\/index.php\/wp-json\/wp\/v2\/product"}],"about":[{"href":"https:\/\/roveyayinevi.com.tr\/index.php\/wp-json\/wp\/v2\/types\/product"}],"wp:attachment":[{"href":"https:\/\/roveyayinevi.com.tr\/index.php\/wp-json\/wp\/v2\/media?parent=745972"}],"wp:term":[{"taxonomy":"product_brand","embeddable":true,"href":"https:\/\/roveyayinevi.com.tr\/index.php\/wp-json\/wp\/v2\/product_brand?post=745972"},{"taxonomy":"product_cat","embeddable":true,"href":"https:\/\/roveyayinevi.com.tr\/index.php\/wp-json\/wp\/v2\/product_cat?post=745972"},{"taxonomy":"product_tag","embeddable":true,"href":"https:\/\/roveyayinevi.com.tr\/index.php\/wp-json\/wp\/v2\/product_tag?post=745972"}],"curies":[{"name":"wp","href":"https:\/\/api.w.org\/{rel}","templated":true}]}}