{"id":745970,"date":"2025-08-28T02:31:55","date_gmt":"2025-08-27T23:31:55","guid":{"rendered":"https:\/\/roveyayinevi.com.tr\/index.php\/urun\/yoga-bir-donusum-klavuzu\/"},"modified":"2026-04-16T02:58:25","modified_gmt":"2026-04-15T23:58:25","slug":"yoga-bir-donusum-klavuzu","status":"publish","type":"product","link":"https:\/\/roveyayinevi.com.tr\/index.php\/urun\/yoga-bir-donusum-klavuzu\/","title":{"rendered":"Yoga: Bir D\u00f6n\u00fc\u015f\u00fcm Klavuzu"},"content":{"rendered":"<p>\u201cYoga, t\u00fcm evreni i\u00e7imizde ta\u015f\u0131d\u0131\u011f\u0131m\u0131z\u0131 ifade eden evrensel bir \u00f6\u011fretidir.\u201d Yoga, fiziksel prati\u011fin \u00f6tesinde, bilin\u00e7li ya\u015fama ve y\u00fcksek fark\u0131ndal\u0131\u011fa dair kutsal bir gelenektir. Bu b\u00fct\u00fcnsel pratik, fiziksel sa\u011fl\u0131k ve esenli\u011fi, psikolojik ve duygusal uyumu, daha genel anlamda ya\u015famdaki dengeyi konu edinir. Ancak \u00e7ok daha \u00f6nemlisi yoga, evrenin i\u00e7sel hakikatini kavrayabilmek i\u00e7in gerekli olan manevi bir aray\u0131\u015ft\u0131r. Yoga ilmine giri\u015f niteli\u011findeki bu etkileyici eser, okuyucular\u0131n yoga pratiklerini derinle\u015ftirebilmelerine yard\u0131mc\u0131 olacak manevi aray\u0131\u015f\u0131n temellerini ortaya koyuyor. Dr. David Frawley, Ayurveda ve Vedik bilimler alanlar\u0131ndaki en \u00f6nemli hocalardan biridir. Kendisinin bilgisine ve Vedalar\u0131n kadim bilgeli\u011fini a\u00e7\u0131klama bi\u00e7imine b\u00fcy\u00fck bir sayg\u0131 ve hayranl\u0131k duyuyorum. Deepak Chopra<\/p>\n","protected":false},"excerpt":{"rendered":"<p>\u201cYoga, t\u00fcm evreni i\u00e7imizde ta\u015f\u0131d\u0131\u011f\u0131m\u0131z\u0131 ifade eden evrensel bir \u00f6\u011fretidir.\u201d Yoga, fiziksel prati\u011fin \u00f6tesinde, bilin\u00e7li ya\u015fama ve y\u00fcksek fark\u0131ndal\u0131\u011fa dair kutsal bir gelenektir. Bu b\u00fct\u00fcnsel pratik,<span class=\"excerpt-hellip\"> [\u2026]<\/span><\/p>\n","protected":false},"featured_media":0,"template":"","meta":{"_monsterinsights_skip_tracking":false,"_monsterinsights_sitenote_active":false,"_monsterinsights_sitenote_note":"","_monsterinsights_sitenote_category":0},"product_brand":[],"product_cat":[12364,12376],"product_tag":[],"class_list":{"0":"post-745970","1":"product","2":"type-product","3":"status-publish","5":"product_cat-genel-konular","6":"product_cat-kisisel-gelisim","7":"pa_cilt-ciltsiz","8":"pa_tur-kitap","9":"pa_yayinevi-omega","10":"pa_yazar-david-frawley","12":"first","13":"instock","14":"sale","15":"shipping-taxable","16":"purchasable","17":"product-type-simple"},"_links":{"self":[{"href":"https:\/\/roveyayinevi.com.tr\/index.php\/wp-json\/wp\/v2\/product\/745970","targetHints":{"allow":["GET"]}}],"collection":[{"href":"https:\/\/roveyayinevi.com.tr\/index.php\/wp-json\/wp\/v2\/product"}],"about":[{"href":"https:\/\/roveyayinevi.com.tr\/index.php\/wp-json\/wp\/v2\/types\/product"}],"wp:attachment":[{"href":"https:\/\/roveyayinevi.com.tr\/index.php\/wp-json\/wp\/v2\/media?parent=745970"}],"wp:term":[{"taxonomy":"product_brand","embeddable":true,"href":"https:\/\/roveyayinevi.com.tr\/index.php\/wp-json\/wp\/v2\/product_brand?post=745970"},{"taxonomy":"product_cat","embeddable":true,"href":"https:\/\/roveyayinevi.com.tr\/index.php\/wp-json\/wp\/v2\/product_cat?post=745970"},{"taxonomy":"product_tag","embeddable":true,"href":"https:\/\/roveyayinevi.com.tr\/index.php\/wp-json\/wp\/v2\/product_tag?post=745970"}],"curies":[{"name":"wp","href":"https:\/\/api.w.org\/{rel}","templated":true}]}}