{"id":745963,"date":"2025-08-28T02:31:46","date_gmt":"2025-08-27T23:31:46","guid":{"rendered":"https:\/\/roveyayinevi.com.tr\/index.php\/urun\/ben-kimim-2\/"},"modified":"2026-04-16T02:58:25","modified_gmt":"2026-04-15T23:58:25","slug":"ben-kimim-2","status":"publish","type":"product","link":"https:\/\/roveyayinevi.com.tr\/index.php\/urun\/ben-kimim-2\/","title":{"rendered":"Ben Kimim?"},"content":{"rendered":"<p>\u015eiir bana dedi ki&#8221;Sen kimsin?&#8221;Ben bir bedenimBedenden de \u00f6te hayat\u0131 kucaklayan\u00c7ocu\u011fun ta kendisiyim.\u00c7i\u011fdem Odaba\u015f\u0131 \u00e7ocuklar\u0131, ya\u015fam\u0131n ve ak\u0131\u015f\u0131n i\u00e7inde \u015fimdiki an\u0131n fark\u0131ndal\u0131\u011f\u0131na \u00e7a\u011f\u0131r\u0131yor.<\/p>\n","protected":false},"excerpt":{"rendered":"<p>\u015eiir bana dedi ki&#8221;Sen kimsin?&#8221;Ben bir bedenimBedenden de \u00f6te hayat\u0131 kucaklayan\u00c7ocu\u011fun ta kendisiyim.\u00c7i\u011fdem Odaba\u015f\u0131 \u00e7ocuklar\u0131, ya\u015fam\u0131n ve ak\u0131\u015f\u0131n i\u00e7inde \u015fimdiki an\u0131n fark\u0131ndal\u0131\u011f\u0131na \u00e7a\u011f\u0131r\u0131yor.<\/p>\n","protected":false},"featured_media":0,"template":"","meta":{"_monsterinsights_skip_tracking":false,"_monsterinsights_sitenote_active":false,"_monsterinsights_sitenote_note":"","_monsterinsights_sitenote_category":0},"product_brand":[],"product_cat":[12274,12284],"product_tag":[],"class_list":{"0":"post-745963","1":"product","2":"type-product","3":"status-publish","5":"product_cat-cocuk-ve-genclik-kitaplari","6":"product_cat-hikayeler","7":"pa_cilt-ciltsiz","8":"pa_tur-kitap","9":"pa_yayinevi-altin-kitaplar-cocuk-kitaplari","10":"pa_yazar-cigdem-odabasi","12":"first","13":"instock","14":"sale","15":"shipping-taxable","16":"purchasable","17":"product-type-simple"},"_links":{"self":[{"href":"https:\/\/roveyayinevi.com.tr\/index.php\/wp-json\/wp\/v2\/product\/745963","targetHints":{"allow":["GET"]}}],"collection":[{"href":"https:\/\/roveyayinevi.com.tr\/index.php\/wp-json\/wp\/v2\/product"}],"about":[{"href":"https:\/\/roveyayinevi.com.tr\/index.php\/wp-json\/wp\/v2\/types\/product"}],"wp:attachment":[{"href":"https:\/\/roveyayinevi.com.tr\/index.php\/wp-json\/wp\/v2\/media?parent=745963"}],"wp:term":[{"taxonomy":"product_brand","embeddable":true,"href":"https:\/\/roveyayinevi.com.tr\/index.php\/wp-json\/wp\/v2\/product_brand?post=745963"},{"taxonomy":"product_cat","embeddable":true,"href":"https:\/\/roveyayinevi.com.tr\/index.php\/wp-json\/wp\/v2\/product_cat?post=745963"},{"taxonomy":"product_tag","embeddable":true,"href":"https:\/\/roveyayinevi.com.tr\/index.php\/wp-json\/wp\/v2\/product_tag?post=745963"}],"curies":[{"name":"wp","href":"https:\/\/api.w.org\/{rel}","templated":true}]}}