{"id":745962,"date":"2025-08-28T02:31:45","date_gmt":"2025-08-27T23:31:45","guid":{"rendered":"https:\/\/roveyayinevi.com.tr\/index.php\/urun\/fil-dedektifleri\/"},"modified":"2026-04-16T02:58:25","modified_gmt":"2026-04-15T23:58:25","slug":"fil-dedektifleri","status":"publish","type":"product","link":"https:\/\/roveyayinevi.com.tr\/index.php\/urun\/fil-dedektifleri\/","title":{"rendered":"Fil Dedektifleri"},"content":{"rendered":"<p>F\u0130L\u0130M NEREYE G\u0130TT\u0130?&#8221;M\u00fckemmel bir g\u00fcnd\u00fc ta ki\u2026 Ali&#8217;nin fili kayboluncaya dek!\u015eans\u0131na Eda bir Fil Dedektifi ve nereye bakmalar\u0131 gerekti\u011fini \u00e7ok iyi biliyor.Bakal\u0131m Ali filini bulabilecek mi?Belki de filini ararken yeni bir arkada\u015f bulur\u2026<\/p>\n","protected":false},"excerpt":{"rendered":"<p>F\u0130L\u0130M NEREYE G\u0130TT\u0130?&#8221;M\u00fckemmel bir g\u00fcnd\u00fc ta ki\u2026 Ali&#8217;nin fili kayboluncaya dek!\u015eans\u0131na Eda bir Fil Dedektifi ve nereye bakmalar\u0131 gerekti\u011fini \u00e7ok iyi biliyor.Bakal\u0131m Ali filini bulabilecek mi?Belki<span class=\"excerpt-hellip\"> [\u2026]<\/span><\/p>\n","protected":false},"featured_media":0,"template":"","meta":{"_monsterinsights_skip_tracking":false,"_monsterinsights_sitenote_active":false,"_monsterinsights_sitenote_note":"","_monsterinsights_sitenote_category":0},"product_brand":[],"product_cat":[12274,12284],"product_tag":[],"class_list":{"0":"post-745962","1":"product","2":"type-product","3":"status-publish","5":"product_cat-cocuk-ve-genclik-kitaplari","6":"product_cat-hikayeler","7":"pa_cilt-ciltsiz","8":"pa_tur-kitap","9":"pa_yayinevi-altin-kitaplar-cocuk-kitaplari","10":"pa_yazar-ged-adamson","12":"first","13":"instock","14":"sale","15":"shipping-taxable","16":"purchasable","17":"product-type-simple"},"_links":{"self":[{"href":"https:\/\/roveyayinevi.com.tr\/index.php\/wp-json\/wp\/v2\/product\/745962","targetHints":{"allow":["GET"]}}],"collection":[{"href":"https:\/\/roveyayinevi.com.tr\/index.php\/wp-json\/wp\/v2\/product"}],"about":[{"href":"https:\/\/roveyayinevi.com.tr\/index.php\/wp-json\/wp\/v2\/types\/product"}],"wp:attachment":[{"href":"https:\/\/roveyayinevi.com.tr\/index.php\/wp-json\/wp\/v2\/media?parent=745962"}],"wp:term":[{"taxonomy":"product_brand","embeddable":true,"href":"https:\/\/roveyayinevi.com.tr\/index.php\/wp-json\/wp\/v2\/product_brand?post=745962"},{"taxonomy":"product_cat","embeddable":true,"href":"https:\/\/roveyayinevi.com.tr\/index.php\/wp-json\/wp\/v2\/product_cat?post=745962"},{"taxonomy":"product_tag","embeddable":true,"href":"https:\/\/roveyayinevi.com.tr\/index.php\/wp-json\/wp\/v2\/product_tag?post=745962"}],"curies":[{"name":"wp","href":"https:\/\/api.w.org\/{rel}","templated":true}]}}