{"id":745961,"date":"2025-08-28T02:31:43","date_gmt":"2025-08-27T23:31:43","guid":{"rendered":"https:\/\/roveyayinevi.com.tr\/index.php\/urun\/bir-profun-korona-gunlugu\/"},"modified":"2026-04-16T02:58:25","modified_gmt":"2026-04-15T23:58:25","slug":"bir-profun-korona-gunlugu","status":"publish","type":"product","link":"https:\/\/roveyayinevi.com.tr\/index.php\/urun\/bir-profun-korona-gunlugu\/","title":{"rendered":"Bir Prof&#8217;un Korona G\u00fcnl\u00fc\u011f\u00fc"},"content":{"rendered":"<p>\u00c7in\u2019de ortaya \u00e7\u0131kan minik bir vir\u00fcs k\u0131sa bir s\u00fcrede yery\u00fcz\u00fcn\u00fcn her yan\u0131na yay\u0131larak adeta d\u00fcnyay\u0131 teslim ald\u0131. \u0130nsan evlad\u0131 belki de tarihin hi\u00e7bir d\u00f6neminde ortak bir d\u00fc\u015fman\u0131n sald\u0131r\u0131s\u0131na bu kadar k\u0131sa s\u00fcrede ve bu kadar derinden maruz kalmam\u0131\u015ft\u0131r. Ya\u015fad\u0131\u011f\u0131m\u0131z korona deneyimi, insanl\u0131\u011f\u0131n ne kadar ortak kadere ve gelece\u011fe sahip oldu\u011funu ortaya koydu. Art\u0131k d\u00fcnya avucumuzun i\u00e7ine s\u0131\u011facak kadar k\u00fc\u00e7\u00fcld\u00fc\u011f\u00fcne g\u00f6re burada meydana gelen en ufak bir geli\u015fme t\u00fcm insanl\u0131\u011f\u0131 etkiliyor. Bu da her \u00fclkenin, her milletin ve toplumun kendini i\u00e7inde bulaca\u011f\u0131 yeni bir d\u00fcnya d\u00fczenine ne kadar ihtiya\u00e7 oldu\u011funu g\u00f6steriyor.   Bir Prof\u2019un Korona G\u00fcnl\u00fc\u011f\u00fc\u2019nde \u00d6mer \u00c7aha, ortaya \u00e7\u0131kt\u0131\u011f\u0131 g\u00fcnden itibaren korona vir\u00fcs\u00fcn\u00fcn d\u00fcnyadaki etkilerini analiz ederken, asl\u0131nda insanl\u0131\u011f\u0131n ortak kaderine ve birbirine olan ba\u011fl\u0131l\u0131\u011f\u0131na da dikkat \u00e7ekiyor. Kitap, korona s\u00fcrecinde insan psikolojisini, toplumlar\u0131n ve k\u00fclt\u00fcrlerin dayanma g\u00fcc\u00fcn\u00fc, devletlerin kar\u015f\u0131 koyma bi\u00e7imini, uluslararas\u0131 sistemin performans\u0131n\u0131 bir sosyolog ve siyaset bilimci g\u00f6z\u00fcyle masaya yat\u0131r\u0131yor. Bu kitap korona s\u00fcrecinde ya\u015fananlar\u0131 kay\u0131t alt\u0131na almakla tarihe not d\u00fc\u015ft\u00fc\u011f\u00fc gibi; insana, toplumlara, k\u00fclt\u00fcrlere, devletlere ili\u015fkin analizleriyle okuyucuda farkl\u0131 pencerelere kap\u0131 aral\u0131yor. <\/p>\n","protected":false},"excerpt":{"rendered":"<p>\u00c7in\u2019de ortaya \u00e7\u0131kan minik bir vir\u00fcs k\u0131sa bir s\u00fcrede yery\u00fcz\u00fcn\u00fcn her yan\u0131na yay\u0131larak adeta d\u00fcnyay\u0131 teslim ald\u0131. \u0130nsan evlad\u0131 belki de tarihin hi\u00e7bir d\u00f6neminde ortak bir<span class=\"excerpt-hellip\"> [\u2026]<\/span><\/p>\n","protected":false},"featured_media":0,"template":"","meta":{"_monsterinsights_skip_tracking":false,"_monsterinsights_sitenote_active":false,"_monsterinsights_sitenote_note":"","_monsterinsights_sitenote_category":0},"product_brand":[],"product_cat":[13701,12291],"product_tag":[],"class_list":{"0":"post-745961","1":"product","2":"type-product","3":"status-publish","5":"product_cat-ani-mektup-gunluk","6":"product_cat-edebiyat","7":"pa_cilt-ciltsiz","8":"pa_tur-kitap","9":"pa_yayinevi-liman-kitaplar","10":"pa_yazar-omer-caha","12":"first","13":"instock","14":"sale","15":"shipping-taxable","16":"purchasable","17":"product-type-simple"},"_links":{"self":[{"href":"https:\/\/roveyayinevi.com.tr\/index.php\/wp-json\/wp\/v2\/product\/745961","targetHints":{"allow":["GET"]}}],"collection":[{"href":"https:\/\/roveyayinevi.com.tr\/index.php\/wp-json\/wp\/v2\/product"}],"about":[{"href":"https:\/\/roveyayinevi.com.tr\/index.php\/wp-json\/wp\/v2\/types\/product"}],"wp:attachment":[{"href":"https:\/\/roveyayinevi.com.tr\/index.php\/wp-json\/wp\/v2\/media?parent=745961"}],"wp:term":[{"taxonomy":"product_brand","embeddable":true,"href":"https:\/\/roveyayinevi.com.tr\/index.php\/wp-json\/wp\/v2\/product_brand?post=745961"},{"taxonomy":"product_cat","embeddable":true,"href":"https:\/\/roveyayinevi.com.tr\/index.php\/wp-json\/wp\/v2\/product_cat?post=745961"},{"taxonomy":"product_tag","embeddable":true,"href":"https:\/\/roveyayinevi.com.tr\/index.php\/wp-json\/wp\/v2\/product_tag?post=745961"}],"curies":[{"name":"wp","href":"https:\/\/api.w.org\/{rel}","templated":true}]}}