{"id":745959,"date":"2025-08-28T02:31:41","date_gmt":"2025-08-27T23:31:41","guid":{"rendered":"https:\/\/roveyayinevi.com.tr\/index.php\/urun\/bire-kadar-sayma-rehberi\/"},"modified":"2026-04-16T02:58:25","modified_gmt":"2026-04-15T23:58:25","slug":"bire-kadar-sayma-rehberi","status":"publish","type":"product","link":"https:\/\/roveyayinevi.com.tr\/index.php\/urun\/bire-kadar-sayma-rehberi\/","title":{"rendered":"Bire Kadar Sayma Rehberi"},"content":{"rendered":"<p>Say\u0131 saymay\u0131 biliyorsun de\u011fil mi?HAR\u0130KA! Bu kitapta sayabilece\u011fin bir s\u00fcr\u00fc e\u011flenceli \u015fey var.Balinalar, babunlar, g\u00f6kku\u015faklar\u0131, piramitler\u2026Tek B\u0130R kural var. SADECE B\u0130Re kadar sayabilirsin.Daha b\u00fcy\u00fck say\u0131lar\u0131 AKLININ ucundan bile ge\u00e7irme. TAMAM MI?!<\/p>\n","protected":false},"excerpt":{"rendered":"<p>Say\u0131 saymay\u0131 biliyorsun de\u011fil mi?HAR\u0130KA! Bu kitapta sayabilece\u011fin bir s\u00fcr\u00fc e\u011flenceli \u015fey var.Balinalar, babunlar, g\u00f6kku\u015faklar\u0131, piramitler\u2026Tek B\u0130R kural var. SADECE B\u0130Re kadar sayabilirsin.Daha b\u00fcy\u00fck say\u0131lar\u0131 AKLININ<span class=\"excerpt-hellip\"> [\u2026]<\/span><\/p>\n","protected":false},"featured_media":0,"template":"","meta":{"_monsterinsights_skip_tracking":false,"_monsterinsights_sitenote_active":false,"_monsterinsights_sitenote_note":"","_monsterinsights_sitenote_category":0},"product_brand":[],"product_cat":[12274,15842],"product_tag":[],"class_list":{"0":"post-745959","1":"product","2":"type-product","3":"status-publish","5":"product_cat-cocuk-ve-genclik-kitaplari","6":"product_cat-egitici-kitaplar","7":"pa_cilt-ciltsiz","8":"pa_tur-kitap","9":"pa_yayinevi-altin-kitaplar-cocuk-kitaplari","10":"pa_yazar-caspar-salmon","12":"first","13":"instock","14":"sale","15":"shipping-taxable","16":"purchasable","17":"product-type-simple"},"_links":{"self":[{"href":"https:\/\/roveyayinevi.com.tr\/index.php\/wp-json\/wp\/v2\/product\/745959","targetHints":{"allow":["GET"]}}],"collection":[{"href":"https:\/\/roveyayinevi.com.tr\/index.php\/wp-json\/wp\/v2\/product"}],"about":[{"href":"https:\/\/roveyayinevi.com.tr\/index.php\/wp-json\/wp\/v2\/types\/product"}],"wp:attachment":[{"href":"https:\/\/roveyayinevi.com.tr\/index.php\/wp-json\/wp\/v2\/media?parent=745959"}],"wp:term":[{"taxonomy":"product_brand","embeddable":true,"href":"https:\/\/roveyayinevi.com.tr\/index.php\/wp-json\/wp\/v2\/product_brand?post=745959"},{"taxonomy":"product_cat","embeddable":true,"href":"https:\/\/roveyayinevi.com.tr\/index.php\/wp-json\/wp\/v2\/product_cat?post=745959"},{"taxonomy":"product_tag","embeddable":true,"href":"https:\/\/roveyayinevi.com.tr\/index.php\/wp-json\/wp\/v2\/product_tag?post=745959"}],"curies":[{"name":"wp","href":"https:\/\/api.w.org\/{rel}","templated":true}]}}