{"id":745958,"date":"2025-08-28T02:31:40","date_gmt":"2025-08-27T23:31:40","guid":{"rendered":"https:\/\/roveyayinevi.com.tr\/index.php\/urun\/musteri-her-zaman-deneyim-ister\/"},"modified":"2026-04-16T02:58:25","modified_gmt":"2026-04-15T23:58:25","slug":"musteri-her-zaman-deneyim-ister","status":"publish","type":"product","link":"https:\/\/roveyayinevi.com.tr\/index.php\/urun\/musteri-her-zaman-deneyim-ister\/","title":{"rendered":"M\u00fc\u015fteri Her Zaman Deneyim \u0130ster"},"content":{"rendered":"<p>Art\u0131k m\u00fc\u015fteriler kendilerine yak\u0131n hissettikleri, duygular\u0131na hitap eden, onlar\u0131 anlayan ve onlara \u00f6zel \u00e7\u00f6z\u00fcmler sunan \u015firketleri tercih ediyorlar. Firmalar tasarlasa da tasarlamasa da m\u00fc\u015fteriler onlarla deneyimler ya\u015f\u0131yor ve bu deneyimler sonras\u0131nda sat\u0131n alma kararlar\u0131n\u0131 veriyorlar. Bu kitapta m\u00fc\u015fteri deneyiminin y\u00f6netim ilkelerini, en iyi uygulamalar\u0131n\u0131 ve nas\u0131l bir yol izlenerek uygulanabilece\u011fini \u00f6\u011frenerek m\u00fc\u015fterilere e\u015fsiz deneyimler yaratman\u0131n kap\u0131s\u0131n\u0131 aralayaca\u011f\u0131z.   Elma Yay\u0131nevi, M\u00fc\u015fteri Her Zaman Deneyim \u0130ster adl\u0131 eserle bulu\u015fuyor okurlar\u0131yla. Yazar G\u00f6khan Kara\u2019n\u0131n deneyimleriyle yazd\u0131\u011f\u0131 ve her ba\u015fl\u0131kta teori ile prati\u011fin anlat\u0131ld\u0131\u011f\u0131 kitapta, hem bilimsel \u00e7al\u0131\u015fmalar\u0131 hem de T\u00fcrkiye\u2019deki ve d\u00fcnyadaki en iyi \u015firketlerin m\u00fc\u015fteri deneyimi alan\u0131ndaki uygulamalar\u0131n\u0131 okuyacaks\u0131n\u0131z.   <\/p>\n","protected":false},"excerpt":{"rendered":"<p>Art\u0131k m\u00fc\u015fteriler kendilerine yak\u0131n hissettikleri, duygular\u0131na hitap eden, onlar\u0131 anlayan ve onlara \u00f6zel \u00e7\u00f6z\u00fcmler sunan \u015firketleri tercih ediyorlar. Firmalar tasarlasa da tasarlamasa da m\u00fc\u015fteriler onlarla deneyimler<span class=\"excerpt-hellip\"> [\u2026]<\/span><\/p>\n","protected":false},"featured_media":0,"template":"","meta":{"_monsterinsights_skip_tracking":false,"_monsterinsights_sitenote_active":false,"_monsterinsights_sitenote_note":"","_monsterinsights_sitenote_category":0},"product_brand":[],"product_cat":[13043,17647],"product_tag":[],"class_list":{"0":"post-745958","1":"product","2":"type-product","3":"status-publish","5":"product_cat-ekonomi","6":"product_cat-is-dunyasi","7":"pa_cilt-ciltsiz","8":"pa_tur-kitap","9":"pa_yayinevi-elma-yayinevi","10":"pa_yazar-gokhan-kara","12":"first","13":"instock","14":"sale","15":"shipping-taxable","16":"purchasable","17":"product-type-simple"},"_links":{"self":[{"href":"https:\/\/roveyayinevi.com.tr\/index.php\/wp-json\/wp\/v2\/product\/745958","targetHints":{"allow":["GET"]}}],"collection":[{"href":"https:\/\/roveyayinevi.com.tr\/index.php\/wp-json\/wp\/v2\/product"}],"about":[{"href":"https:\/\/roveyayinevi.com.tr\/index.php\/wp-json\/wp\/v2\/types\/product"}],"wp:attachment":[{"href":"https:\/\/roveyayinevi.com.tr\/index.php\/wp-json\/wp\/v2\/media?parent=745958"}],"wp:term":[{"taxonomy":"product_brand","embeddable":true,"href":"https:\/\/roveyayinevi.com.tr\/index.php\/wp-json\/wp\/v2\/product_brand?post=745958"},{"taxonomy":"product_cat","embeddable":true,"href":"https:\/\/roveyayinevi.com.tr\/index.php\/wp-json\/wp\/v2\/product_cat?post=745958"},{"taxonomy":"product_tag","embeddable":true,"href":"https:\/\/roveyayinevi.com.tr\/index.php\/wp-json\/wp\/v2\/product_tag?post=745958"}],"curies":[{"name":"wp","href":"https:\/\/api.w.org\/{rel}","templated":true}]}}