{"id":745955,"date":"2025-08-28T02:31:36","date_gmt":"2025-08-27T23:31:36","guid":{"rendered":"https:\/\/roveyayinevi.com.tr\/index.php\/urun\/kirli-gece\/"},"modified":"2026-04-16T02:58:25","modified_gmt":"2026-04-15T23:58:25","slug":"kirli-gece","status":"publish","type":"product","link":"https:\/\/roveyayinevi.com.tr\/index.php\/urun\/kirli-gece\/","title":{"rendered":"Kirli Gece"},"content":{"rendered":"<p>Nedensellikten kurtulsak m\u0131 ha sen ne dersin? Hi\u00e7bir anlam aramasak, var olduysak ya da var oldu\u011fumuzu san\u0131yorsak, bizi her kim \u00fcrettiyse, her neyse i\u015fte durum, buna teslim olsak, asla idrakine varamayaca\u011f\u0131m\u0131z ilk nedeni d\u00fc\u015f\u00fcnmesek, sadece g\u00fczelliklere odaklansak ve var olmaya devam etsek?Hayata tutunabilmek i\u00e7in \u00e7ocukluk y\u0131llar\u0131ndan beri su\u00e7 ve su\u00e7lularla i\u00e7 i\u00e7e bir ya\u015fam kuran firari Fethi, bir g\u00fcn gazetede karde\u015finin foto\u011fraf\u0131n\u0131 ve &#8220;ameliyat paras\u0131n\u0131 bulamazsa \u00f6lecek&#8221; haberini g\u00f6r\u00fcnce bunun bir sava\u015f ilan\u0131 oldu\u011funu d\u00fc\u015f\u00fcn\u00fcr. Karde\u015fini kurtarabilecek pahal\u0131 ameliyat\u0131n paras\u0131n\u0131 bulmak i\u00e7in zorlu bir plan yapar.Kirli Gece, onun bu zorluklar ve s\u00fcrprizlerle dolu, ayn\u0131 zamanda sistemden kendine has y\u00f6ntemlerle \u00f6c\u00fcn\u00fc alaca\u011f\u0131 plan\u0131n\u0131 uygulamas\u0131n\u0131 anlat\u0131r. Fethi roman boyunca bir yandan plan\u0131 i\u00e7in \u00e7abalar, di\u011fer yandan da zihnindeki kar\u0131\u015f\u0131kl\u0131k, tedirginlik ve \u00f6fkeyle; \u015fehriyle, ailesiyle, hi\u00e7 unutamad\u0131\u011f\u0131 kad\u0131nla ve kendisiyle y\u00fczle\u015fir. Hik\u00e2yenin \u00e7oksesli ak\u0131\u015f\u0131na Fethi, Can, Hattat Ali gibi karakterlerin ve \u015fehirdeki bir\u00e7ok isimsiz kahraman\u0131n i\u00e7sesi s\u0131zar.Zaman\u0131n \u00e7izgisel ak\u0131\u015f\u0131n\u0131n bozuldu\u011fu, mek\u00e2n alg\u0131s\u0131n\u0131n alt\u00fcst edildi\u011fi, ideal kahramanlar yerine anti-kahramanlar\u0131n \u00f6ne \u00e7\u0131kt\u0131\u011f\u0131, al\u0131\u015f\u0131lm\u0131\u015f\u0131n kar\u015f\u0131s\u0131nda sert ve lirik aras\u0131nda gidip gelen bir dilin kullan\u0131ld\u0131\u011f\u0131, merak uyand\u0131ran, doyurucu bir metin. <\/p>\n","protected":false},"excerpt":{"rendered":"<p>Nedensellikten kurtulsak m\u0131 ha sen ne dersin? Hi\u00e7bir anlam aramasak, var olduysak ya da var oldu\u011fumuzu san\u0131yorsak, bizi her kim \u00fcrettiyse, her neyse i\u015fte durum, buna<span class=\"excerpt-hellip\"> [\u2026]<\/span><\/p>\n","protected":false},"featured_media":0,"template":"","meta":{"_monsterinsights_skip_tracking":false,"_monsterinsights_sitenote_active":false,"_monsterinsights_sitenote_note":"","_monsterinsights_sitenote_category":0},"product_brand":[],"product_cat":[12291,12711],"product_tag":[],"class_list":{"0":"post-745955","1":"product","2":"type-product","3":"status-publish","5":"product_cat-edebiyat","6":"product_cat-roman-oyku","7":"pa_cilt-ciltsiz","8":"pa_tur-kitap","9":"pa_yayinevi-altin-kitaplar","10":"pa_yazar-selahattin-nehir","12":"first","13":"instock","14":"sale","15":"shipping-taxable","16":"purchasable","17":"product-type-simple"},"_links":{"self":[{"href":"https:\/\/roveyayinevi.com.tr\/index.php\/wp-json\/wp\/v2\/product\/745955","targetHints":{"allow":["GET"]}}],"collection":[{"href":"https:\/\/roveyayinevi.com.tr\/index.php\/wp-json\/wp\/v2\/product"}],"about":[{"href":"https:\/\/roveyayinevi.com.tr\/index.php\/wp-json\/wp\/v2\/types\/product"}],"wp:attachment":[{"href":"https:\/\/roveyayinevi.com.tr\/index.php\/wp-json\/wp\/v2\/media?parent=745955"}],"wp:term":[{"taxonomy":"product_brand","embeddable":true,"href":"https:\/\/roveyayinevi.com.tr\/index.php\/wp-json\/wp\/v2\/product_brand?post=745955"},{"taxonomy":"product_cat","embeddable":true,"href":"https:\/\/roveyayinevi.com.tr\/index.php\/wp-json\/wp\/v2\/product_cat?post=745955"},{"taxonomy":"product_tag","embeddable":true,"href":"https:\/\/roveyayinevi.com.tr\/index.php\/wp-json\/wp\/v2\/product_tag?post=745955"}],"curies":[{"name":"wp","href":"https:\/\/api.w.org\/{rel}","templated":true}]}}