{"id":745954,"date":"2025-08-28T02:31:35","date_gmt":"2025-08-27T23:31:35","guid":{"rendered":"https:\/\/roveyayinevi.com.tr\/index.php\/urun\/yiyin-efendiler\/"},"modified":"2026-04-16T02:58:25","modified_gmt":"2026-04-15T23:58:25","slug":"yiyin-efendiler","status":"publish","type":"product","link":"https:\/\/roveyayinevi.com.tr\/index.php\/urun\/yiyin-efendiler\/","title":{"rendered":"Yiyin Efendiler"},"content":{"rendered":"<p>\u201cBir milletin paras\u0131n\u0131 kontrol eden, o milleti de kontrol eder.\u201d \u2013 E. Garfield   Ekonomi t\u0131pk\u0131 din gibi&#8230; Ne kadar anla\u015f\u0131lmazsa o kadar makbul. \u00c7\u00fcnk\u00fc insanlar basit ger\u00e7ekleri g\u00f6r\u00fcrse, yap\u0131lan \u00fc\u00e7k\u00e2\u011f\u0131d\u0131 fark eder ve b\u00fct\u00fcn oyun bozulur. Ekonomik sisteme yak\u0131\u015ft\u0131r\u0131lan karma\u015f\u0131kl\u0131k maskesi, insanl\u0131\u011f\u0131n katlanmak zorunda kald\u0131\u011f\u0131 en fel\u00e7 edici yap\u0131y\u0131 gizlemek \u00fczere tasarlanm\u0131\u015f b\u00fcy\u00fck bir tezg\u00e2ht\u0131r. Ve bu tezg\u00e2h o kadar iyi kurgulan\u0131r ki toplumdaki her birey kaderine raz\u0131 olur. Youtube\u2019da y\u00fcz binlerce takip\u00e7isi olan ekonomist Sel\u00e7uk Ge\u00e7er, kurumsalla\u015famayan devlet sisteminin, iktidara g\u00f6re de\u011fi\u015fen ekonomi politikalar\u0131n\u0131n bizleri s\u0131radan bir ekonomik kriz yerine nas\u0131l derin bir buhrana do\u011fru s\u00fcr\u00fckledi\u011fini g\u00f6zler \u00f6n\u00fcne seriyor; ne oldu da bu noktaya geldik, ba\u015f\u0131m\u0131za gelen her \u015fey d\u0131\u015f g\u00fc\u00e7lerin oyunu mu, hi\u00e7 g\u00fcn y\u00fcz\u00fc g\u00f6rebilecek miyiz gibi bu topraklara dair temel sorular\u0131 herkesin anlayabilece\u011fi bir dille cevapl\u0131yor. <\/p>\n","protected":false},"excerpt":{"rendered":"<p>\u201cBir milletin paras\u0131n\u0131 kontrol eden, o milleti de kontrol eder.\u201d \u2013 E. Garfield Ekonomi t\u0131pk\u0131 din gibi&#8230; Ne kadar anla\u015f\u0131lmazsa o kadar makbul. \u00c7\u00fcnk\u00fc insanlar basit<span class=\"excerpt-hellip\"> [\u2026]<\/span><\/p>\n","protected":false},"featured_media":0,"template":"","meta":{"_monsterinsights_skip_tracking":false,"_monsterinsights_sitenote_active":false,"_monsterinsights_sitenote_note":"","_monsterinsights_sitenote_category":0},"product_brand":[],"product_cat":[14841,13043],"product_tag":[],"class_list":{"0":"post-745954","1":"product","2":"type-product","3":"status-publish","5":"product_cat-arastirma-inceleme-kuram","6":"product_cat-ekonomi","7":"pa_cilt-ciltsiz","8":"pa_tur-kitap","9":"pa_yayinevi-destek-yayinlari","10":"pa_yazar-selcuk-gecer","12":"first","13":"instock","14":"sale","15":"shipping-taxable","16":"purchasable","17":"product-type-simple"},"_links":{"self":[{"href":"https:\/\/roveyayinevi.com.tr\/index.php\/wp-json\/wp\/v2\/product\/745954","targetHints":{"allow":["GET"]}}],"collection":[{"href":"https:\/\/roveyayinevi.com.tr\/index.php\/wp-json\/wp\/v2\/product"}],"about":[{"href":"https:\/\/roveyayinevi.com.tr\/index.php\/wp-json\/wp\/v2\/types\/product"}],"wp:attachment":[{"href":"https:\/\/roveyayinevi.com.tr\/index.php\/wp-json\/wp\/v2\/media?parent=745954"}],"wp:term":[{"taxonomy":"product_brand","embeddable":true,"href":"https:\/\/roveyayinevi.com.tr\/index.php\/wp-json\/wp\/v2\/product_brand?post=745954"},{"taxonomy":"product_cat","embeddable":true,"href":"https:\/\/roveyayinevi.com.tr\/index.php\/wp-json\/wp\/v2\/product_cat?post=745954"},{"taxonomy":"product_tag","embeddable":true,"href":"https:\/\/roveyayinevi.com.tr\/index.php\/wp-json\/wp\/v2\/product_tag?post=745954"}],"curies":[{"name":"wp","href":"https:\/\/api.w.org\/{rel}","templated":true}]}}