{"id":745952,"date":"2025-08-28T02:31:32","date_gmt":"2025-08-27T23:31:32","guid":{"rendered":"https:\/\/roveyayinevi.com.tr\/index.php\/urun\/utanc-3\/"},"modified":"2026-04-16T02:58:25","modified_gmt":"2026-04-15T23:58:25","slug":"utanc-3","status":"publish","type":"product","link":"https:\/\/roveyayinevi.com.tr\/index.php\/urun\/utanc-3\/","title":{"rendered":"Utan\u00e7"},"content":{"rendered":"<p>\u201cBir kad\u0131n olarak kentim yok. Bir kad\u0131n olarak kentim t\u00fcm d\u00fcnya&#8230;\u201d \u2013 Virginia Woolf   Utanc\u0131n kuca\u011f\u0131nda kaybolan, susmak zorunda kalan hatta b\u0131rak\u0131lan t\u00fcm insanlar ve ya\u015famlar i\u00e7in&#8230; Bir \u00fcmit \u0131\u015f\u0131\u011f\u0131 ve bir \u00e7\u0131kar yol i\u00e7in&#8230; Anlaman\u0131n ve anlatman\u0131n g\u00fcc\u00fcne inanmak ve inand\u0131rmak i\u00e7in&#8230; T\u00fcm kalbimle ve yetmeye \u00e7abalayan s\u00f6zc\u00fcklerimle&#8230; <\/p>\n","protected":false},"excerpt":{"rendered":"<p>\u201cBir kad\u0131n olarak kentim yok. Bir kad\u0131n olarak kentim t\u00fcm d\u00fcnya&#8230;\u201d \u2013 Virginia Woolf Utanc\u0131n kuca\u011f\u0131nda kaybolan, susmak zorunda kalan hatta b\u0131rak\u0131lan t\u00fcm insanlar ve ya\u015famlar<span class=\"excerpt-hellip\"> [\u2026]<\/span><\/p>\n","protected":false},"featured_media":0,"template":"","meta":{"_monsterinsights_skip_tracking":false,"_monsterinsights_sitenote_active":false,"_monsterinsights_sitenote_note":"","_monsterinsights_sitenote_category":0},"product_brand":[],"product_cat":[13072,12291],"product_tag":[],"class_list":{"0":"post-745952","1":"product","2":"type-product","3":"status-publish","5":"product_cat-arastirma-inceleme-referans","6":"product_cat-edebiyat","7":"pa_cilt-ciltsiz","8":"pa_tur-kitap","9":"pa_yayinevi-destek-yayinlari","10":"pa_yazar-gokcen-erdogan","12":"first","13":"instock","14":"sale","15":"shipping-taxable","16":"purchasable","17":"product-type-simple"},"_links":{"self":[{"href":"https:\/\/roveyayinevi.com.tr\/index.php\/wp-json\/wp\/v2\/product\/745952","targetHints":{"allow":["GET"]}}],"collection":[{"href":"https:\/\/roveyayinevi.com.tr\/index.php\/wp-json\/wp\/v2\/product"}],"about":[{"href":"https:\/\/roveyayinevi.com.tr\/index.php\/wp-json\/wp\/v2\/types\/product"}],"wp:attachment":[{"href":"https:\/\/roveyayinevi.com.tr\/index.php\/wp-json\/wp\/v2\/media?parent=745952"}],"wp:term":[{"taxonomy":"product_brand","embeddable":true,"href":"https:\/\/roveyayinevi.com.tr\/index.php\/wp-json\/wp\/v2\/product_brand?post=745952"},{"taxonomy":"product_cat","embeddable":true,"href":"https:\/\/roveyayinevi.com.tr\/index.php\/wp-json\/wp\/v2\/product_cat?post=745952"},{"taxonomy":"product_tag","embeddable":true,"href":"https:\/\/roveyayinevi.com.tr\/index.php\/wp-json\/wp\/v2\/product_tag?post=745952"}],"curies":[{"name":"wp","href":"https:\/\/api.w.org\/{rel}","templated":true}]}}