{"id":745950,"date":"2025-08-28T02:31:30","date_gmt":"2025-08-27T23:31:30","guid":{"rendered":"https:\/\/roveyayinevi.com.tr\/index.php\/urun\/kurtarici-misin-kurban-mi\/"},"modified":"2026-04-16T02:58:25","modified_gmt":"2026-04-15T23:58:25","slug":"kurtarici-misin-kurban-mi","status":"publish","type":"product","link":"https:\/\/roveyayinevi.com.tr\/index.php\/urun\/kurtarici-misin-kurban-mi\/","title":{"rendered":"Kurtar\u0131c\u0131 M\u0131s\u0131n Kurban M\u0131?"},"content":{"rendered":"<p>\u201cBa\u015fkas\u0131n\u0131 memnun ederek mutlu olmaya \u00e7al\u0131\u015fmak mutsuzlu\u011fun kendisidir.\u201d   Kendi ihtiya\u00e7lar\u0131nla ve isteklerinle y\u00fczle\u015fmemek ad\u0131na ba\u015fkalar\u0131n\u0131n sorunlar\u0131yla ve beklentileriyle kendini me\u015fgul m\u00fc ediyorsun? K\u00fc\u00e7\u00fck ya\u015ftan itibaren ba\u015f\u0131n\u0131n \u00e7aresine bakmak zorunda kald\u0131\u011f\u0131n i\u00e7in hep g\u00fc\u00e7l\u00fc maskesiyle mi dola\u015f\u0131yorsun? Hata yapmaktan, sorumluluk almaktan ka\u00e7t\u0131\u011f\u0131n i\u00e7in kurban rol\u00fcyle kendini g\u00fcvende hissediyor olabilir misin? \u0130nsanlara hay\u0131r diyemedik\u00e7e daha \u00e7ok \u00fcst\u00fcne geldiklerini g\u00f6r\u00fcyor musun? Peki fedak\u00e2rl\u0131klar\u0131n\u0131n zamanla g\u00f6reve d\u00f6n\u00fc\u015ft\u00fc\u011f\u00fcn\u00fcn ne kadar fark\u0131ndas\u0131n? Belki de sevgi deposunun bo\u015flu\u011funu ba\u015fkalar\u0131n\u0131n takdir ve te\u015fekk\u00fcrleriyle doldurmaya \u00e7al\u0131\u015f\u0131yorsun ama her sabah yine bo\u015f bir depoyla uyan\u0131yorsun. \u0130nsanlar\u0131n hayat\u0131nda kurtar\u0131c\u0131 oldu\u011funu zannederken belki de bir kurban oldu\u011funu gizliyorsun. Kurban-kurtar\u0131c\u0131-zorba \u00fc\u00e7geninde hayat\u0131n\u0131 t\u00fcketiyor, oyunun d\u0131\u015f\u0131nda kalmamak pahas\u0131na kendinden ve hayallerinden vazge\u00e7iyorsun. Benimsedi\u011fin ki\u015fisel senaryonun yanl\u0131\u015f yaz\u0131ld\u0131\u011f\u0131n\u0131, sana ait olmayan hik\u00e2yelerin i\u00e7inde kaybolup gitti\u011fini g\u00f6rmeye haz\u0131r m\u0131s\u0131n? Sana zarar verenler en yak\u0131nlar\u0131n dahi olsa s\u0131n\u0131r \u00e7izmenin vakti geldi. Art\u0131k kurtar\u0131c\u0131l\u0131ktan kurtulman\u0131n ve kendi ya\u015fam\u0131na sahip \u00e7\u0131kman\u0131n zaman\u0131&#8230; Unutma oyundan \u00e7\u0131k\u0131\u015f\u0131n \u00f6d\u00fcl\u00fc \u00e7ok daha de\u011ferlidir: Kendini kazan\u0131rs\u0131n! <\/p>\n","protected":false},"excerpt":{"rendered":"<p>\u201cBa\u015fkas\u0131n\u0131 memnun ederek mutlu olmaya \u00e7al\u0131\u015fmak mutsuzlu\u011fun kendisidir.\u201d Kendi ihtiya\u00e7lar\u0131nla ve isteklerinle y\u00fczle\u015fmemek ad\u0131na ba\u015fkalar\u0131n\u0131n sorunlar\u0131yla ve beklentileriyle kendini me\u015fgul m\u00fc ediyorsun? K\u00fc\u00e7\u00fck ya\u015ftan itibaren ba\u015f\u0131n\u0131n<span class=\"excerpt-hellip\"> [\u2026]<\/span><\/p>\n","protected":false},"featured_media":0,"template":"","meta":{"_monsterinsights_skip_tracking":false,"_monsterinsights_sitenote_active":false,"_monsterinsights_sitenote_note":"","_monsterinsights_sitenote_category":0},"product_brand":[],"product_cat":[12358,12357],"product_tag":[],"class_list":{"0":"post-745950","1":"product","2":"type-product","3":"status-publish","5":"product_cat-genel-psikoloji","6":"product_cat-psikoloji","7":"pa_cilt-ciltsiz","8":"pa_tur-kitap","9":"pa_yayinevi-destek-yayinlari","10":"pa_yazar-serhat-yabanci","12":"first","13":"instock","14":"sale","15":"shipping-taxable","16":"purchasable","17":"product-type-simple"},"_links":{"self":[{"href":"https:\/\/roveyayinevi.com.tr\/index.php\/wp-json\/wp\/v2\/product\/745950","targetHints":{"allow":["GET"]}}],"collection":[{"href":"https:\/\/roveyayinevi.com.tr\/index.php\/wp-json\/wp\/v2\/product"}],"about":[{"href":"https:\/\/roveyayinevi.com.tr\/index.php\/wp-json\/wp\/v2\/types\/product"}],"wp:attachment":[{"href":"https:\/\/roveyayinevi.com.tr\/index.php\/wp-json\/wp\/v2\/media?parent=745950"}],"wp:term":[{"taxonomy":"product_brand","embeddable":true,"href":"https:\/\/roveyayinevi.com.tr\/index.php\/wp-json\/wp\/v2\/product_brand?post=745950"},{"taxonomy":"product_cat","embeddable":true,"href":"https:\/\/roveyayinevi.com.tr\/index.php\/wp-json\/wp\/v2\/product_cat?post=745950"},{"taxonomy":"product_tag","embeddable":true,"href":"https:\/\/roveyayinevi.com.tr\/index.php\/wp-json\/wp\/v2\/product_tag?post=745950"}],"curies":[{"name":"wp","href":"https:\/\/api.w.org\/{rel}","templated":true}]}}