{"id":745948,"date":"2025-08-28T02:31:28","date_gmt":"2025-08-27T23:31:28","guid":{"rendered":"https:\/\/roveyayinevi.com.tr\/index.php\/urun\/koklerimiz-mirasimizdir\/"},"modified":"2026-04-16T02:58:25","modified_gmt":"2026-04-15T23:58:25","slug":"koklerimiz-mirasimizdir","status":"publish","type":"product","link":"https:\/\/roveyayinevi.com.tr\/index.php\/urun\/koklerimiz-mirasimizdir\/","title":{"rendered":"K\u00f6klerimiz Miras\u0131m\u0131zd\u0131r"},"content":{"rendered":"<p>A\u0130LE D\u0130Z\u0130M\u0130 G\u00d6R\u00dcNENE BAKIP G\u00d6R\u00dcNMEYEN\u0130 ANLAMA SANATIDIR. \u25c6 Para kazanmakta zorlan\u0131yor ya da bor\u00e7lar\u0131n\u0131zdan bir t\u00fcrl\u00fc kurtulam\u0131yor musunuz? \u25c6 \u0130li\u015fkilerinizde s\u00fcrekli h\u00fcsrana m\u0131 u\u011fruyorsunuz? \u25c6 Ya\u015fad\u0131\u011f\u0131n\u0131z toplumdan ya da ailenizden d\u0131\u015fland\u0131n\u0131z m\u0131? \u25c6 Hi\u00e7bir sa\u011fl\u0131k sorununuz olmamas\u0131na ra\u011fmen \u00e7ocuk sahibi olam\u0131yor musunuz? \u25c6 Kendinizi bu d\u00fcnyaya ait hissedemiyor ya da istemedi\u011finiz bir hayat\u0131 m\u0131 ya\u015f\u0131yorsunuz?   Elinizden gelen her \u015feyi yapman\u0131za ra\u011fmen bir t\u00fcrl\u00fc arzu etti\u011finiz hayata ula\u015famaman\u0131n alt\u0131nda g\u00f6r\u00fcnmeyen etkiler olabilir. \u0130\u00e7ine do\u011fdu\u011funuz ailenin ge\u00e7mi\u015ften getirdi\u011fi travmalar\u0131 anlad\u0131\u011f\u0131n\u0131zda sizi yoran ve bilin\u00e7li olarak \u00e7\u00f6zemedi\u011finiz sorunlar\u0131n y\u00fck\u00fc kaybolur. Aile Dizimi\u2019nin T\u00fcrkiye\u2019deki babas\u0131 olarak nitelenen Uzman Klinik Psikolog Tuna T\u00fcner bu kitapla Aile Dizimi\u2019nin bilinmeyenlerini anlat\u0131yor. Aile Dizimi\u2019nin ne oldu\u011funu, nas\u0131l \u00e7al\u0131\u015ft\u0131\u011f\u0131n\u0131, hangi alanlarda etkili oldu\u011funu 15 y\u0131ll\u0131k tecr\u00fcbesiyle ve ger\u00e7ek vaka \u00e7\u00f6z\u00fcmlemeleriyle aktar\u0131yor. Tekni\u011fin anayasas\u0131n\u0131 b\u00fcy\u00fck bir c\u00f6mertlikle payla\u015f\u0131yor. Hem terapiden yararlanmak isteyenler hem de alanda \u00e7al\u0131\u015fan uygulay\u0131c\u0131lar i\u00e7in bir rehber niteli\u011finde olan bu kitab\u0131 okuduktan sonra size miras kalan kaderi de\u011fi\u015ftirmeniz imk\u00e2ns\u0131z olmayacak. <\/p>\n","protected":false},"excerpt":{"rendered":"<p>A\u0130LE D\u0130Z\u0130M\u0130 G\u00d6R\u00dcNENE BAKIP G\u00d6R\u00dcNMEYEN\u0130 ANLAMA SANATIDIR. \u25c6 Para kazanmakta zorlan\u0131yor ya da bor\u00e7lar\u0131n\u0131zdan bir t\u00fcrl\u00fc kurtulam\u0131yor musunuz? \u25c6 \u0130li\u015fkilerinizde s\u00fcrekli h\u00fcsrana m\u0131 u\u011fruyorsunuz? \u25c6 Ya\u015fad\u0131\u011f\u0131n\u0131z<span class=\"excerpt-hellip\"> [\u2026]<\/span><\/p>\n","protected":false},"featured_media":0,"template":"","meta":{"_monsterinsights_skip_tracking":false,"_monsterinsights_sitenote_active":false,"_monsterinsights_sitenote_note":"","_monsterinsights_sitenote_category":0},"product_brand":[],"product_cat":[12358,12357],"product_tag":[],"class_list":{"0":"post-745948","1":"product","2":"type-product","3":"status-publish","5":"product_cat-genel-psikoloji","6":"product_cat-psikoloji","7":"pa_cilt-ciltsiz","8":"pa_tur-kitap","9":"pa_yayinevi-destek-yayinlari","10":"pa_yazar-tuna-tuner","12":"first","13":"instock","14":"sale","15":"shipping-taxable","16":"purchasable","17":"product-type-simple"},"_links":{"self":[{"href":"https:\/\/roveyayinevi.com.tr\/index.php\/wp-json\/wp\/v2\/product\/745948","targetHints":{"allow":["GET"]}}],"collection":[{"href":"https:\/\/roveyayinevi.com.tr\/index.php\/wp-json\/wp\/v2\/product"}],"about":[{"href":"https:\/\/roveyayinevi.com.tr\/index.php\/wp-json\/wp\/v2\/types\/product"}],"wp:attachment":[{"href":"https:\/\/roveyayinevi.com.tr\/index.php\/wp-json\/wp\/v2\/media?parent=745948"}],"wp:term":[{"taxonomy":"product_brand","embeddable":true,"href":"https:\/\/roveyayinevi.com.tr\/index.php\/wp-json\/wp\/v2\/product_brand?post=745948"},{"taxonomy":"product_cat","embeddable":true,"href":"https:\/\/roveyayinevi.com.tr\/index.php\/wp-json\/wp\/v2\/product_cat?post=745948"},{"taxonomy":"product_tag","embeddable":true,"href":"https:\/\/roveyayinevi.com.tr\/index.php\/wp-json\/wp\/v2\/product_tag?post=745948"}],"curies":[{"name":"wp","href":"https:\/\/api.w.org\/{rel}","templated":true}]}}