{"id":745947,"date":"2025-08-28T02:31:27","date_gmt":"2025-08-27T23:31:27","guid":{"rendered":"https:\/\/roveyayinevi.com.tr\/index.php\/urun\/afet-direnci-kapsaminda-calismalar-ii\/"},"modified":"2026-04-16T02:58:25","modified_gmt":"2026-04-15T23:58:25","slug":"afet-direnci-kapsaminda-calismalar-ii","status":"publish","type":"product","link":"https:\/\/roveyayinevi.com.tr\/index.php\/urun\/afet-direnci-kapsaminda-calismalar-ii\/","title":{"rendered":"Afet Direnci Kapsam\u0131nda \u00c7al\u0131\u015fmalar &#8211; II"},"content":{"rendered":"<p>B\u0130R\u0130NC\u0130 B\u00d6L\u00dcM \u0130nsan Kaynakl\u0131 Bir Afet Olarak Rusya Ukrayna Sava\u015f\u0131n\u0131n Ekonomik Etkileri   \u0130K\u0130NC\u0130 B\u00d6L\u00dcM S\u00fcrd\u00fcr\u00fclebilir Kalk\u0131nma Hedefleri Ba\u011flam\u0131nda Afet Direnci ve Yoksulluk Aras\u0131ndaki \u0130li\u015fkinin \u0130ncelenmesi   \u00dc\u00c7\u00dcNC\u00dc B\u00d6L\u00dcM Afet Y\u00f6netimi Kapsam\u0131nda Uygulama Alan\u0131 T\u00fcrkiye Olan \u00c7ok Kriterli Karar Verme \u00c7al\u0131\u015fmalar\u0131n\u0131n De\u011ferlendirilmesi   D\u00d6RD\u00dcNC\u00dc B\u00d6L\u00dcM T\u00fcrkiye\u2018de \u0130klim De\u011fi\u015fikli\u011fi ve K\u00fclt\u00fcrel Miras: Mevcut Politikalar\u0131n K\u0131sa Bir De\u011ferlendirmesi   BE\u015e\u0130NC\u0130 B\u00d6L\u00dcM Afetlerde Psikolojik Diren\u00e7   ALTINCI B\u00d6L\u00dcM Afetler ve Stres   YED\u0130NC\u0130 B\u00d6L\u00dcM Afet Olaylar\u0131nda Lojistik Y\u00f6netimi SEK\u0130Z\u0130NC\u0130 B\u00d6L\u00dcM Erzincan \u0130linin Do\u011fa Kaynakl\u0131 Afet Riskleri ve Y\u00f6netimi   DOKUZUNCU B\u00d6L\u00dcM \u00c7ekirge \u0130stilas\u0131n\u0131n K\u00fcresel Etkileri: S\u00fcrd\u00fcr\u00fclebilir \u00c7\u00f6z\u00fcmler ve Y\u00f6netim Stratejileri   ONUNCU B\u00d6L\u00dcM KBRN Olaylar\u0131na Kar\u015f\u0131 Kurumlar\u0131n Bilgi, E\u011fitim ve Tatbikat \u0130htiya\u00e7lar\u0131n\u0131 Belirleme \u00c7al\u0131\u015fmas\u0131: G\u00fcm\u00fc\u015fhane ve Trabzon \u0130lleri \u00d6rne\u011fi   ONB\u0130R\u0130NC\u0130 B\u00d6L\u00dcM Afetlerin \u00c7evre Diren\u00e7lili\u011fine Etkisi   ON\u0130K\u0130NC\u0130 B\u00d6L\u00dcM Yang\u0131n G\u00fcvenli\u011fi Kapsam\u0131nda Yang\u0131n Verilerinin Kullan\u0131m\u0131 <\/p>\n","protected":false},"excerpt":{"rendered":"<p>B\u0130R\u0130NC\u0130 B\u00d6L\u00dcM \u0130nsan Kaynakl\u0131 Bir Afet Olarak Rusya Ukrayna Sava\u015f\u0131n\u0131n Ekonomik Etkileri \u0130K\u0130NC\u0130 B\u00d6L\u00dcM S\u00fcrd\u00fcr\u00fclebilir Kalk\u0131nma Hedefleri Ba\u011flam\u0131nda Afet Direnci ve Yoksulluk Aras\u0131ndaki \u0130li\u015fkinin \u0130ncelenmesi \u00dc\u00c7\u00dcNC\u00dc<span class=\"excerpt-hellip\"> [\u2026]<\/span><\/p>\n","protected":false},"featured_media":0,"template":"","meta":{"_monsterinsights_skip_tracking":false,"_monsterinsights_sitenote_active":false,"_monsterinsights_sitenote_note":"","_monsterinsights_sitenote_category":0},"product_brand":[],"product_cat":[12573,12566],"product_tag":[],"class_list":{"0":"post-745947","1":"product","2":"type-product","3":"status-publish","5":"product_cat-akademik-kitaplar","6":"product_cat-egitim","7":"pa_cilt-ciltsiz","8":"pa_tur-kitap","9":"pa_yayinevi-gazi-kitabevi","10":"pa_yazar-kolektif","12":"first","13":"instock","14":"sale","15":"shipping-taxable","16":"purchasable","17":"product-type-simple"},"_links":{"self":[{"href":"https:\/\/roveyayinevi.com.tr\/index.php\/wp-json\/wp\/v2\/product\/745947","targetHints":{"allow":["GET"]}}],"collection":[{"href":"https:\/\/roveyayinevi.com.tr\/index.php\/wp-json\/wp\/v2\/product"}],"about":[{"href":"https:\/\/roveyayinevi.com.tr\/index.php\/wp-json\/wp\/v2\/types\/product"}],"wp:attachment":[{"href":"https:\/\/roveyayinevi.com.tr\/index.php\/wp-json\/wp\/v2\/media?parent=745947"}],"wp:term":[{"taxonomy":"product_brand","embeddable":true,"href":"https:\/\/roveyayinevi.com.tr\/index.php\/wp-json\/wp\/v2\/product_brand?post=745947"},{"taxonomy":"product_cat","embeddable":true,"href":"https:\/\/roveyayinevi.com.tr\/index.php\/wp-json\/wp\/v2\/product_cat?post=745947"},{"taxonomy":"product_tag","embeddable":true,"href":"https:\/\/roveyayinevi.com.tr\/index.php\/wp-json\/wp\/v2\/product_tag?post=745947"}],"curies":[{"name":"wp","href":"https:\/\/api.w.org\/{rel}","templated":true}]}}