{"id":745944,"date":"2025-08-28T02:31:24","date_gmt":"2025-08-27T23:31:24","guid":{"rendered":"https:\/\/roveyayinevi.com.tr\/index.php\/urun\/elit-alp-disiplini-kayakcilarin-bacak-gucu-ile-goz-el-ve-ayak-tercihlerinin-yaris-performanslarina-etkisi\/"},"modified":"2026-04-16T02:58:25","modified_gmt":"2026-04-15T23:58:25","slug":"elit-alp-disiplini-kayakcilarin-bacak-gucu-ile-goz-el-ve-ayak-tercihlerinin-yaris-performanslarina-etkisi","status":"publish","type":"product","link":"https:\/\/roveyayinevi.com.tr\/index.php\/urun\/elit-alp-disiplini-kayakcilarin-bacak-gucu-ile-goz-el-ve-ayak-tercihlerinin-yaris-performanslarina-etkisi\/","title":{"rendered":"Elit Alp Disiplini Kayak\u00e7\u0131lar\u0131n Bacak G\u00fcc\u00fc ile G\u00f6z, El ve Ayak Tercihlerinin Yar\u0131\u015f Performanslar\u0131na Etkisi"},"content":{"rendered":"<p>1. G\u0130R\u0130\u015e 2. GENEL B\u0130LG\u0130LER 2.1.Kayak Sporunun Tarih\u00e7esi 2.1.1. T\u00fcrklerde Kayak 2.2. Alp Disiplini 2.2.1. Slalom (SL) 2.2.2. B\u00fcy\u00fck Slalom (GS) 2.2.3. S\u00fcper B\u00fcy\u00fck Slalom (SG) 2.2.4. \u0130ni\u015f (DH) 2.2.5. S\u00fcper Kombine (SC) 2.3. G\u00fc\u00e7 ve Kuvvet 2.4. H\u0131z 2.4.1. H\u0131z\u0131n T\u00fcrleri 2.5. Denge 2.6. \u00c7eviklik 2.7. Lateralizasyon 2.7.1. Serabral Lateralizasyon ve Tarihi Geli\u015fimi 2.7.2. Hemisferlerde Anatomik Asimetri 2.7.3. Fonksiyonel Lateralizasyon. 2.7.4. Sa\u011f Hemisferin \u00d6zellikleri <\/p>\n","protected":false},"excerpt":{"rendered":"<p>1. G\u0130R\u0130\u015e 2. GENEL B\u0130LG\u0130LER 2.1.Kayak Sporunun Tarih\u00e7esi 2.1.1. T\u00fcrklerde Kayak 2.2. Alp Disiplini 2.2.1. Slalom (SL) 2.2.2. B\u00fcy\u00fck Slalom (GS) 2.2.3. S\u00fcper B\u00fcy\u00fck Slalom (SG)<span class=\"excerpt-hellip\"> [\u2026]<\/span><\/p>\n","protected":false},"featured_media":0,"template":"","meta":{"_monsterinsights_skip_tracking":false,"_monsterinsights_sitenote_active":false,"_monsterinsights_sitenote_note":"","_monsterinsights_sitenote_category":0},"product_brand":[],"product_cat":[15563,15564],"product_tag":[],"class_list":{"0":"post-745944","1":"product","2":"type-product","3":"status-publish","5":"product_cat-hobi","6":"product_cat-spor","7":"pa_cilt-ciltsiz","8":"pa_tur-kitap","9":"pa_yayinevi-gazi-kitabevi","10":"pa_yazar-mursit-ceyhun-birinci-seydi-ahmet-agaoglu","12":"first","13":"instock","14":"sale","15":"shipping-taxable","16":"purchasable","17":"product-type-simple"},"_links":{"self":[{"href":"https:\/\/roveyayinevi.com.tr\/index.php\/wp-json\/wp\/v2\/product\/745944","targetHints":{"allow":["GET"]}}],"collection":[{"href":"https:\/\/roveyayinevi.com.tr\/index.php\/wp-json\/wp\/v2\/product"}],"about":[{"href":"https:\/\/roveyayinevi.com.tr\/index.php\/wp-json\/wp\/v2\/types\/product"}],"wp:attachment":[{"href":"https:\/\/roveyayinevi.com.tr\/index.php\/wp-json\/wp\/v2\/media?parent=745944"}],"wp:term":[{"taxonomy":"product_brand","embeddable":true,"href":"https:\/\/roveyayinevi.com.tr\/index.php\/wp-json\/wp\/v2\/product_brand?post=745944"},{"taxonomy":"product_cat","embeddable":true,"href":"https:\/\/roveyayinevi.com.tr\/index.php\/wp-json\/wp\/v2\/product_cat?post=745944"},{"taxonomy":"product_tag","embeddable":true,"href":"https:\/\/roveyayinevi.com.tr\/index.php\/wp-json\/wp\/v2\/product_tag?post=745944"}],"curies":[{"name":"wp","href":"https:\/\/api.w.org\/{rel}","templated":true}]}}