{"id":745943,"date":"2025-08-28T02:31:23","date_gmt":"2025-08-27T23:31:23","guid":{"rendered":"https:\/\/roveyayinevi.com.tr\/index.php\/urun\/is-analitiginde-yoneylem-arastirmasi-uygulamalari\/"},"modified":"2026-04-16T02:58:25","modified_gmt":"2026-04-15T23:58:25","slug":"is-analitiginde-yoneylem-arastirmasi-uygulamalari","status":"publish","type":"product","link":"https:\/\/roveyayinevi.com.tr\/index.php\/urun\/is-analitiginde-yoneylem-arastirmasi-uygulamalari\/","title":{"rendered":"\u0130\u015f Analiti\u011finde Y\u00f6neylem Ara\u015ft\u0131rmas\u0131 Uygulamalar\u0131"},"content":{"rendered":"<p>\u00b7         Bak\u0131m\u0131n S\u00fcreklili\u011fi ve Transfer Se\u00e7ene\u011fi ile Evde Sa\u011fl\u0131k Atama ve Rotalama Problemi Plithogenic TOPSIS-CRITIC Y\u00f6ntemi ile Perakendeci Web Sitelerinin Performans De\u011ferlendirmesi \u00b7         Finansal Performanslar\u0131n De\u011ferlendirilmesinde Kullan\u0131lan Kriter A\u011f\u0131rl\u0131klar\u0131n\u0131n BWM-FUCOM Y\u00f6ntemleriyle \u0130ncelenmesi \u00b7         K\u00fcresel \u0130novasyon \u0130ndeksi Verilerine G\u00f6re \u00dclkelerin \u0130novasyon Performans\u0131n\u0131n De\u011ferlendirilmesi \u00b7         Analitik Hiyerar\u015fi S\u00fcreci (AHP) ile Personel Se\u00e7im Karar\u0131 Uygulamas\u0131 \u00b7         Yenilenebilir Kaynaklar ile Proje \u00c7izelgeleme: \u0130ki Ama\u00e7l\u0131 Bir Yakla\u015f\u0131m \u00b7         Bir Firman\u0131n Gelece\u011fe Y\u00f6nelik Sat\u0131\u015f Tahminlerinin Mevsimsel \u0130ki De\u011ferli (Dummy) De\u011fi\u015fkenler \u0130\u00e7eren Regresyon Modeli ile Belirlenmesi \u00b7         Ar-Ge Projelerinin Se\u00e7iminde Tamsay\u0131l\u0131 ve Hedef Programlama Modellerinin Kar\u015f\u0131la\u015ft\u0131rmas\u0131   <\/p>\n","protected":false},"excerpt":{"rendered":"<p>\u00b7 Bak\u0131m\u0131n S\u00fcreklili\u011fi ve Transfer Se\u00e7ene\u011fi ile Evde Sa\u011fl\u0131k Atama ve Rotalama Problemi Plithogenic TOPSIS-CRITIC Y\u00f6ntemi ile Perakendeci Web Sitelerinin Performans De\u011ferlendirmesi \u00b7 Finansal Performanslar\u0131n De\u011ferlendirilmesinde<span class=\"excerpt-hellip\"> [\u2026]<\/span><\/p>\n","protected":false},"featured_media":0,"template":"","meta":{"_monsterinsights_skip_tracking":false,"_monsterinsights_sitenote_active":false,"_monsterinsights_sitenote_note":"","_monsterinsights_sitenote_category":0},"product_brand":[],"product_cat":[20333,13043],"product_tag":[],"class_list":{"0":"post-745943","1":"product","2":"type-product","3":"status-publish","5":"product_cat-diger-ekonomi","6":"product_cat-ekonomi","7":"pa_cilt-ciltsiz","8":"pa_tur-kitap","9":"pa_yayinevi-gazi-kitabevi","10":"pa_yazar-kolektif","12":"first","13":"instock","14":"sale","15":"shipping-taxable","16":"purchasable","17":"product-type-simple"},"_links":{"self":[{"href":"https:\/\/roveyayinevi.com.tr\/index.php\/wp-json\/wp\/v2\/product\/745943","targetHints":{"allow":["GET"]}}],"collection":[{"href":"https:\/\/roveyayinevi.com.tr\/index.php\/wp-json\/wp\/v2\/product"}],"about":[{"href":"https:\/\/roveyayinevi.com.tr\/index.php\/wp-json\/wp\/v2\/types\/product"}],"wp:attachment":[{"href":"https:\/\/roveyayinevi.com.tr\/index.php\/wp-json\/wp\/v2\/media?parent=745943"}],"wp:term":[{"taxonomy":"product_brand","embeddable":true,"href":"https:\/\/roveyayinevi.com.tr\/index.php\/wp-json\/wp\/v2\/product_brand?post=745943"},{"taxonomy":"product_cat","embeddable":true,"href":"https:\/\/roveyayinevi.com.tr\/index.php\/wp-json\/wp\/v2\/product_cat?post=745943"},{"taxonomy":"product_tag","embeddable":true,"href":"https:\/\/roveyayinevi.com.tr\/index.php\/wp-json\/wp\/v2\/product_tag?post=745943"}],"curies":[{"name":"wp","href":"https:\/\/api.w.org\/{rel}","templated":true}]}}