{"id":745942,"date":"2025-08-28T02:31:22","date_gmt":"2025-08-27T23:31:22","guid":{"rendered":"https:\/\/roveyayinevi.com.tr\/index.php\/urun\/sporda-psikolojik-duygu-ve-davranislar-spor-karakteri-sportmenlik-rekabetci-saldirganlik-ve-ofke\/"},"modified":"2026-04-16T02:58:25","modified_gmt":"2026-04-15T23:58:25","slug":"sporda-psikolojik-duygu-ve-davranislar-spor-karakteri-sportmenlik-rekabetci-saldirganlik-ve-ofke","status":"publish","type":"product","link":"https:\/\/roveyayinevi.com.tr\/index.php\/urun\/sporda-psikolojik-duygu-ve-davranislar-spor-karakteri-sportmenlik-rekabetci-saldirganlik-ve-ofke\/","title":{"rendered":"Sporda Psikolojik Duygu ve Davran\u0131\u015flar: Spor Karakteri, Sportmenlik, Rekabet\u00e7i Sald\u0131rganl\u0131k ve \u00d6fke"},"content":{"rendered":"<p>1.      SPOR KARAKTER\u0130 2.      SPORTMENL\u0130K 3.      SPORTMENL\u0130K DI\u015eI DAVRANI\u015eLAR 4.      SALDIRGANLIK VE \u00d6FKE 5.      SALDIRGANLI\u011eI AZALTMA 6.      SPORDA REKABET\u00c7\u0130 SALDIRGANLIK 7.      SPORDA REKABET\u00c7\u0130 \u00d6FKE 8.      SPORDA \u00d6FKE VE AGRES\u0130F DAVRANI\u015e Y\u00d6NET\u0130M\u0130   <\/p>\n","protected":false},"excerpt":{"rendered":"<p>1. SPOR KARAKTER\u0130 2. SPORTMENL\u0130K 3. SPORTMENL\u0130K DI\u015eI DAVRANI\u015eLAR 4. SALDIRGANLIK VE \u00d6FKE 5. SALDIRGANLI\u011eI AZALTMA 6. SPORDA REKABET\u00c7\u0130 SALDIRGANLIK 7. SPORDA REKABET\u00c7\u0130 \u00d6FKE 8. SPORDA<span class=\"excerpt-hellip\"> [\u2026]<\/span><\/p>\n","protected":false},"featured_media":0,"template":"","meta":{"_monsterinsights_skip_tracking":false,"_monsterinsights_sitenote_active":false,"_monsterinsights_sitenote_note":"","_monsterinsights_sitenote_category":0},"product_brand":[],"product_cat":[15563,15564],"product_tag":[],"class_list":{"0":"post-745942","1":"product","2":"type-product","3":"status-publish","5":"product_cat-hobi","6":"product_cat-spor","7":"pa_cilt-ciltsiz","8":"pa_tur-kitap","9":"pa_yayinevi-gazi-kitabevi","10":"pa_yazar-omer-faruk-yazici","12":"first","13":"instock","14":"sale","15":"shipping-taxable","16":"purchasable","17":"product-type-simple"},"_links":{"self":[{"href":"https:\/\/roveyayinevi.com.tr\/index.php\/wp-json\/wp\/v2\/product\/745942","targetHints":{"allow":["GET"]}}],"collection":[{"href":"https:\/\/roveyayinevi.com.tr\/index.php\/wp-json\/wp\/v2\/product"}],"about":[{"href":"https:\/\/roveyayinevi.com.tr\/index.php\/wp-json\/wp\/v2\/types\/product"}],"wp:attachment":[{"href":"https:\/\/roveyayinevi.com.tr\/index.php\/wp-json\/wp\/v2\/media?parent=745942"}],"wp:term":[{"taxonomy":"product_brand","embeddable":true,"href":"https:\/\/roveyayinevi.com.tr\/index.php\/wp-json\/wp\/v2\/product_brand?post=745942"},{"taxonomy":"product_cat","embeddable":true,"href":"https:\/\/roveyayinevi.com.tr\/index.php\/wp-json\/wp\/v2\/product_cat?post=745942"},{"taxonomy":"product_tag","embeddable":true,"href":"https:\/\/roveyayinevi.com.tr\/index.php\/wp-json\/wp\/v2\/product_tag?post=745942"}],"curies":[{"name":"wp","href":"https:\/\/api.w.org\/{rel}","templated":true}]}}