{"id":745940,"date":"2025-08-28T02:31:21","date_gmt":"2025-08-27T23:31:21","guid":{"rendered":"https:\/\/roveyayinevi.com.tr\/index.php\/urun\/katra\/"},"modified":"2026-04-11T14:14:46","modified_gmt":"2026-04-11T11:14:46","slug":"katra","status":"publish","type":"product","link":"https:\/\/roveyayinevi.com.tr\/index.php\/urun\/katra\/","title":{"rendered":"Katra"},"content":{"rendered":"<p>ALGILADI\u011eIMIZ G\u0130B\u0130 YA\u015eARIZ   \u015eu an ya\u015fad\u0131\u011f\u0131n\u0131z hayat sizin se\u00e7iminiz mi yoksa tek \u00e7areniz mi? E\u011fer hayat\u0131n\u0131z\u0131 istedi\u011finiz gibi \u015fekillendirebilme g\u00fcc\u00fcn\u00fcz olsayd\u0131 yine ayn\u0131 hayat\u0131 m\u0131 se\u00e7erdiniz? Peki ya nas\u0131l bir hayat\u0131n\u0131z\u0131n olmas\u0131n\u0131 isterdiniz? Ba\u015far\u0131l\u0131 bir ya\u015fam i\u00e7in d\u00fc\u015f\u00fcnce, duygu ve eylemi kullanma sanat\u0131na KATRA denir. KATRA sanat\u0131yla insan d\u00fc\u015f\u00fcncelerini y\u00f6nlendirmeyi, duygular\u0131n\u0131 y\u00f6netmeyi ve eylemi se\u00e7meyi \u00f6\u011frenir. \u00c7\u00fcnk\u00fc: Do\u011fru bilgiler do\u011fru alg\u0131lar yarat\u0131r Do\u011fru alg\u0131lar iyi d\u00fc\u015f\u00fcnceler yarat\u0131r \u0130yi d\u00fc\u015f\u00fcnceler ho\u015f duygular yarat\u0131r Ho\u015f duygular do\u011fru eylemler yarat\u0131r Do\u011fru eylemler do\u011fru ya\u015fam yarat\u0131r. E\u011fitim ve Ya\u015fam Ko\u00e7u Umar Buba Gabaju, de\u011fi\u015fimi arzulayan herkesi KATRA sanat\u0131yla yepyeni bir ba\u015flang\u0131ca davet ediyor. KATRA sadece ne yapman\u0131z gerekti\u011fini de\u011fil, nas\u0131l yapman\u0131z gerekti\u011finin s\u0131rlar\u0131n\u0131 da f\u0131s\u0131ldar. KATRA sanat\u0131yla tan\u0131\u015ft\u0131\u011f\u0131n\u0131zda ger\u00e7ekleri kendi g\u00f6z\u00fcn\u00fczle g\u00f6recek ve hayat\u0131n\u0131z\u0131 istedi\u011finiz gibi in\u015fa edeceksiniz.   T\u00fcm g\u00fc\u00e7 elinizde, geriye kalan sadece onu nas\u0131l kullanaca\u011f\u0131n\u0131z\u0131 \u00f6\u011frenmek. <\/p>\n","protected":false},"excerpt":{"rendered":"<p>ALGILADI\u011eIMIZ G\u0130B\u0130 YA\u015eARIZ \u015eu an ya\u015fad\u0131\u011f\u0131n\u0131z hayat sizin se\u00e7iminiz mi yoksa tek \u00e7areniz mi? E\u011fer hayat\u0131n\u0131z\u0131 istedi\u011finiz gibi \u015fekillendirebilme g\u00fcc\u00fcn\u00fcz olsayd\u0131 yine ayn\u0131 hayat\u0131 m\u0131 se\u00e7erdiniz?<span class=\"excerpt-hellip\"> [\u2026]<\/span><\/p>\n","protected":false},"featured_media":0,"template":"","meta":{"_monsterinsights_skip_tracking":false,"_monsterinsights_sitenote_active":false,"_monsterinsights_sitenote_note":"","_monsterinsights_sitenote_category":0},"product_brand":[],"product_cat":[12364,12376],"product_tag":[],"class_list":{"0":"post-745940","1":"product","2":"type-product","3":"status-publish","5":"product_cat-genel-konular","6":"product_cat-kisisel-gelisim","7":"pa_cilt-ciltsiz","8":"pa_tur-kitap","9":"pa_yayinevi-destek-yayinlari","10":"pa_yazar-umar-buba-gabaju","12":"first","13":"instock","14":"sale","15":"shipping-taxable","16":"purchasable","17":"product-type-simple"},"_links":{"self":[{"href":"https:\/\/roveyayinevi.com.tr\/index.php\/wp-json\/wp\/v2\/product\/745940","targetHints":{"allow":["GET"]}}],"collection":[{"href":"https:\/\/roveyayinevi.com.tr\/index.php\/wp-json\/wp\/v2\/product"}],"about":[{"href":"https:\/\/roveyayinevi.com.tr\/index.php\/wp-json\/wp\/v2\/types\/product"}],"wp:attachment":[{"href":"https:\/\/roveyayinevi.com.tr\/index.php\/wp-json\/wp\/v2\/media?parent=745940"}],"wp:term":[{"taxonomy":"product_brand","embeddable":true,"href":"https:\/\/roveyayinevi.com.tr\/index.php\/wp-json\/wp\/v2\/product_brand?post=745940"},{"taxonomy":"product_cat","embeddable":true,"href":"https:\/\/roveyayinevi.com.tr\/index.php\/wp-json\/wp\/v2\/product_cat?post=745940"},{"taxonomy":"product_tag","embeddable":true,"href":"https:\/\/roveyayinevi.com.tr\/index.php\/wp-json\/wp\/v2\/product_tag?post=745940"}],"curies":[{"name":"wp","href":"https:\/\/api.w.org\/{rel}","templated":true}]}}