{"id":745939,"date":"2025-08-28T02:31:19","date_gmt":"2025-08-27T23:31:19","guid":{"rendered":"https:\/\/roveyayinevi.com.tr\/index.php\/urun\/herkes-ihanet-eder-sevdigine\/"},"modified":"2026-04-16T02:58:25","modified_gmt":"2026-04-15T23:58:25","slug":"herkes-ihanet-eder-sevdigine","status":"publish","type":"product","link":"https:\/\/roveyayinevi.com.tr\/index.php\/urun\/herkes-ihanet-eder-sevdigine\/","title":{"rendered":"Herkes \u0130hanet Eder Sevdi\u011fine"},"content":{"rendered":"<p>\u0130HANET Y\u00dcZ\u00dcNDEN AYRILANLARI, BAZEN \u0130NT\u0130KAM B\u0130RLE\u015eT\u0130R\u0130R&#8230;   Onlar\u0131nki bir peri masal\u0131yd\u0131 adeta&#8230; Tertemiz ve masum&#8230; Birbirlerine delicesine tutkundular. Onlar\u0131 \u00f6l\u00fcm bile ay\u0131ramazm\u0131\u015f gibi g\u00f6r\u00fcnse de hayat\u0131n ger\u00e7ekleri bir tokat gibi inecektir y\u00fczlerine. Tar\u0131k\u2019\u0131n g\u00fc\u00e7 tutkusu ve \u00e7evresindekilerin \u00fczerinde kurdu\u011fu bask\u0131lar, \u00dclk\u00fc\u2019yle ya\u015fad\u0131\u011f\u0131 o b\u00fcy\u00fck a\u015fk\u0131 bile sarsmaya ba\u015flayacakt\u0131r. K\u0131rg\u0131nl\u0131klar, k\u00fcsmeler, araya girenlerin bar\u0131\u015ft\u0131rmalar\u0131, ayr\u0131l\u0131p birle\u015fmeler derken, i\u015fin rengi de de\u011fi\u015fecektir. Can\u0131 en \u00e7ok yanan, elindeki son iki kozu da kullanmak zorunda hissedecektir: intikam ve ihanet&#8230; Bu iki duygu kontrol edilemez d\u00fczeyde ele ge\u00e7irecektir bir \u00e2\u015f\u0131\u011f\u0131&#8230; Cinayet i\u015flemek bile so\u011futmaya yetmeyecektir, alev alev yanmakta olan bir y\u00fcre\u011fi&#8230;   <\/p>\n","protected":false},"excerpt":{"rendered":"<p>\u0130HANET Y\u00dcZ\u00dcNDEN AYRILANLARI, BAZEN \u0130NT\u0130KAM B\u0130RLE\u015eT\u0130R\u0130R&#8230; Onlar\u0131nki bir peri masal\u0131yd\u0131 adeta&#8230; Tertemiz ve masum&#8230; Birbirlerine delicesine tutkundular. Onlar\u0131 \u00f6l\u00fcm bile ay\u0131ramazm\u0131\u015f gibi g\u00f6r\u00fcnse de hayat\u0131n ger\u00e7ekleri<span class=\"excerpt-hellip\"> [\u2026]<\/span><\/p>\n","protected":false},"featured_media":0,"template":"","meta":{"_monsterinsights_skip_tracking":false,"_monsterinsights_sitenote_active":false,"_monsterinsights_sitenote_note":"","_monsterinsights_sitenote_category":0},"product_brand":[],"product_cat":[12291,12711],"product_tag":[],"class_list":{"0":"post-745939","1":"product","2":"type-product","3":"status-publish","5":"product_cat-edebiyat","6":"product_cat-roman-oyku","7":"pa_cilt-ciltsiz","8":"pa_tur-kitap","9":"pa_yayinevi-destek-yayinlari","10":"pa_yazar-tuna-serim","12":"first","13":"instock","14":"sale","15":"shipping-taxable","16":"purchasable","17":"product-type-simple"},"_links":{"self":[{"href":"https:\/\/roveyayinevi.com.tr\/index.php\/wp-json\/wp\/v2\/product\/745939","targetHints":{"allow":["GET"]}}],"collection":[{"href":"https:\/\/roveyayinevi.com.tr\/index.php\/wp-json\/wp\/v2\/product"}],"about":[{"href":"https:\/\/roveyayinevi.com.tr\/index.php\/wp-json\/wp\/v2\/types\/product"}],"wp:attachment":[{"href":"https:\/\/roveyayinevi.com.tr\/index.php\/wp-json\/wp\/v2\/media?parent=745939"}],"wp:term":[{"taxonomy":"product_brand","embeddable":true,"href":"https:\/\/roveyayinevi.com.tr\/index.php\/wp-json\/wp\/v2\/product_brand?post=745939"},{"taxonomy":"product_cat","embeddable":true,"href":"https:\/\/roveyayinevi.com.tr\/index.php\/wp-json\/wp\/v2\/product_cat?post=745939"},{"taxonomy":"product_tag","embeddable":true,"href":"https:\/\/roveyayinevi.com.tr\/index.php\/wp-json\/wp\/v2\/product_tag?post=745939"}],"curies":[{"name":"wp","href":"https:\/\/api.w.org\/{rel}","templated":true}]}}