{"id":745937,"date":"2025-08-28T02:31:16","date_gmt":"2025-08-27T23:31:16","guid":{"rendered":"https:\/\/roveyayinevi.com.tr\/index.php\/urun\/yesilcam-gunlugu\/"},"modified":"2026-04-16T02:58:24","modified_gmt":"2026-04-15T23:58:24","slug":"yesilcam-gunlugu","status":"publish","type":"product","link":"https:\/\/roveyayinevi.com.tr\/index.php\/urun\/yesilcam-gunlugu\/","title":{"rendered":"Ye\u015fil\u00e7am G\u00fcnl\u00fc\u011f\u00fc"},"content":{"rendered":"<p>\u201cTu\u0308rk sinemas\u0131n\u0131n yu\u0308zeyini, du\u0308n oldu\u011fu gibi bugu\u0308n de ba\u015ftan ba\u015fa kaplayan o kur\u015fun rengi benliksizlik, kendi varolu\u015f yasalar\u0131na bilin\u00e7sizce ve ahl\u00e2ks\u0131zca s\u0131rt \u00e7evirmi\u015f bir toplum y\u00f6netiminin, Tu\u0308rk toplumunun yak\u0131n tarihine ait kolektif bir aldan\u0131\u015f\u0131n sefil sonucundan ba\u015fka bir \u015fey de\u011fildir.\u201d diyen Ay\u015fe \u015easa, 1990 y\u0131l\u0131nda Tu\u0308rk sinemas\u0131 u\u0308zerine Derg\u00e2h dergisinde yay\u0131mlanan yaz\u0131lar\u0131n\u0131n derlenmesiyle haz\u0131rlanan Ye\u015fil\u00e7am Gu\u0308nlu\u0308\u011fu\u0308\u2019nde, sineman\u0131n 60\u2019l\u0131 y\u0131llardan beri i\u00e7ine zorla itildi\u011fi yavan bir ger\u00e7ekli\u011fin kal\u0131plar\u0131n\u0131 \u00e7\u00f6zmeye u\u011fra\u015f\u0131yor. Tu\u0308rkiye\u2019de sineman\u0131n de\u011fi\u015fimine ve d\u00f6nu\u0308\u015fu\u0308mu\u0308ne g\u00f6z atmak ve sorunlar\u0131n k\u00f6ku\u0308ne inebilmek i\u00e7in, sanat ve \u00f6zelde sinema u\u0308zerine, bu\u0308tu\u0308n bir medeniyet birikimini seferber ederek \u015fu\u0308mullu\u0308 bir du\u0308\u015fu\u0308nme \u00e7abas\u0131na giri\u015fiyor. \u015easa\u2019n\u0131n \u00f6ne su\u0308rdu\u0308\u011fu\u0308 \u015fekliyle Tu\u0308rk sinemas\u0131, medeniyet birikimini gelenek ekseninde kullanmad\u0131\u011f\u0131 su\u0308rece bir \u201chikmet sinemas\u0131\u201d olu\u015fturmayaca\u011f\u0131 gibi \u201csentez\u201d gerek\u00e7esiyle Do\u011fu ile Bat\u0131\u2019y\u0131 eklemleyen kof ak\u0131mlarla da bir kuram olu\u015fturamaz. Ye\u015fil\u00e7am Gu\u0308nlu\u0308\u011fu\u0308, Tu\u0308rk sinemas\u0131n\u0131n ge\u00e7irdi\u011fi su\u0308re\u00e7leri derinlemesine ele alan bir metin olmas\u0131n\u0131n yan\u0131 s\u0131ra \u0131st\u0131rapl\u0131 bir aray\u0131\u015f\u0131n da \u00f6yku\u0308su\u0308. <\/p>\n","protected":false},"excerpt":{"rendered":"<p>\u201cTu\u0308rk sinemas\u0131n\u0131n yu\u0308zeyini, du\u0308n oldu\u011fu gibi bugu\u0308n de ba\u015ftan ba\u015fa kaplayan o kur\u015fun rengi benliksizlik, kendi varolu\u015f yasalar\u0131na bilin\u00e7sizce ve ahl\u00e2ks\u0131zca s\u0131rt \u00e7evirmi\u015f bir toplum y\u00f6netiminin,<span class=\"excerpt-hellip\"> [\u2026]<\/span><\/p>\n","protected":false},"featured_media":0,"template":"","meta":{"_monsterinsights_skip_tracking":false,"_monsterinsights_sitenote_active":false,"_monsterinsights_sitenote_note":"","_monsterinsights_sitenote_category":0},"product_brand":[],"product_cat":[12777,12291],"product_tag":[],"class_list":{"0":"post-745937","1":"product","2":"type-product","3":"status-publish","5":"product_cat-deneme","6":"product_cat-edebiyat","7":"pa_cilt-ciltsiz","8":"pa_tur-kitap","9":"pa_yayinevi-ketebe-yayinlari","10":"pa_yazar-ayse-sasa","12":"first","13":"instock","14":"sale","15":"shipping-taxable","16":"purchasable","17":"product-type-simple"},"_links":{"self":[{"href":"https:\/\/roveyayinevi.com.tr\/index.php\/wp-json\/wp\/v2\/product\/745937","targetHints":{"allow":["GET"]}}],"collection":[{"href":"https:\/\/roveyayinevi.com.tr\/index.php\/wp-json\/wp\/v2\/product"}],"about":[{"href":"https:\/\/roveyayinevi.com.tr\/index.php\/wp-json\/wp\/v2\/types\/product"}],"wp:attachment":[{"href":"https:\/\/roveyayinevi.com.tr\/index.php\/wp-json\/wp\/v2\/media?parent=745937"}],"wp:term":[{"taxonomy":"product_brand","embeddable":true,"href":"https:\/\/roveyayinevi.com.tr\/index.php\/wp-json\/wp\/v2\/product_brand?post=745937"},{"taxonomy":"product_cat","embeddable":true,"href":"https:\/\/roveyayinevi.com.tr\/index.php\/wp-json\/wp\/v2\/product_cat?post=745937"},{"taxonomy":"product_tag","embeddable":true,"href":"https:\/\/roveyayinevi.com.tr\/index.php\/wp-json\/wp\/v2\/product_tag?post=745937"}],"curies":[{"name":"wp","href":"https:\/\/api.w.org\/{rel}","templated":true}]}}