{"id":745935,"date":"2025-08-28T02:31:13","date_gmt":"2025-08-27T23:31:13","guid":{"rendered":"https:\/\/roveyayinevi.com.tr\/index.php\/urun\/gothikana-ciltli\/"},"modified":"2026-02-02T03:02:37","modified_gmt":"2026-02-02T00:02:37","slug":"gothikana-ciltli","status":"publish","type":"product","link":"https:\/\/roveyayinevi.com.tr\/index.php\/urun\/gothikana-ciltli\/","title":{"rendered":"Gothikana (Ciltli)"},"content":{"rendered":"<p>S\u0131ra d\u0131\u015f\u0131 bir kad\u0131n. Gizemli bir adam. Eski bir \u015fato. Sonu\u00e7ta\u2026 en fazla ne ters gidebilir ki?   Hayat\u0131 boyunca d\u0131\u015flanan Corvina Clemm, annesini kaybettikten sonra tek ba\u015f\u0131na kalm\u0131\u015ft\u0131r. Esrarengiz Verenmore \u00dcniversitesi\u2019nden kabul mektubu ald\u0131\u011f\u0131nda ise bunu evrenin bir i\u015fareti olarak g\u00f6r\u00fcr. Ancak s\u0131rlar, yalanlar ve \u00f6l\u00fcmlerle dolu bir da\u011f\u0131n tepesindeki bu g\u00f6zlerden uzak \u015fato onun bekledi\u011fi son \u015feydir.   B\u00fct\u00fcn hayat\u0131 bir gizemden ibaret olan Vad Deverell, kapal\u0131 bir kutu gibi ya\u015famay\u0131 ama ayn\u0131 zamanda da \u00fcniversitede olup biten her \u015feyi \u00f6\u011frenmeyi sever. Tezi \u00fczerinde \u00e7al\u0131\u015fan yar\u0131 zamanl\u0131 bir profes\u00f6r olmas\u0131n\u0131n yan\u0131 s\u0131ra, \u015fatonun bar\u0131nd\u0131rd\u0131\u011f\u0131 tehlikeleri bilecek kadar uzun bir s\u00fcredir orada ya\u015famaktad\u0131r.   Ve Corvina ile yollar\u0131 kesi\u015fti\u011fi anda, gen\u00e7 kad\u0131n\u0131n onun i\u00e7in tehlikeli olaca\u011f\u0131n\u0131 anlar. Birbirlerinin ilgisini \u00e7ekmemelidirler. Bu yasakt\u0131r. Ancak as\u0131rlard\u0131r var olan \u00fcrpertici bir gizem onlar\u0131 bir araya gelmeye zorlar. Y\u00fcz y\u0131l\u0131 a\u015fk\u0131n bir s\u00fcredir, insanlar her be\u015f y\u0131lda bir ortadan kaybolmaktad\u0131r ve Corvina\u2019n\u0131n \u00f6n\u00fcne, bu olay\u0131 \u00e7\u00f6zmesi i\u00e7in bir s\u00fcr\u00fc ipucu \u00e7\u0131kar. Bu s\u0131rada Vad&#8217;\u0131n da ona g\u00f6z kulak olmas\u0131 gerekmektedir. B\u00f6ylece mistik, hastal\u0131kl\u0131, \u00fcrk\u00fct\u00fcc\u00fc ve beklenmedik bu yerde, yeni yeni filizlenen derin bir a\u015fk hik\u00e2yesi ba\u015flar.<\/p>\n","protected":false},"excerpt":{"rendered":"<p>S\u0131ra d\u0131\u015f\u0131 bir kad\u0131n. Gizemli bir adam. Eski bir \u015fato. Sonu\u00e7ta\u2026 en fazla ne ters gidebilir ki? Hayat\u0131 boyunca d\u0131\u015flanan Corvina Clemm, annesini kaybettikten sonra tek<span class=\"excerpt-hellip\"> [\u2026]<\/span><\/p>\n","protected":false},"featured_media":0,"template":"","meta":{"_monsterinsights_skip_tracking":false,"_monsterinsights_sitenote_active":false,"_monsterinsights_sitenote_note":"","_monsterinsights_sitenote_category":0},"product_brand":[],"product_cat":[12291,12711],"product_tag":[],"class_list":{"0":"post-745935","1":"product","2":"type-product","3":"status-publish","5":"product_cat-edebiyat","6":"product_cat-roman-oyku","7":"pa_cilt-ciltli","8":"pa_tur-kitap","9":"pa_yayinevi-marti-yayinlari","10":"pa_yazar-runyx","12":"first","13":"instock","14":"sale","15":"shipping-taxable","16":"purchasable","17":"product-type-simple"},"_links":{"self":[{"href":"https:\/\/roveyayinevi.com.tr\/index.php\/wp-json\/wp\/v2\/product\/745935","targetHints":{"allow":["GET"]}}],"collection":[{"href":"https:\/\/roveyayinevi.com.tr\/index.php\/wp-json\/wp\/v2\/product"}],"about":[{"href":"https:\/\/roveyayinevi.com.tr\/index.php\/wp-json\/wp\/v2\/types\/product"}],"wp:attachment":[{"href":"https:\/\/roveyayinevi.com.tr\/index.php\/wp-json\/wp\/v2\/media?parent=745935"}],"wp:term":[{"taxonomy":"product_brand","embeddable":true,"href":"https:\/\/roveyayinevi.com.tr\/index.php\/wp-json\/wp\/v2\/product_brand?post=745935"},{"taxonomy":"product_cat","embeddable":true,"href":"https:\/\/roveyayinevi.com.tr\/index.php\/wp-json\/wp\/v2\/product_cat?post=745935"},{"taxonomy":"product_tag","embeddable":true,"href":"https:\/\/roveyayinevi.com.tr\/index.php\/wp-json\/wp\/v2\/product_tag?post=745935"}],"curies":[{"name":"wp","href":"https:\/\/api.w.org\/{rel}","templated":true}]}}