{"id":745932,"date":"2025-08-28T02:31:10","date_gmt":"2025-08-27T23:31:10","guid":{"rendered":"https:\/\/roveyayinevi.com.tr\/index.php\/urun\/avrupa-birliginin-turkiye-sinavi\/"},"modified":"2026-04-16T02:58:24","modified_gmt":"2026-04-15T23:58:24","slug":"avrupa-birliginin-turkiye-sinavi","status":"publish","type":"product","link":"https:\/\/roveyayinevi.com.tr\/index.php\/urun\/avrupa-birliginin-turkiye-sinavi\/","title":{"rendered":"Avrupa Birli\u011fi\u2019nin T\u00fcrkiye S\u0131nav\u0131"},"content":{"rendered":"<p>Bir Kar\u015f\u0131l\u0131kl\u0131 Anla\u015f\u0131lamama Hik\u00e2yesi&#8230; T\u00fcrkiye \u2013 Avrupa Birli\u011fi (AB) ili\u015fkilerinin temelini olu\u015fturan Ankara Anla\u015fmas\u0131 altm\u0131\u015f y\u0131l\u0131n\u0131 tamamlamak \u00fczere. Yolun ba\u015flang\u0131c\u0131nda AB\u2019ye \u00fcyelik ama\u00e7lanm\u0131\u015fken bu s\u00fcre\u00e7te taraflar\u0131n birbirlerinden uzakla\u015ft\u0131\u011f\u0131 g\u00f6r\u00fcl\u00fcyor. \u0130li\u015fkilerimizi, \u00f6zellikle 1987\u2019den sonra, iki kar\u015f\u0131t yakla\u015f\u0131mla \u00f6zetlemek m\u00fcmk\u00fcn: tercih ve kabullenememe. Birincisi T\u00fcrkiye\u2019ye, di\u011feri AB\u2019ye ait. T\u00fcrkiye muas\u0131r medeniyet d\u00fczeyine eri\u015fmek \u00fczere tercihini AB y\u00f6n\u00fcnde yapt\u0131 ancak AB T\u00fcrkiye\u2019nin olas\u0131 \u00fcyeli\u011fini bir t\u00fcrl\u00fc i\u00e7ine sindiremedi ve hedef gittik\u00e7e ula\u015f\u0131lmaz hale geldi. Bu nedenle de T\u00fcrkiye\u2019nin AB kar\u015f\u0131s\u0131ndaki konumu dengesiz olmaya ba\u015flad\u0131. Art\u0131k ger\u00e7eklerle y\u00fczle\u015fip gerginliklerin azalmas\u0131na yol a\u00e7acak yeni bir ili\u015fki bi\u00e7imine ge\u00e7ilmesi yararl\u0131 olacakt\u0131r. AB ili\u015fkileri konusunda yirmi y\u0131l\u0131 a\u015fk\u0131n s\u00fcredir Br\u00fcksel ve Ankara\u2019da \u00e7e\u015fitli g\u00f6revlerde bulunan Emekli B\u00fcy\u00fckel\u00e7i Selim Yenel, perde arkas\u0131nda ya\u015fanan bir\u00e7ok olay\u0131 bu kitapta g\u00fcn \u0131\u015f\u0131\u011f\u0131na \u00e7\u0131kar\u0131yor. Kar\u015f\u0131l\u0131kl\u0131 yap\u0131lan hatalar\u0131 ve yanl\u0131\u015f anlamalar\u0131 irdelerken, AB \u00e7evrelerinin \u00fclkemize bak\u0131\u015f\u0131n\u0131 ve ka\u00e7\u0131r\u0131lan f\u0131rsatlar\u0131 anlat\u0131yor. Son olarak da AB ile olan ili\u015fkilerimizi belli bir d\u00fczende y\u00fcr\u00fct\u00fclebilmemiz i\u00e7in ileriye y\u00f6nelik \u00f6neriler getiriyor.<\/p>\n","protected":false},"excerpt":{"rendered":"<p>Bir Kar\u015f\u0131l\u0131kl\u0131 Anla\u015f\u0131lamama Hik\u00e2yesi&#8230; T\u00fcrkiye \u2013 Avrupa Birli\u011fi (AB) ili\u015fkilerinin temelini olu\u015fturan Ankara Anla\u015fmas\u0131 altm\u0131\u015f y\u0131l\u0131n\u0131 tamamlamak \u00fczere. Yolun ba\u015flang\u0131c\u0131nda AB\u2019ye \u00fcyelik ama\u00e7lanm\u0131\u015fken bu s\u00fcre\u00e7te taraflar\u0131n<span class=\"excerpt-hellip\"> [\u2026]<\/span><\/p>\n","protected":false},"featured_media":0,"template":"","meta":{"_monsterinsights_skip_tracking":false,"_monsterinsights_sitenote_active":false,"_monsterinsights_sitenote_note":"","_monsterinsights_sitenote_category":0},"product_brand":[],"product_cat":[12370,12304],"product_tag":[],"class_list":{"0":"post-745932","1":"product","2":"type-product","3":"status-publish","5":"product_cat-arastirma-inceleme","6":"product_cat-tarih","7":"pa_cilt-ciltsiz","8":"pa_tur-kitap","9":"pa_yayinevi-remzi-kitabevi","10":"pa_yazar-selim-yenel","12":"first","13":"instock","14":"sale","15":"shipping-taxable","16":"purchasable","17":"product-type-simple"},"_links":{"self":[{"href":"https:\/\/roveyayinevi.com.tr\/index.php\/wp-json\/wp\/v2\/product\/745932","targetHints":{"allow":["GET"]}}],"collection":[{"href":"https:\/\/roveyayinevi.com.tr\/index.php\/wp-json\/wp\/v2\/product"}],"about":[{"href":"https:\/\/roveyayinevi.com.tr\/index.php\/wp-json\/wp\/v2\/types\/product"}],"wp:attachment":[{"href":"https:\/\/roveyayinevi.com.tr\/index.php\/wp-json\/wp\/v2\/media?parent=745932"}],"wp:term":[{"taxonomy":"product_brand","embeddable":true,"href":"https:\/\/roveyayinevi.com.tr\/index.php\/wp-json\/wp\/v2\/product_brand?post=745932"},{"taxonomy":"product_cat","embeddable":true,"href":"https:\/\/roveyayinevi.com.tr\/index.php\/wp-json\/wp\/v2\/product_cat?post=745932"},{"taxonomy":"product_tag","embeddable":true,"href":"https:\/\/roveyayinevi.com.tr\/index.php\/wp-json\/wp\/v2\/product_tag?post=745932"}],"curies":[{"name":"wp","href":"https:\/\/api.w.org\/{rel}","templated":true}]}}