{"id":745931,"date":"2025-08-28T02:31:08","date_gmt":"2025-08-27T23:31:08","guid":{"rendered":"https:\/\/roveyayinevi.com.tr\/index.php\/urun\/neseli-cicekler-mevsimi\/"},"modified":"2026-04-16T02:58:24","modified_gmt":"2026-04-15T23:58:24","slug":"neseli-cicekler-mevsimi","status":"publish","type":"product","link":"https:\/\/roveyayinevi.com.tr\/index.php\/urun\/neseli-cicekler-mevsimi\/","title":{"rendered":"Ne\u015feli \u00c7i\u00e7ekler Mevsimi"},"content":{"rendered":"<p>\u015eiirler yaz\u0131ld\u0131\u011f\u0131 dilden al\u0131r g\u00fczelli\u011fini. Dilde toplanm\u0131\u015f bu g\u00fczellikler okura harflerin m\u0131r\u0131lt\u0131lar\u0131n\u0131, seslerin ninnilerini ve kelimelerin h\u0131\u015f\u0131rt\u0131lar\u0131n\u0131 duyurur. Okudu\u011funuz \u015fiirler duygu yolculu\u011fu ba\u015flat\u0131r i\u00e7imizde.        G\u00f6khan Ak\u00e7i\u00e7ek, sizler i\u00e7in \u00e7i\u00e7eklerin ve do\u011fan\u0131n diliyle Ne\u015feli \u00c7i\u00e7ekler Mevsimi\u2019ni yazm\u0131\u015f. \u015eair \u015fiirlerini duru, g\u00fcne\u015f \u0131\u015f\u0131lt\u0131l\u0131 bir dil ile \u00f6r\u00fcyor. \u00d6yle ki size suyun dibindeki kumlar\u0131, \u00e7ak\u0131l ta\u015flar\u0131n\u0131 g\u00f6sterir gibi \u00e7i\u00e7eklerin dilini g\u00f6steriyor yahut \u00e7i\u00e7eklere dil oluyor.       \u0130yi \u015fiir, \u015fiirde ad\u0131 ge\u00e7en \u00e7i\u00e7e\u011fin kokusunu alman\u0131z\u0131 sa\u011flar. Kim bilir belki bu \u00e7i\u00e7eklerin \u00fczerlerine ku\u015flar, b\u00f6cekler, ar\u0131lar konmu\u015ftur. \u00c7i\u00e7e\u011fin onlarla arkada\u015fl\u0131\u011f\u0131na \u015fahit olur; \u00e7i\u00e7e\u011fin, r\u00fczg\u00e2r\u0131n, suyun ve soka\u011f\u0131n sesini dinlersiniz&#8230;     Ne\u015feli \u00c7i\u00e7ekler Mevsimi\u2019ndeki \u015fiirlerin i\u00e7inizdeki \u015fairi uyand\u0131rmas\u0131n\u0131 dilerim\u2026  \u0130smail Karakurt   <\/p>\n","protected":false},"excerpt":{"rendered":"<p>\u015eiirler yaz\u0131ld\u0131\u011f\u0131 dilden al\u0131r g\u00fczelli\u011fini. Dilde toplanm\u0131\u015f bu g\u00fczellikler okura harflerin m\u0131r\u0131lt\u0131lar\u0131n\u0131, seslerin ninnilerini ve kelimelerin h\u0131\u015f\u0131rt\u0131lar\u0131n\u0131 duyurur. Okudu\u011funuz \u015fiirler duygu yolculu\u011fu ba\u015flat\u0131r i\u00e7imizde. G\u00f6khan Ak\u00e7i\u00e7ek,<span class=\"excerpt-hellip\"> [\u2026]<\/span><\/p>\n","protected":false},"featured_media":0,"template":"","meta":{"_monsterinsights_skip_tracking":false,"_monsterinsights_sitenote_active":false,"_monsterinsights_sitenote_note":"","_monsterinsights_sitenote_category":0},"product_brand":[],"product_cat":[12291,12509],"product_tag":[],"class_list":{"0":"post-745931","1":"product","2":"type-product","3":"status-publish","5":"product_cat-edebiyat","6":"product_cat-siir","7":"pa_cilt-ciltsiz","8":"pa_tur-kitap","9":"pa_yayinevi-ucan-at","10":"pa_yazar-gokhan-akcicek","12":"first","13":"instock","14":"sale","15":"shipping-taxable","16":"purchasable","17":"product-type-simple"},"_links":{"self":[{"href":"https:\/\/roveyayinevi.com.tr\/index.php\/wp-json\/wp\/v2\/product\/745931","targetHints":{"allow":["GET"]}}],"collection":[{"href":"https:\/\/roveyayinevi.com.tr\/index.php\/wp-json\/wp\/v2\/product"}],"about":[{"href":"https:\/\/roveyayinevi.com.tr\/index.php\/wp-json\/wp\/v2\/types\/product"}],"wp:attachment":[{"href":"https:\/\/roveyayinevi.com.tr\/index.php\/wp-json\/wp\/v2\/media?parent=745931"}],"wp:term":[{"taxonomy":"product_brand","embeddable":true,"href":"https:\/\/roveyayinevi.com.tr\/index.php\/wp-json\/wp\/v2\/product_brand?post=745931"},{"taxonomy":"product_cat","embeddable":true,"href":"https:\/\/roveyayinevi.com.tr\/index.php\/wp-json\/wp\/v2\/product_cat?post=745931"},{"taxonomy":"product_tag","embeddable":true,"href":"https:\/\/roveyayinevi.com.tr\/index.php\/wp-json\/wp\/v2\/product_tag?post=745931"}],"curies":[{"name":"wp","href":"https:\/\/api.w.org\/{rel}","templated":true}]}}