{"id":745929,"date":"2025-08-28T02:31:05","date_gmt":"2025-08-27T23:31:05","guid":{"rendered":"https:\/\/roveyayinevi.com.tr\/index.php\/urun\/kalbinden-opulen-nilufer\/"},"modified":"2026-04-16T02:58:24","modified_gmt":"2026-04-15T23:58:24","slug":"kalbinden-opulen-nilufer","status":"publish","type":"product","link":"https:\/\/roveyayinevi.com.tr\/index.php\/urun\/kalbinden-opulen-nilufer\/","title":{"rendered":"Kalbinden \u00d6p\u00fclen Nil\u00fcfer"},"content":{"rendered":"<p>Sevgili \u00e7ocuklar, G\u00f6khan Ak\u00e7i\u00e7ek sizin d\u00fcnyan\u0131z\u0131 \u00e7ok iyi bilen bir \u015fair. O, \u00e7ocuklu\u011fundan hi\u00e7 kopmad\u0131. Laf aram\u0131zda sizinle ayn\u0131 ya\u015fta bir \u015fair. \u00c7o\u011fu zaman, dile getiremedi\u011finiz sevin\u00e7leri, \u00f6zlemleri, onun \u015fiirlerinde buluverirsiniz. Onun \u015fiirleriyle ku\u015flar\u0131, \u00e7i\u00e7ekleri, do\u011fay\u0131 daha \u00e7ok sevmeye ba\u015flars\u0131n\u0131z.      Kalbinden \u00d6p\u00fclen Nil\u00fcfer ile o, bin bir renkli \u00e7i\u00e7ekleriyle, c\u0131v\u0131lt\u0131l\u0131 ku\u015flar\u0131yla, mart\u0131lar\u0131yla, denizleriyle, k\u0131rlar\u0131yla, r\u00fczg\u00e2rlar\u0131yla, t\u00fcm g\u00fczellikleriyle masals\u0131 bir ilkbahar mevsimine g\u00f6t\u00fcr\u00fcr sizi. \u201cKu\u015f olmak isteyen yapra\u011f\u0131\u201d, \u201cMisafir r\u00fczg\u00e2r\u0131\u201d, \u00e7i\u00e7e\u011fin masal\u0131n\u0131, ku\u015fun masal\u0131n\u0131, nar\u0131n masal\u0131n\u0131 ve yaz\u0131n masal\u0131n\u0131; annenizi, baban\u0131z\u0131, karde\u015flerinizi bulursunuz orada.      Size bir s\u0131rr\u0131m\u0131 a\u00e7\u0131klayay\u0131m m\u0131? \u00c7ocuklu\u011fumun renkli d\u00fcnyas\u0131n\u0131 \u00f6zledi\u011fim zamanlarda ben de G\u00f6khan Ak\u00e7i\u00e7ek\u2019in \u015fiirlerini okurum. Onun \u015fiirlerinde kendi \u00e7ocuklu\u011fumla bulu\u015furum. <\/p>\n","protected":false},"excerpt":{"rendered":"<p>Sevgili \u00e7ocuklar, G\u00f6khan Ak\u00e7i\u00e7ek sizin d\u00fcnyan\u0131z\u0131 \u00e7ok iyi bilen bir \u015fair. O, \u00e7ocuklu\u011fundan hi\u00e7 kopmad\u0131. Laf aram\u0131zda sizinle ayn\u0131 ya\u015fta bir \u015fair. \u00c7o\u011fu zaman, dile getiremedi\u011finiz<span class=\"excerpt-hellip\"> [\u2026]<\/span><\/p>\n","protected":false},"featured_media":0,"template":"","meta":{"_monsterinsights_skip_tracking":false,"_monsterinsights_sitenote_active":false,"_monsterinsights_sitenote_note":"","_monsterinsights_sitenote_category":0},"product_brand":[],"product_cat":[12291,12509],"product_tag":[],"class_list":{"0":"post-745929","1":"product","2":"type-product","3":"status-publish","5":"product_cat-edebiyat","6":"product_cat-siir","7":"pa_cilt-ciltsiz","8":"pa_tur-kitap","9":"pa_yayinevi-ucan-at","10":"pa_yazar-gokhan-akcicek","12":"first","13":"instock","14":"sale","15":"shipping-taxable","16":"purchasable","17":"product-type-simple"},"_links":{"self":[{"href":"https:\/\/roveyayinevi.com.tr\/index.php\/wp-json\/wp\/v2\/product\/745929","targetHints":{"allow":["GET"]}}],"collection":[{"href":"https:\/\/roveyayinevi.com.tr\/index.php\/wp-json\/wp\/v2\/product"}],"about":[{"href":"https:\/\/roveyayinevi.com.tr\/index.php\/wp-json\/wp\/v2\/types\/product"}],"wp:attachment":[{"href":"https:\/\/roveyayinevi.com.tr\/index.php\/wp-json\/wp\/v2\/media?parent=745929"}],"wp:term":[{"taxonomy":"product_brand","embeddable":true,"href":"https:\/\/roveyayinevi.com.tr\/index.php\/wp-json\/wp\/v2\/product_brand?post=745929"},{"taxonomy":"product_cat","embeddable":true,"href":"https:\/\/roveyayinevi.com.tr\/index.php\/wp-json\/wp\/v2\/product_cat?post=745929"},{"taxonomy":"product_tag","embeddable":true,"href":"https:\/\/roveyayinevi.com.tr\/index.php\/wp-json\/wp\/v2\/product_tag?post=745929"}],"curies":[{"name":"wp","href":"https:\/\/api.w.org\/{rel}","templated":true}]}}