{"id":745928,"date":"2025-08-28T02:31:04","date_gmt":"2025-08-27T23:31:04","guid":{"rendered":"https:\/\/roveyayinevi.com.tr\/index.php\/urun\/altin-papagan\/"},"modified":"2026-04-16T02:58:24","modified_gmt":"2026-04-15T23:58:24","slug":"altin-papagan","status":"publish","type":"product","link":"https:\/\/roveyayinevi.com.tr\/index.php\/urun\/altin-papagan\/","title":{"rendered":"Alt\u0131n Papa\u011fan"},"content":{"rendered":"<p>Elinizdeki kitab\u0131n yazar\u0131 bir yayla \u00e7ocu\u011fu. Y\u00fcre\u011fi yayla gibi geni\u015f, hayal g\u00fcc\u00fc yayla kadar zengin. Masallarla \u00e7ok erken tan\u0131\u015fm\u0131\u015f. Dinlemeyi, konu\u015fmay\u0131, sevmeyi, hayal kurmay\u0131, iyilerin yan\u0131nda yer almay\u0131 ve g\u00fc\u00e7l\u00fcklerden y\u0131lmamay\u0131 masallardan \u00f6\u011frenmi\u015f. Yazma becerisini bile masallara bor\u00e7lu.     Babaannesinden ve yayladaki ninelerden dinledi\u011fi masallar\u0131 yaz\u0131ya ge\u00e7irmi\u015f. Bu masallardan yedisini \u00c7ay\u0131r da \u00c7imen de Allah\u2019\u0131n, S\u00fct Benim Kuyruk Senin, Ay I\u015f\u0131\u011f\u0131 K\u0131z, Bal\u0131k da Bilir H\u00e2lik de, Bir Ayna Bir Hal\u0131 Bir Elma, Reis Olacak O\u011ful, Alt\u0131n Papa\u011fan adlar\u0131yla bize sunmu\u015f. Bir de s\u00fcrpriz yapm\u0131\u015f: Bir masal\u0131 tiyatroya d\u00f6n\u00fc\u015ft\u00fcrm\u00fc\u015f.     Sizin masal\u0131n\u0131z hangisi olsun? Hangi masal\u0131 tiyatroya \u00e7evirip oynamak istersiniz?   <\/p>\n","protected":false},"excerpt":{"rendered":"<p>Elinizdeki kitab\u0131n yazar\u0131 bir yayla \u00e7ocu\u011fu. Y\u00fcre\u011fi yayla gibi geni\u015f, hayal g\u00fcc\u00fc yayla kadar zengin. Masallarla \u00e7ok erken tan\u0131\u015fm\u0131\u015f. Dinlemeyi, konu\u015fmay\u0131, sevmeyi, hayal kurmay\u0131, iyilerin yan\u0131nda<span class=\"excerpt-hellip\"> [\u2026]<\/span><\/p>\n","protected":false},"featured_media":0,"template":"","meta":{"_monsterinsights_skip_tracking":false,"_monsterinsights_sitenote_active":false,"_monsterinsights_sitenote_note":"","_monsterinsights_sitenote_category":0},"product_brand":[],"product_cat":[12274,12523],"product_tag":[],"class_list":{"0":"post-745928","1":"product","2":"type-product","3":"status-publish","5":"product_cat-cocuk-ve-genclik-kitaplari","6":"product_cat-masallar","7":"pa_cilt-ciltsiz","8":"pa_tur-kitap","9":"pa_yayinevi-ucan-at","10":"pa_yazar-tacettin-simsek","12":"first","13":"instock","14":"sale","15":"shipping-taxable","16":"purchasable","17":"product-type-simple"},"_links":{"self":[{"href":"https:\/\/roveyayinevi.com.tr\/index.php\/wp-json\/wp\/v2\/product\/745928","targetHints":{"allow":["GET"]}}],"collection":[{"href":"https:\/\/roveyayinevi.com.tr\/index.php\/wp-json\/wp\/v2\/product"}],"about":[{"href":"https:\/\/roveyayinevi.com.tr\/index.php\/wp-json\/wp\/v2\/types\/product"}],"wp:attachment":[{"href":"https:\/\/roveyayinevi.com.tr\/index.php\/wp-json\/wp\/v2\/media?parent=745928"}],"wp:term":[{"taxonomy":"product_brand","embeddable":true,"href":"https:\/\/roveyayinevi.com.tr\/index.php\/wp-json\/wp\/v2\/product_brand?post=745928"},{"taxonomy":"product_cat","embeddable":true,"href":"https:\/\/roveyayinevi.com.tr\/index.php\/wp-json\/wp\/v2\/product_cat?post=745928"},{"taxonomy":"product_tag","embeddable":true,"href":"https:\/\/roveyayinevi.com.tr\/index.php\/wp-json\/wp\/v2\/product_tag?post=745928"}],"curies":[{"name":"wp","href":"https:\/\/api.w.org\/{rel}","templated":true}]}}