{"id":745925,"date":"2025-08-28T02:31:00","date_gmt":"2025-08-27T23:31:00","guid":{"rendered":"https:\/\/roveyayinevi.com.tr\/index.php\/urun\/bir-deli-degilin-defterleri\/"},"modified":"2026-04-16T02:58:24","modified_gmt":"2026-04-15T23:58:24","slug":"bir-deli-degilin-defterleri","status":"publish","type":"product","link":"https:\/\/roveyayinevi.com.tr\/index.php\/urun\/bir-deli-degilin-defterleri\/","title":{"rendered":"Bir Deli De\u011filin Defterleri"},"content":{"rendered":"<p>\u201cDeliyim, demek ki g\u00f6r\u00fcyorum. Ne yaz\u0131k ki, fena halde k\u0131z\u0131yorum g\u00f6rd\u00fcklerime.\u201d   \u015ei\u015fedeki Adam ile ba\u015flar Feyyaz Kayacan\u2019\u0131n \u00f6yk\u00fc yolculu\u011fu. Ger\u00e7ek\u00fcst\u00fcc\u00fc bir ruh halinin metinleridir onlar. \u0130kinci D\u00fcnya Sava\u015f\u0131\u2019n\u0131n tan\u0131\u011f\u0131 olarak kaleme ald\u0131\u011f\u0131 S\u0131\u011f\u0131nak Hik\u00e2yeleri\u2019nde, umudun insan\u0131 diren\u00e7li tutan insan\u00fcst\u00fc taraf\u0131n\u0131 anlat\u0131r. Cehennemde Bir Yusuf\u2019ta bu kez \u201cTerzela\u201ddan seslenir ve yer yer isyan eder. Sadece dil olarak de\u011fil, bi\u00e7imsel olarak da s\u0131n\u0131rlar\u0131n ucundad\u0131r. \u0130lk \u00f6yk\u00fc kitab\u0131na \u00fc\u00e7 yeni \u00f6yk\u00fc ekleyerek yay\u0131mlad\u0131\u011f\u0131 Hi\u00e7o\u011flu\u2019nun Ser\u00fcvenleri gelece\u011fe do\u011fru at\u0131lm\u0131\u015f bir i\u015faret fi\u015fe\u011fi gibidir. Gibiciler ise hem toplum hem de d\u00f6nemin edebiyat ortam\u0131 ele\u015ftirisidir. Hayattayken yay\u0131mlad\u0131\u011f\u0131 son \u00f6yk\u00fc kitab\u0131 Bir Deli De\u011filin Defterleri\u2019nde ise \u00f6yk\u00fcde yapmak istediklerini yapm\u0131\u015f bir Feyyaz Kayacan \u00e7\u0131k\u0131yor kar\u015f\u0131m\u0131za. Klasik \u00f6yk\u00fcye, daha do\u011frudan bir anlat\u0131ma \u201colabildi\u011fince\u201d geri d\u00f6n\u00fcyor. \u0130lk g\u00fcnden beri en iyi \u00f6rne\u011fini sundu\u011fu ger\u00e7ek\u00fcst\u00fcc\u00fc dili hi\u00e7e saymadan, \u201cger\u00e7ek\u201d olan\u0131 t\u00fcm yal\u0131nl\u0131\u011f\u0131yla anlat\u0131yor. Ancak en ba\u015ftan belirtmeli, o yal\u0131nl\u0131k bu kez sert gelebilir. Adeta bir zincirin son halkas\u0131 Bir Deli De\u011filin Defterleri\u2019nde, Feyyaz Kayacan dilden anlat\u0131ma, bi\u00e7imden ses tonuna t\u00fcm y\u00f6nleriyle \u201custa\u201dl\u0131\u011f\u0131n\u0131 ta\u00e7land\u0131r\u0131yor. <\/p>\n","protected":false},"excerpt":{"rendered":"<p>\u201cDeliyim, demek ki g\u00f6r\u00fcyorum. Ne yaz\u0131k ki, fena halde k\u0131z\u0131yorum g\u00f6rd\u00fcklerime.\u201d \u015ei\u015fedeki Adam ile ba\u015flar Feyyaz Kayacan\u2019\u0131n \u00f6yk\u00fc yolculu\u011fu. Ger\u00e7ek\u00fcst\u00fcc\u00fc bir ruh halinin metinleridir onlar. \u0130kinci<span class=\"excerpt-hellip\"> [\u2026]<\/span><\/p>\n","protected":false},"featured_media":0,"template":"","meta":{"_monsterinsights_skip_tracking":false,"_monsterinsights_sitenote_active":false,"_monsterinsights_sitenote_note":"","_monsterinsights_sitenote_category":0},"product_brand":[],"product_cat":[12291,18202],"product_tag":[],"class_list":{"0":"post-745925","1":"product","2":"type-product","3":"status-publish","5":"product_cat-edebiyat","6":"product_cat-hikaye","7":"pa_cilt-ciltsiz","8":"pa_tur-kitap","9":"pa_yayinevi-kirmizi-kedi-yayinevi","10":"pa_yazar-feyyaz-kayacan","12":"first","13":"instock","14":"sale","15":"shipping-taxable","16":"purchasable","17":"product-type-simple"},"_links":{"self":[{"href":"https:\/\/roveyayinevi.com.tr\/index.php\/wp-json\/wp\/v2\/product\/745925","targetHints":{"allow":["GET"]}}],"collection":[{"href":"https:\/\/roveyayinevi.com.tr\/index.php\/wp-json\/wp\/v2\/product"}],"about":[{"href":"https:\/\/roveyayinevi.com.tr\/index.php\/wp-json\/wp\/v2\/types\/product"}],"wp:attachment":[{"href":"https:\/\/roveyayinevi.com.tr\/index.php\/wp-json\/wp\/v2\/media?parent=745925"}],"wp:term":[{"taxonomy":"product_brand","embeddable":true,"href":"https:\/\/roveyayinevi.com.tr\/index.php\/wp-json\/wp\/v2\/product_brand?post=745925"},{"taxonomy":"product_cat","embeddable":true,"href":"https:\/\/roveyayinevi.com.tr\/index.php\/wp-json\/wp\/v2\/product_cat?post=745925"},{"taxonomy":"product_tag","embeddable":true,"href":"https:\/\/roveyayinevi.com.tr\/index.php\/wp-json\/wp\/v2\/product_tag?post=745925"}],"curies":[{"name":"wp","href":"https:\/\/api.w.org\/{rel}","templated":true}]}}