{"id":745923,"date":"2025-08-28T02:30:57","date_gmt":"2025-08-27T23:30:57","guid":{"rendered":"https:\/\/roveyayinevi.com.tr\/index.php\/urun\/rumi\/"},"modified":"2026-04-16T02:58:24","modified_gmt":"2026-04-15T23:58:24","slug":"rumi","status":"publish","type":"product","link":"https:\/\/roveyayinevi.com.tr\/index.php\/urun\/rumi\/","title":{"rendered":"Rumi"},"content":{"rendered":"<p>D\u00fc\u015fte olmay\u0131 isterdim. G\u00f6zlerimi a\u00e7\u0131p, solu\u011fumu ta i\u00e7lerime \u00e7ekmeyi&#8230;   Balkanlar\u0131n \u00fccra bir k\u00f6y\u00fcnde ba\u015flayan, Anadolu\u2019nun, nam\u0131 di\u011fer \u201cRum ili\u201dnin bilinmeyen bir k\u0131y\u0131s\u0131nda sona eren bir hik\u00e2ye. Tek bir ki\u015finin hik\u00e2yesi de\u011fil bu, binlerin hatta on binlerin hik\u00e2yesi. Do\u011fdu\u011funda ba\u015fka, \u00f6ld\u00fc\u011f\u00fcnde ba\u015fka adla an\u0131lanlar\u0131n hik\u00e2yesi&#8230; Rumi \u2013 Al Libasl\u0131 Kara Kuzu, al\u0131\u015f\u0131lm\u0131\u015f\u0131n d\u0131\u015f\u0131nda bir tarihi roman. <\/p>\n","protected":false},"excerpt":{"rendered":"<p>D\u00fc\u015fte olmay\u0131 isterdim. G\u00f6zlerimi a\u00e7\u0131p, solu\u011fumu ta i\u00e7lerime \u00e7ekmeyi&#8230; Balkanlar\u0131n \u00fccra bir k\u00f6y\u00fcnde ba\u015flayan, Anadolu\u2019nun, nam\u0131 di\u011fer \u201cRum ili\u201dnin bilinmeyen bir k\u0131y\u0131s\u0131nda sona eren bir hik\u00e2ye.<span class=\"excerpt-hellip\"> [\u2026]<\/span><\/p>\n","protected":false},"featured_media":0,"template":"","meta":{"_monsterinsights_skip_tracking":false,"_monsterinsights_sitenote_active":false,"_monsterinsights_sitenote_note":"","_monsterinsights_sitenote_category":0},"product_brand":[],"product_cat":[12291,12745],"product_tag":[],"class_list":{"0":"post-745923","1":"product","2":"type-product","3":"status-publish","5":"product_cat-edebiyat","6":"product_cat-tarihi-roman","7":"pa_cilt-ciltsiz","8":"pa_tur-kitap","9":"pa_yayinevi-kirmizi-kedi-yayinevi","10":"pa_yazar-mete-aygun","12":"first","13":"instock","14":"sale","15":"shipping-taxable","16":"purchasable","17":"product-type-simple"},"_links":{"self":[{"href":"https:\/\/roveyayinevi.com.tr\/index.php\/wp-json\/wp\/v2\/product\/745923","targetHints":{"allow":["GET"]}}],"collection":[{"href":"https:\/\/roveyayinevi.com.tr\/index.php\/wp-json\/wp\/v2\/product"}],"about":[{"href":"https:\/\/roveyayinevi.com.tr\/index.php\/wp-json\/wp\/v2\/types\/product"}],"wp:attachment":[{"href":"https:\/\/roveyayinevi.com.tr\/index.php\/wp-json\/wp\/v2\/media?parent=745923"}],"wp:term":[{"taxonomy":"product_brand","embeddable":true,"href":"https:\/\/roveyayinevi.com.tr\/index.php\/wp-json\/wp\/v2\/product_brand?post=745923"},{"taxonomy":"product_cat","embeddable":true,"href":"https:\/\/roveyayinevi.com.tr\/index.php\/wp-json\/wp\/v2\/product_cat?post=745923"},{"taxonomy":"product_tag","embeddable":true,"href":"https:\/\/roveyayinevi.com.tr\/index.php\/wp-json\/wp\/v2\/product_tag?post=745923"}],"curies":[{"name":"wp","href":"https:\/\/api.w.org\/{rel}","templated":true}]}}