{"id":745922,"date":"2025-08-28T02:30:55","date_gmt":"2025-08-27T23:30:55","guid":{"rendered":"https:\/\/roveyayinevi.com.tr\/index.php\/urun\/oykuyu-yazmak\/"},"modified":"2026-04-16T02:58:24","modified_gmt":"2026-04-15T23:58:24","slug":"oykuyu-yazmak","status":"publish","type":"product","link":"https:\/\/roveyayinevi.com.tr\/index.php\/urun\/oykuyu-yazmak\/","title":{"rendered":"\u00d6yk\u00fcy\u00fc Yazmak"},"content":{"rendered":"<p>Bu kitap yeni ba\u015flayanlar ve hevesliler i\u00e7in \u201c\u00f6yk\u00fc yazmak\u201d konusunda bir rehber. Bu kitap \u00f6yk\u00fcye farkl\u0131 g\u00f6zle bakabilmek isteyenler i\u00e7in bir \u201ck\u0131lavuz\u201d. Bu kitap yakla\u015f\u0131k elli y\u0131ll\u0131k yazarl\u0131k kariyerine \u00f6yk\u00fc yazarak ba\u015flayan, yazd\u0131\u011f\u0131 \u00f6yk\u00fclerle \u00f6d\u00fcller alan, arada ba\u015fka t\u00fcrden kitaplar yazsa da g\u00f6nl\u00fc hep \u00f6yk\u00fcden yana olan bir \u201c\u00f6yk\u00fcc\u00fcn\u00fcn\u201d kendi deneyiminin aktar\u0131m\u0131.Daha \u00f6nce yay\u0131mlanan \u00d6yk\u00fcy\u00fc Okumak kitab\u0131n\u0131n karde\u015fi say\u0131labilecek \u00d6yk\u00fcy\u00fc Yazmak\u2019ta Feyza Hep\u00e7ilingirler, \u00f6yk\u00fc yazmak isteyenlere elini uzat\u0131yor. \u00d6yk\u00fcn\u00fcn, kurmacan\u0131n, iyi bir metnin gereklerinden ve bununla birlikte kendi \u00f6yk\u00fc yolculu\u011fundan s\u00f6z ediyor. Kimseye dayatmalarda bulunmadan, \u00f6nlerindeki yolun ne kadar uzun ve zorlu oldu\u011funu, bu yolculukta neler ya\u015fanabilece\u011fini hem kuramsal hem de uygulamal\u0131 olarak anlat\u0131yor.   \u201cBu kitapla ne yapmak istiyorum? Uzaktan bakmaya yetecek kadar uzun bir ara verdi\u011fim i\u00e7in, ya\u015fam\u0131m\u0131n bu dura\u011f\u0131nda bir durup kendi \u00f6yk\u00fcc\u00fcl\u00fc\u011f\u00fcme, \u00f6zellikle nas\u0131l ba\u015flad\u0131\u011f\u0131ma, ba\u015flang\u0131\u00e7ta neler yazd\u0131\u011f\u0131ma bakmak istiyorum. Yazman\u0131n en zor yan\u0131n\u0131n ba\u015flamak oldu\u011funu biliyorum \u00e7\u00fcnk\u00fc. \u00d6yk\u00fc yazmak isteyenlere kendi \u00f6yk\u00fc deneyimimi payla\u015farak yol g\u00f6stermek istiyorum.\u201d <\/p>\n","protected":false},"excerpt":{"rendered":"<p>Bu kitap yeni ba\u015flayanlar ve hevesliler i\u00e7in \u201c\u00f6yk\u00fc yazmak\u201d konusunda bir rehber. Bu kitap \u00f6yk\u00fcye farkl\u0131 g\u00f6zle bakabilmek isteyenler i\u00e7in bir \u201ck\u0131lavuz\u201d. Bu kitap yakla\u015f\u0131k elli<span class=\"excerpt-hellip\"> [\u2026]<\/span><\/p>\n","protected":false},"featured_media":0,"template":"","meta":{"_monsterinsights_skip_tracking":false,"_monsterinsights_sitenote_active":false,"_monsterinsights_sitenote_note":"","_monsterinsights_sitenote_category":0},"product_brand":[],"product_cat":[12777,12291],"product_tag":[],"class_list":{"0":"post-745922","1":"product","2":"type-product","3":"status-publish","5":"product_cat-deneme","6":"product_cat-edebiyat","7":"pa_cilt-ciltsiz","8":"pa_tur-kitap","9":"pa_yayinevi-kirmizi-kedi-yayinevi","10":"pa_yazar-feyza-hepcilingirler","12":"first","13":"instock","14":"sale","15":"shipping-taxable","16":"purchasable","17":"product-type-simple"},"_links":{"self":[{"href":"https:\/\/roveyayinevi.com.tr\/index.php\/wp-json\/wp\/v2\/product\/745922","targetHints":{"allow":["GET"]}}],"collection":[{"href":"https:\/\/roveyayinevi.com.tr\/index.php\/wp-json\/wp\/v2\/product"}],"about":[{"href":"https:\/\/roveyayinevi.com.tr\/index.php\/wp-json\/wp\/v2\/types\/product"}],"wp:attachment":[{"href":"https:\/\/roveyayinevi.com.tr\/index.php\/wp-json\/wp\/v2\/media?parent=745922"}],"wp:term":[{"taxonomy":"product_brand","embeddable":true,"href":"https:\/\/roveyayinevi.com.tr\/index.php\/wp-json\/wp\/v2\/product_brand?post=745922"},{"taxonomy":"product_cat","embeddable":true,"href":"https:\/\/roveyayinevi.com.tr\/index.php\/wp-json\/wp\/v2\/product_cat?post=745922"},{"taxonomy":"product_tag","embeddable":true,"href":"https:\/\/roveyayinevi.com.tr\/index.php\/wp-json\/wp\/v2\/product_tag?post=745922"}],"curies":[{"name":"wp","href":"https:\/\/api.w.org\/{rel}","templated":true}]}}