{"id":745921,"date":"2025-08-28T02:30:54","date_gmt":"2025-08-27T23:30:54","guid":{"rendered":"https:\/\/roveyayinevi.com.tr\/index.php\/urun\/kuslarin-gogu-onunde\/"},"modified":"2026-04-16T02:58:24","modified_gmt":"2026-04-15T23:58:24","slug":"kuslarin-gogu-onunde","status":"publish","type":"product","link":"https:\/\/roveyayinevi.com.tr\/index.php\/urun\/kuslarin-gogu-onunde\/","title":{"rendered":"Ku\u015flar\u0131n G\u00f6\u011f\u00fc \u00d6n\u00fcnde"},"content":{"rendered":"<p>Ku\u015flar\u0131n g\u00f6\u011f\u00fc \u00f6n\u00fcnde \u0131\u015f\u0131kla y\u0131kand\u0131k Su g\u00fcne\u015fle y\u0131kand\u0131 ve \u00fcz\u00fcm g\u00fczle Ben bekleyi\u015finle y\u0131kand\u0131m senin Ay oradayd\u0131 Sen bana ku\u015flardan daha maviydin<\/p>\n","protected":false},"excerpt":{"rendered":"<p>Ku\u015flar\u0131n g\u00f6\u011f\u00fc \u00f6n\u00fcnde \u0131\u015f\u0131kla y\u0131kand\u0131k Su g\u00fcne\u015fle y\u0131kand\u0131 ve \u00fcz\u00fcm g\u00fczle Ben bekleyi\u015finle y\u0131kand\u0131m senin Ay oradayd\u0131 Sen bana ku\u015flardan daha maviydin<\/p>\n","protected":false},"featured_media":0,"template":"","meta":{"_monsterinsights_skip_tracking":false,"_monsterinsights_sitenote_active":false,"_monsterinsights_sitenote_note":"","_monsterinsights_sitenote_category":0},"product_brand":[],"product_cat":[12291,12509],"product_tag":[],"class_list":{"0":"post-745921","1":"product","2":"type-product","3":"status-publish","5":"product_cat-edebiyat","6":"product_cat-siir","7":"pa_cilt-ciltsiz","8":"pa_tur-kitap","9":"pa_yayinevi-kirmizi-kedi-yayinevi","10":"pa_yazar-haydar-ergulen","12":"first","13":"instock","14":"sale","15":"shipping-taxable","16":"purchasable","17":"product-type-simple"},"_links":{"self":[{"href":"https:\/\/roveyayinevi.com.tr\/index.php\/wp-json\/wp\/v2\/product\/745921","targetHints":{"allow":["GET"]}}],"collection":[{"href":"https:\/\/roveyayinevi.com.tr\/index.php\/wp-json\/wp\/v2\/product"}],"about":[{"href":"https:\/\/roveyayinevi.com.tr\/index.php\/wp-json\/wp\/v2\/types\/product"}],"wp:attachment":[{"href":"https:\/\/roveyayinevi.com.tr\/index.php\/wp-json\/wp\/v2\/media?parent=745921"}],"wp:term":[{"taxonomy":"product_brand","embeddable":true,"href":"https:\/\/roveyayinevi.com.tr\/index.php\/wp-json\/wp\/v2\/product_brand?post=745921"},{"taxonomy":"product_cat","embeddable":true,"href":"https:\/\/roveyayinevi.com.tr\/index.php\/wp-json\/wp\/v2\/product_cat?post=745921"},{"taxonomy":"product_tag","embeddable":true,"href":"https:\/\/roveyayinevi.com.tr\/index.php\/wp-json\/wp\/v2\/product_tag?post=745921"}],"curies":[{"name":"wp","href":"https:\/\/api.w.org\/{rel}","templated":true}]}}