{"id":745920,"date":"2025-08-28T02:30:53","date_gmt":"2025-08-27T23:30:53","guid":{"rendered":"https:\/\/roveyayinevi.com.tr\/index.php\/urun\/herkes-bir-anda-buyur\/"},"modified":"2026-04-16T02:58:24","modified_gmt":"2026-04-15T23:58:24","slug":"herkes-bir-anda-buyur","status":"publish","type":"product","link":"https:\/\/roveyayinevi.com.tr\/index.php\/urun\/herkes-bir-anda-buyur\/","title":{"rendered":"Herkes Bir Anda B\u00fcy\u00fcr"},"content":{"rendered":"<p>\u201cBu memlekette b\u00fcy\u00fcm\u00fc\u015f yazarlar\u0131n \u00e7ocukluk hat\u0131ralar\u0131nda, haf\u0131zalar\u0131n\u0131n en gizli odalar\u0131nda neler sakl\u0131d\u0131r? Her yazar\u0131n \u00e7ocukluk an\u0131lar\u0131nda (ya da yaralar\u0131nda), illa ki darbe\u2019lenen gen\u00e7lik g\u00fcnlerinde, ebeveynleri, arkada\u015flar\u0131 ya da \u015fehirle kurduklar\u0131 ili\u015fkide eteklerinde biriken ne \u00e7ok ta\u015f varm\u0131\u015f me\u011fer. Eminin siz de okurken, yetmi\u015f y\u0131ldan bu yana d\u00f6\u015fenmi\u015f bu ta\u015flar\u0131n \u00fczerinden ge\u00e7erken, her bir yazar\u0131n yaras\u0131na, an\u0131s\u0131na, ne\u015fesine, co\u015fkusuna, ukdesine yak\u0131ndan bakma imk\u00e2n\u0131 bulacak, onlar\u0131 \u2018yazar yapan ipu\u00e7lar\u0131n\u0131n\u2019 sat\u0131r aralar\u0131ndan g\u00f6z k\u0131rpt\u0131\u011f\u0131n\u0131 fark edeceksiniz.\u201d Figen \u015eakac\u0131\u2019n\u0131n derledi\u011fi ve \u00e7a\u011fda\u015f edebiyat\u0131m\u0131z\u0131n 12 \u00f6zg\u00fcn yazar\u0131n\u0131n b\u00fcy\u00fcme hik\u00e2yeleriyle yer ald\u0131\u011f\u0131 Herkes Bir Anda B\u00fcy\u00fcr, hem farkl\u0131 ku\u015faklar\u0131n ilkgen\u00e7lik an\u0131lar\u0131n\u0131 bir araya getiriyor hem de T\u00fcrkiye\u2019nin yak\u0131n tarihine edebiyatla \u0131\u015f\u0131k tutuyor. <\/p>\n","protected":false},"excerpt":{"rendered":"<p>\u201cBu memlekette b\u00fcy\u00fcm\u00fc\u015f yazarlar\u0131n \u00e7ocukluk hat\u0131ralar\u0131nda, haf\u0131zalar\u0131n\u0131n en gizli odalar\u0131nda neler sakl\u0131d\u0131r? Her yazar\u0131n \u00e7ocukluk an\u0131lar\u0131nda (ya da yaralar\u0131nda), illa ki darbe\u2019lenen gen\u00e7lik g\u00fcnlerinde, ebeveynleri, arkada\u015flar\u0131<span class=\"excerpt-hellip\"> [\u2026]<\/span><\/p>\n","protected":false},"featured_media":0,"template":"","meta":{"_monsterinsights_skip_tracking":false,"_monsterinsights_sitenote_active":false,"_monsterinsights_sitenote_note":"","_monsterinsights_sitenote_category":0},"product_brand":[],"product_cat":[12291,15117],"product_tag":[],"class_list":{"0":"post-745920","1":"product","2":"type-product","3":"status-publish","5":"product_cat-edebiyat","6":"product_cat-genclik-edebiyati","7":"pa_cilt-ciltsiz","8":"pa_tur-kitap","9":"pa_yayinevi-kirmizi-kedi-yayinevi","10":"pa_yazar-kolektif","12":"first","13":"instock","14":"sale","15":"shipping-taxable","16":"purchasable","17":"product-type-simple"},"_links":{"self":[{"href":"https:\/\/roveyayinevi.com.tr\/index.php\/wp-json\/wp\/v2\/product\/745920","targetHints":{"allow":["GET"]}}],"collection":[{"href":"https:\/\/roveyayinevi.com.tr\/index.php\/wp-json\/wp\/v2\/product"}],"about":[{"href":"https:\/\/roveyayinevi.com.tr\/index.php\/wp-json\/wp\/v2\/types\/product"}],"wp:attachment":[{"href":"https:\/\/roveyayinevi.com.tr\/index.php\/wp-json\/wp\/v2\/media?parent=745920"}],"wp:term":[{"taxonomy":"product_brand","embeddable":true,"href":"https:\/\/roveyayinevi.com.tr\/index.php\/wp-json\/wp\/v2\/product_brand?post=745920"},{"taxonomy":"product_cat","embeddable":true,"href":"https:\/\/roveyayinevi.com.tr\/index.php\/wp-json\/wp\/v2\/product_cat?post=745920"},{"taxonomy":"product_tag","embeddable":true,"href":"https:\/\/roveyayinevi.com.tr\/index.php\/wp-json\/wp\/v2\/product_tag?post=745920"}],"curies":[{"name":"wp","href":"https:\/\/api.w.org\/{rel}","templated":true}]}}