{"id":745919,"date":"2025-08-28T02:30:51","date_gmt":"2025-08-27T23:30:51","guid":{"rendered":"https:\/\/roveyayinevi.com.tr\/index.php\/urun\/hakikat-burosu\/"},"modified":"2026-04-16T02:58:24","modified_gmt":"2026-04-15T23:58:24","slug":"hakikat-burosu","status":"publish","type":"product","link":"https:\/\/roveyayinevi.com.tr\/index.php\/urun\/hakikat-burosu\/","title":{"rendered":"Hakikat B\u00fcrosu"},"content":{"rendered":"<p>COLE TURNER, hayat\u0131 boyunca D\u00fcz D\u00fcnyadan ve JFK Suikast\u0131ndan bug\u00fcn\u00fcn kriz akt\u00f6rlerine kadar t\u00fcm komplo teorilerini ara\u015ft\u0131rd\u0131 fakat m\u00fc\u015fterek inanc\u0131n, marjinal teorileri ger\u00e7e\u011fe \u00e7evirebildi\u011fi bir d\u00fcnyada ya\u015famaya haz\u0131r de\u011fildi. Bu s\u0131rr\u0131, Amerikan h\u00fck\u00fcmetinin nesiller boyunca tehlikeli komplolar\u0131n ger\u00e7ek d\u00fcnyada kendilerine bir yer edinememeleriyle g\u00f6revlendirdi\u011fi \u00e7ok gizli HAK\u0130KAT B\u00dcROSU\u2019na al\u0131nd\u0131\u011f\u0131nda \u00f6\u011frendi. Cole, bir yandan ger\u00e7ek diye kabul etti\u011fi her \u015feyin \u00fcst\u00fcndeki perdeyi aralarken di\u011fer yandan bu gizemli B\u00fcronun iyilik u\u011fruna m\u0131 sava\u015ft\u0131\u011f\u0131n\u0131\u2026 yoksa HAK\u0130KAT\u0130 kontrol etmek gibi \u00e7ok daha sinsi emelleri mi oldu\u011funu sorguluyor.   New York Times \u00e7ok satan yazar\u0131 JAMES TYNION IV (Batman, Something is Killing the Children) ve harika bir \u00e7\u0131k\u0131\u015f yakalayan \u00e7izer MARTIN SIMMONS (Dying is Easy) hakikatle kurgunun irdelenmesi ve hangisinin hangisi oldu una kimin karar verece\u011fi \u00fcst\u00fcne yepyeni bir \u015faheser sunuyorlar. Bu cilt, THE DEPARTMENT OF TRUTH #1-5 say\u0131lar\u0131n\u0131 i\u00e7ermektedir.   JAMES TYNION V New York Times \u00e7ok satanlar\u0131ndan, GLAAD Media \u00d6d\u00fcl\u00fc sahibi ve Eisner aday\u0131 olmu\u015f, her t\u00fcrde ve boyutta \u00e7izgi romanlar\u0131n yazar\u0131d\u0131r. En bilindik i\u015fleri, DC Comics i\u00e7in Batman ve Boom Studios i\u00e7in ortak yazarl\u0131k yapt\u0131\u011f\u0131 Something is Killing the Children\u2019d\u0131r. On dokuz ya\u015f\u0131ndan beri JFK filmini y\u0131lda \u00fc\u00e7 ya da d\u00f6rt kez izler. Partneri ve garip ihtiyar k\u00f6pe\u011fiyle birlikte Brooklyn\u2019de ya\u015famaktad\u0131r.   MARTIN SIMMONDS \u00c7izgi roman \u00e7izeridir ve Dying is Easy (Joe Hill\u2019le birlikte), Punks Not Dead (David Barnett\u2019le birlikte) ve Friendo (Alex Paknadel\u2019le birlikte) kitaplar\u0131n\u0131n ortak yarat\u0131c\u0131s\u0131d\u0131r. Ayn\u0131 zamanda Marvel\u2019\u0131n The Immortal Hulk serisine katk\u0131da bulunmu\u015ftur ve ayr\u0131ca yine Marvel\u2019\u0131n Quicksilver: No Surrender ve Jessica Jones serilerinin kapak \u00e7izeridir. <\/p>\n","protected":false},"excerpt":{"rendered":"<p>COLE TURNER, hayat\u0131 boyunca D\u00fcz D\u00fcnyadan ve JFK Suikast\u0131ndan bug\u00fcn\u00fcn kriz akt\u00f6rlerine kadar t\u00fcm komplo teorilerini ara\u015ft\u0131rd\u0131 fakat m\u00fc\u015fterek inanc\u0131n, marjinal teorileri ger\u00e7e\u011fe \u00e7evirebildi\u011fi bir d\u00fcnyada<span class=\"excerpt-hellip\"> [\u2026]<\/span><\/p>\n","protected":false},"featured_media":0,"template":"","meta":{"_monsterinsights_skip_tracking":false,"_monsterinsights_sitenote_active":false,"_monsterinsights_sitenote_note":"","_monsterinsights_sitenote_category":0},"product_brand":[],"product_cat":[12689,12274],"product_tag":[],"class_list":{"0":"post-745919","1":"product","2":"type-product","3":"status-publish","5":"product_cat-cizgi-roman-cocuk-ve-genclik-kitaplari","6":"product_cat-cocuk-ve-genclik-kitaplari","7":"pa_cilt-ciltsiz","8":"pa_tur-kitap","9":"pa_yayinevi-kayip-kita-yayinlari","10":"pa_yazar-james-tynion-iv","12":"first","13":"instock","14":"sale","15":"shipping-taxable","16":"purchasable","17":"product-type-simple"},"_links":{"self":[{"href":"https:\/\/roveyayinevi.com.tr\/index.php\/wp-json\/wp\/v2\/product\/745919","targetHints":{"allow":["GET"]}}],"collection":[{"href":"https:\/\/roveyayinevi.com.tr\/index.php\/wp-json\/wp\/v2\/product"}],"about":[{"href":"https:\/\/roveyayinevi.com.tr\/index.php\/wp-json\/wp\/v2\/types\/product"}],"wp:attachment":[{"href":"https:\/\/roveyayinevi.com.tr\/index.php\/wp-json\/wp\/v2\/media?parent=745919"}],"wp:term":[{"taxonomy":"product_brand","embeddable":true,"href":"https:\/\/roveyayinevi.com.tr\/index.php\/wp-json\/wp\/v2\/product_brand?post=745919"},{"taxonomy":"product_cat","embeddable":true,"href":"https:\/\/roveyayinevi.com.tr\/index.php\/wp-json\/wp\/v2\/product_cat?post=745919"},{"taxonomy":"product_tag","embeddable":true,"href":"https:\/\/roveyayinevi.com.tr\/index.php\/wp-json\/wp\/v2\/product_tag?post=745919"}],"curies":[{"name":"wp","href":"https:\/\/api.w.org\/{rel}","templated":true}]}}