{"id":745918,"date":"2025-08-28T02:30:50","date_gmt":"2025-08-27T23:30:50","guid":{"rendered":"https:\/\/roveyayinevi.com.tr\/index.php\/urun\/itiraf-3\/"},"modified":"2026-04-16T02:58:24","modified_gmt":"2026-04-15T23:58:24","slug":"itiraf-3","status":"publish","type":"product","link":"https:\/\/roveyayinevi.com.tr\/index.php\/urun\/itiraf-3\/","title":{"rendered":"\u0130tiraf"},"content":{"rendered":"<p>A\u015fk u\u011fruna her \u015feyi riske atanlar\u0131n, ger\u00e7ekle yalan aras\u0131nda kalbinin sesini bulanlar\u0131n hik\u00e2yesi&#8230;   Yirmi bir ya\u015f\u0131ndaki Auburn Reed, hayatta de\u011fer verdi\u011fi ne varsa \u00e7oktan kaybetmi\u015ftir. Hayat\u0131n\u0131 yeniden kurma m\u00fccade- lesinde \u00f6nemli bir ama\u00e7 edinir ve bu m\u00fccadelede hataya yer yoktur. Ama i\u015f bulmak i\u00e7in gitti\u011fi Dallas st\u00fcdyosunda, orada \u00e7al\u0131\u015fan ressam Owen Gentry\u2019nin \u00e7ekicili\u011fi kar\u015f\u0131s\u0131nda kay\u0131ts\u0131z kalamayaca\u011f\u0131n\u0131 hesaba katmam\u0131\u015ft\u0131r.   Auburn bir kez olsun kalbinin sesini dinleyip bu gen\u00e7 ressama duydu\u011fu a\u015fka kap\u0131lmak istese de Owen\u2019\u0131n saklad\u0131\u011f\u0131 bir s\u0131r buna izin vermez. Onun karanl\u0131k ge\u00e7mi\u015fi, Aurbun\u2019\u00fcn de\u011fer verdi\u011fi her \u015feyi yok edecek g\u00fc\u00e7tedir. Hayat\u0131n\u0131 geri kazanmak i\u00e7in bu gen\u00e7 ressamdan kurtulmas\u0131 gerekir. Peki, Auburn bunu ba\u015farabilecek mi?   Owen\u2019\u0131n ise bu ili\u015fkiyi kurtarmak i\u00e7in tek yapmas\u0131 gereken bir itiraf&#8230; Ama bu itiraf, esas g\u00fcnah\u0131ndan \u00e7ok daha y\u0131k\u0131c\u0131.   \u201cHoover, a\u015fka ikinci \u015fans verdi\u011fi hik\u00e2yesinde kalbinizin en derinine dokunuyor.\u201d \u2013 Booklist   \u201cColleen Hoover yine bay\u0131laca\u011f\u0131n\u0131z bir roman sunuyor. \u015ea\u015f\u0131rtan, g\u00fcl\u00fcmsemenizi sa\u011flayan ve h\u00fcz\u00fcnlendiren bir roman&#8230;\u201d \u2013Vilma\u2019s Book Blog<\/p>\n","protected":false},"excerpt":{"rendered":"<p>A\u015fk u\u011fruna her \u015feyi riske atanlar\u0131n, ger\u00e7ekle yalan aras\u0131nda kalbinin sesini bulanlar\u0131n hik\u00e2yesi&#8230; Yirmi bir ya\u015f\u0131ndaki Auburn Reed, hayatta de\u011fer verdi\u011fi ne varsa \u00e7oktan kaybetmi\u015ftir. Hayat\u0131n\u0131<span class=\"excerpt-hellip\"> [\u2026]<\/span><\/p>\n","protected":false},"featured_media":0,"template":"","meta":{"_monsterinsights_skip_tracking":false,"_monsterinsights_sitenote_active":false,"_monsterinsights_sitenote_note":"","_monsterinsights_sitenote_category":0},"product_brand":[],"product_cat":[12291,12711],"product_tag":[],"class_list":{"0":"post-745918","1":"product","2":"type-product","3":"status-publish","5":"product_cat-edebiyat","6":"product_cat-roman-oyku","7":"pa_cilt-ciltsiz","8":"pa_tur-kitap","9":"pa_yayinevi-epsilon-yayinlari","10":"pa_yazar-colleen-hoover","12":"first","13":"instock","14":"sale","15":"shipping-taxable","16":"purchasable","17":"product-type-simple"},"_links":{"self":[{"href":"https:\/\/roveyayinevi.com.tr\/index.php\/wp-json\/wp\/v2\/product\/745918","targetHints":{"allow":["GET"]}}],"collection":[{"href":"https:\/\/roveyayinevi.com.tr\/index.php\/wp-json\/wp\/v2\/product"}],"about":[{"href":"https:\/\/roveyayinevi.com.tr\/index.php\/wp-json\/wp\/v2\/types\/product"}],"wp:attachment":[{"href":"https:\/\/roveyayinevi.com.tr\/index.php\/wp-json\/wp\/v2\/media?parent=745918"}],"wp:term":[{"taxonomy":"product_brand","embeddable":true,"href":"https:\/\/roveyayinevi.com.tr\/index.php\/wp-json\/wp\/v2\/product_brand?post=745918"},{"taxonomy":"product_cat","embeddable":true,"href":"https:\/\/roveyayinevi.com.tr\/index.php\/wp-json\/wp\/v2\/product_cat?post=745918"},{"taxonomy":"product_tag","embeddable":true,"href":"https:\/\/roveyayinevi.com.tr\/index.php\/wp-json\/wp\/v2\/product_tag?post=745918"}],"curies":[{"name":"wp","href":"https:\/\/api.w.org\/{rel}","templated":true}]}}