{"id":745917,"date":"2025-08-28T02:30:49","date_gmt":"2025-08-27T23:30:49","guid":{"rendered":"https:\/\/roveyayinevi.com.tr\/index.php\/urun\/koklere-donus-nesilden-nesile-gecen-yemekler\/"},"modified":"2026-04-16T02:58:24","modified_gmt":"2026-04-15T23:58:24","slug":"koklere-donus-nesilden-nesile-gecen-yemekler","status":"publish","type":"product","link":"https:\/\/roveyayinevi.com.tr\/index.php\/urun\/koklere-donus-nesilden-nesile-gecen-yemekler\/","title":{"rendered":"K\u00f6klere D\u00f6n\u00fc\u015f: Nesilden Nesile Ge\u00e7en Yemekler"},"content":{"rendered":"<p>A\u011fz\u0131m\u0131z\u0131 saran tatlar, kap\u0131dan ta\u015fan kokular, i\u00e7eriden gelen k\u0131zartma sesi, en sevdi\u011fimiz re\u00e7elin k\u00e2sede par\u0131ldayan rengi, \u00e7\u0131t\u0131r \u00e7\u0131t\u0131r bir b\u00f6rek, lezzetlerin i\u00e7 i\u00e7e ge\u00e7ti\u011fi sofralar\u2026   Yemek, t\u00fcm duyulara birden hitap etmekle kalm\u0131yor, insanlar\u0131 sofra ba\u015f\u0131nda birle\u015ftiriyor, hik\u00e2yeleri nesilden nesile ta\u015f\u0131yor. Bu y\u00fczden kimi zaman \u00e7ok sevdi\u011fimiz bir aile \u00fcyesinin tarifini yaparken duygulan\u0131yoruz, kimi zamansa ailenin gen\u00e7 \u00fcyelerine tarifleri aktaran biz oluyoruz. \u00c7\u00fcnk\u00fc yemek ayn\u0131 zamanda hat\u0131ralar\u0131, kimli\u011fimizi ve k\u00fclt\u00fcr\u00fc ya\u015fatman\u0131n bir yolu, biliyoruz\u2026   Lian Penso Benbasat da birbirinden k\u0131ymetli aile yadig\u00e2r\u0131 tariflerin kaybolmamas\u0131 i\u00e7in kay\u0131t alt\u0131na al\u0131nmas\u0131n\u0131n gerekti\u011fini fark ederek mutfa\u011fa girmi\u015f, girmekle kalmay\u0131p ba\u015fkalar\u0131n\u0131n mutfaklar\u0131na konuk olmu\u015f bir yemek ara\u015ft\u0131rmac\u0131s\u0131. Onun \u00fc\u00e7 y\u0131ld\u0131r s\u00fcrd\u00fcrd\u00fc\u011f\u00fc projesinin sonucunda toplad\u0131\u011f\u0131 bu de\u011ferli tarifler \u015fimdi K\u00f6klere D\u00f6n\u00fc\u015f: Nesilden Nesile Ge\u00e7en Yemekler\u2019de bir araya geliyor, hem farkl\u0131 nesiller hem de farkl\u0131 k\u00fclt\u00fcrler aras\u0131nda k\u00f6pr\u00fcler in\u015fa ediyor. \u00dcstelik bu kitaptaki t\u00fcm tarifler evde yap\u0131labilir, zira birbirinden \u00fcnl\u00fc \u015feflerden elinin lezzetiyle nam salanlara, herkes kendi evinde pi\u015fen, ailesinde nesilden nesile ge\u00e7en re\u00e7eteleri payla\u015f\u0131yor.   Girit\u2019ten Antakya\u2019ya, Mardin\u2019den Kafkaslar\u2019a bizi mutfak mutfak gezdiren; T\u00fcrk, Rum, \u00c7erkes, Yahudi, Arnavut, Ermeni, S\u00fcryani k\u00fclt\u00fcr\u00fc gibi bu \u00fclkenin gastronomisinde iz b\u0131rakan bir\u00e7ok k\u00fclt\u00fcr\u00fcn tarifini bir araya getiren K\u00f6klere D\u00f6n\u00fc\u015f, hem yer verdi\u011fi aile hik\u00e2yeleri hem de insan\u0131n i\u00e7ine s\u0131cakl\u0131k yayan tarifleriyle okurken size kalabal\u0131k bir aile sofras\u0131n\u0131 payla\u015f\u0131yormu\u015fsunuz gibi hissettirecek. <\/p>\n","protected":false},"excerpt":{"rendered":"<p>A\u011fz\u0131m\u0131z\u0131 saran tatlar, kap\u0131dan ta\u015fan kokular, i\u00e7eriden gelen k\u0131zartma sesi, en sevdi\u011fimiz re\u00e7elin k\u00e2sede par\u0131ldayan rengi, \u00e7\u0131t\u0131r \u00e7\u0131t\u0131r bir b\u00f6rek, lezzetlerin i\u00e7 i\u00e7e ge\u00e7ti\u011fi sofralar\u2026 Yemek,<span class=\"excerpt-hellip\"> [\u2026]<\/span><\/p>\n","protected":false},"featured_media":0,"template":"","meta":{"_monsterinsights_skip_tracking":false,"_monsterinsights_sitenote_active":false,"_monsterinsights_sitenote_note":"","_monsterinsights_sitenote_category":0},"product_brand":[],"product_cat":[12457],"product_tag":[],"class_list":{"0":"post-745917","1":"product","2":"type-product","3":"status-publish","5":"product_cat-yemek-kitaplari","6":"pa_cilt-ciltsiz","7":"pa_tur-kitap","8":"pa_yayinevi-mundi","9":"pa_yazar-lian-penso-benbasat","11":"first","12":"instock","13":"sale","14":"shipping-taxable","15":"purchasable","16":"product-type-simple"},"_links":{"self":[{"href":"https:\/\/roveyayinevi.com.tr\/index.php\/wp-json\/wp\/v2\/product\/745917","targetHints":{"allow":["GET"]}}],"collection":[{"href":"https:\/\/roveyayinevi.com.tr\/index.php\/wp-json\/wp\/v2\/product"}],"about":[{"href":"https:\/\/roveyayinevi.com.tr\/index.php\/wp-json\/wp\/v2\/types\/product"}],"wp:attachment":[{"href":"https:\/\/roveyayinevi.com.tr\/index.php\/wp-json\/wp\/v2\/media?parent=745917"}],"wp:term":[{"taxonomy":"product_brand","embeddable":true,"href":"https:\/\/roveyayinevi.com.tr\/index.php\/wp-json\/wp\/v2\/product_brand?post=745917"},{"taxonomy":"product_cat","embeddable":true,"href":"https:\/\/roveyayinevi.com.tr\/index.php\/wp-json\/wp\/v2\/product_cat?post=745917"},{"taxonomy":"product_tag","embeddable":true,"href":"https:\/\/roveyayinevi.com.tr\/index.php\/wp-json\/wp\/v2\/product_tag?post=745917"}],"curies":[{"name":"wp","href":"https:\/\/api.w.org\/{rel}","templated":true}]}}