{"id":745914,"date":"2025-08-28T02:30:45","date_gmt":"2025-08-27T23:30:45","guid":{"rendered":"https:\/\/roveyayinevi.com.tr\/index.php\/urun\/iyi-kiz-kotu-son\/"},"modified":"2026-04-16T02:58:24","modified_gmt":"2026-04-15T23:58:24","slug":"iyi-kiz-kotu-son","status":"publish","type":"product","link":"https:\/\/roveyayinevi.com.tr\/index.php\/urun\/iyi-kiz-kotu-son\/","title":{"rendered":"\u0130yi K\u0131z, K\u00f6t\u00fc Son"},"content":{"rendered":"<p>\u0130yi Bir K\u0131z\u0131n Cinayet Rehberidevam ediyor.\u0130yi K\u0131z, K\u00f6t\u00fc Son\u2019da daha fazlakaranl\u0131k s\u0131r g\u00fcn y\u00fcz\u00fcne \u00e7\u0131k\u0131yor&#8230;   Pip, ya\u015fad\u0131\u011f\u0131 kasabada y\u0131llar \u00f6nce i\u015flenen cinayeti\u00e7\u00f6zd\u00fc\u011f\u00fc ara\u015ft\u0131rmas\u0131n\u0131n ard\u0131ndan bir daha asla b\u00f6ylei\u015flere bula\u015fmamaya karar verir. Ancak bu karar\u0131,ara\u015ft\u0131rmas\u0131 s\u0131ras\u0131nda ba\u015f\u0131ndan ge\u00e7enleri anlatt\u0131\u011f\u0131 birpolisiye podcast\u2019i haz\u0131rlamas\u0131na engel olmaz. Kendinisu\u00e7 vakalar\u0131n\u0131n tam orta yerine atmadan, onlar\u0131 sadeceanlatmakla yetinerek ge\u00e7irdi\u011fi vakit ho\u015funa gitmi\u015ftir. Derken o cinayetin y\u0131ld\u00f6n\u00fcm\u00fcnde kasabada bir kay\u0131pvakas\u0131 ya\u015fan\u0131r. Anma t\u00f6reninde neredeyse t\u00fcm kasabal\u0131lar\u0131ng\u00f6rd\u00fc\u011f\u00fc Jamie Reynolds bir anda s\u0131rra kadem basm\u0131\u015ft\u0131r.Jamie\u2019nin ailesi Pip\u2019ten yard\u0131m ister. Bu iste\u011fi reddedemeyenPip yeni bir ara\u015ft\u0131rman\u0131n i\u00e7inde bulur kendini. Ara\u015ft\u0131rd\u0131k\u00e7ada kasaban\u0131n karanl\u0131k s\u0131rlar\u0131yla y\u00fczle\u015fir. \u00c7ok ge\u00e7 olmadanJamie\u2019yi bulabilecek midir? Peki ya kendisi? Bu olay\u0131\u00e7\u00f6zd\u00fckten sonra h\u00e2l\u00e2 g\u00fcvende say\u0131labilecek midir?<\/p>\n","protected":false},"excerpt":{"rendered":"<p>\u0130yi Bir K\u0131z\u0131n Cinayet Rehberidevam ediyor.\u0130yi K\u0131z, K\u00f6t\u00fc Son\u2019da daha fazlakaranl\u0131k s\u0131r g\u00fcn y\u00fcz\u00fcne \u00e7\u0131k\u0131yor&#8230; Pip, ya\u015fad\u0131\u011f\u0131 kasabada y\u0131llar \u00f6nce i\u015flenen cinayeti\u00e7\u00f6zd\u00fc\u011f\u00fc ara\u015ft\u0131rmas\u0131n\u0131n ard\u0131ndan bir daha<span class=\"excerpt-hellip\"> [\u2026]<\/span><\/p>\n","protected":false},"featured_media":0,"template":"","meta":{"_monsterinsights_skip_tracking":false,"_monsterinsights_sitenote_active":false,"_monsterinsights_sitenote_note":"","_monsterinsights_sitenote_category":0},"product_brand":[],"product_cat":[12291,50487],"product_tag":[],"class_list":{"0":"post-745914","1":"product","2":"type-product","3":"status-publish","5":"product_cat-edebiyat","6":"product_cat-kurgu","7":"pa_cilt-ciltsiz","8":"pa_tur-kitap","9":"pa_yayinevi-epsilon-yayinlari","10":"pa_yazar-holly-jackson","12":"first","13":"instock","14":"sale","15":"shipping-taxable","16":"purchasable","17":"product-type-simple"},"_links":{"self":[{"href":"https:\/\/roveyayinevi.com.tr\/index.php\/wp-json\/wp\/v2\/product\/745914","targetHints":{"allow":["GET"]}}],"collection":[{"href":"https:\/\/roveyayinevi.com.tr\/index.php\/wp-json\/wp\/v2\/product"}],"about":[{"href":"https:\/\/roveyayinevi.com.tr\/index.php\/wp-json\/wp\/v2\/types\/product"}],"wp:attachment":[{"href":"https:\/\/roveyayinevi.com.tr\/index.php\/wp-json\/wp\/v2\/media?parent=745914"}],"wp:term":[{"taxonomy":"product_brand","embeddable":true,"href":"https:\/\/roveyayinevi.com.tr\/index.php\/wp-json\/wp\/v2\/product_brand?post=745914"},{"taxonomy":"product_cat","embeddable":true,"href":"https:\/\/roveyayinevi.com.tr\/index.php\/wp-json\/wp\/v2\/product_cat?post=745914"},{"taxonomy":"product_tag","embeddable":true,"href":"https:\/\/roveyayinevi.com.tr\/index.php\/wp-json\/wp\/v2\/product_tag?post=745914"}],"curies":[{"name":"wp","href":"https:\/\/api.w.org\/{rel}","templated":true}]}}