{"id":745912,"date":"2025-08-28T02:30:41","date_gmt":"2025-08-27T23:30:41","guid":{"rendered":"https:\/\/roveyayinevi.com.tr\/index.php\/urun\/kedi-ve-sehir\/"},"modified":"2026-04-16T02:58:24","modified_gmt":"2026-04-15T23:58:24","slug":"kedi-ve-sehir","status":"publish","type":"product","link":"https:\/\/roveyayinevi.com.tr\/index.php\/urun\/kedi-ve-sehir\/","title":{"rendered":"Kedi ve \u015eehir"},"content":{"rendered":"<p>D\u00fcnyan\u0131n en b\u00fcy\u00fck kentlerinden birinde, karanl\u0131k arka sokaklarda \u00fc\u00e7 renkli bir kedi dola\u015f\u0131yor. Evsizlerin, yabanc\u0131lar\u0131n, gangsterlerin, m\u00fcnzevilerin hayatlar\u0131na hafif\u00e7e de\u011fip ge\u00e7en bu kedinin rotas\u0131 bir gen\u00e7 k\u0131z\u0131n s\u0131rt\u0131na i\u015flenen Tokyo d\u00f6vmesine yans\u0131yor. Kentin haritas\u0131nda i\u00e7 i\u00e7e ge\u00e7en ya\u015famlar, kedinin ad\u0131mlar\u0131yla at\u0131lan ilmeklerle birbirine ba\u011flan\u0131yor.   Nick Bradley\u2019in ilk roman\u0131 olan ve pek \u00e7ok dile \u00e7evrilen Kedi ve \u015eehir, sahnesi Tokyo olsa da d\u00fcnyan\u0131n b\u00fct\u00fcn metropolleri i\u00e7in ge\u00e7erli say\u0131labilecek bir hik\u00e2ye anlat\u0131yor. Ayn\u0131 \u015fehirde bir araya gelmi\u015f farkl\u0131 hik\u00e2yelerle \u00f6r\u00fclen, bunlara tan\u0131kl\u0131k eden kedi kadar \u00e7ok renkli bir roman.   \u201cKediler, Tokyo, yaln\u0131zl\u0131k ve kefaret konulu, birbiri i\u00e7ine ge\u00e7en bu hik\u00e2yeleri bir oturu\u015fta okudum. Bu canl\u0131 ve yetkin ilk roman i\u00e7in tebrikler Nick Bradley.\u201d  David Mitchell   \u201cBu son derece etkileyici, incelikli g\u00f6zlemlere dayal\u0131 ilk roman\u0131nda Nick Bradley ihti\u015fam\u0131, g\u00fcnah\u0131, insanlar\u0131 ve \u00fc\u00e7 renkli kedisiyle Tokyo\u2019nun zengin dokusunu canland\u0131rmak i\u00e7in apayr\u0131 g\u00f6r\u00fcnen iplikleri ustal\u0131kla birbirine dokuyor.\u201d David Peace <\/p>\n","protected":false},"excerpt":{"rendered":"<p>D\u00fcnyan\u0131n en b\u00fcy\u00fck kentlerinden birinde, karanl\u0131k arka sokaklarda \u00fc\u00e7 renkli bir kedi dola\u015f\u0131yor. Evsizlerin, yabanc\u0131lar\u0131n, gangsterlerin, m\u00fcnzevilerin hayatlar\u0131na hafif\u00e7e de\u011fip ge\u00e7en bu kedinin rotas\u0131 bir gen\u00e7<span class=\"excerpt-hellip\"> [\u2026]<\/span><\/p>\n","protected":false},"featured_media":0,"template":"","meta":{"_monsterinsights_skip_tracking":false,"_monsterinsights_sitenote_active":false,"_monsterinsights_sitenote_note":"","_monsterinsights_sitenote_category":0},"product_brand":[],"product_cat":[12291,12711],"product_tag":[],"class_list":{"0":"post-745912","1":"product","2":"type-product","3":"status-publish","5":"product_cat-edebiyat","6":"product_cat-roman-oyku","7":"pa_cilt-ciltsiz","8":"pa_tur-kitap","9":"pa_yayinevi-can-yayinlari","10":"pa_yazar-nick-bradley","12":"first","13":"instock","14":"sale","15":"shipping-taxable","16":"purchasable","17":"product-type-simple"},"_links":{"self":[{"href":"https:\/\/roveyayinevi.com.tr\/index.php\/wp-json\/wp\/v2\/product\/745912","targetHints":{"allow":["GET"]}}],"collection":[{"href":"https:\/\/roveyayinevi.com.tr\/index.php\/wp-json\/wp\/v2\/product"}],"about":[{"href":"https:\/\/roveyayinevi.com.tr\/index.php\/wp-json\/wp\/v2\/types\/product"}],"wp:attachment":[{"href":"https:\/\/roveyayinevi.com.tr\/index.php\/wp-json\/wp\/v2\/media?parent=745912"}],"wp:term":[{"taxonomy":"product_brand","embeddable":true,"href":"https:\/\/roveyayinevi.com.tr\/index.php\/wp-json\/wp\/v2\/product_brand?post=745912"},{"taxonomy":"product_cat","embeddable":true,"href":"https:\/\/roveyayinevi.com.tr\/index.php\/wp-json\/wp\/v2\/product_cat?post=745912"},{"taxonomy":"product_tag","embeddable":true,"href":"https:\/\/roveyayinevi.com.tr\/index.php\/wp-json\/wp\/v2\/product_tag?post=745912"}],"curies":[{"name":"wp","href":"https:\/\/api.w.org\/{rel}","templated":true}]}}