{"id":745908,"date":"2025-08-28T02:30:37","date_gmt":"2025-08-27T23:30:37","guid":{"rendered":"https:\/\/roveyayinevi.com.tr\/index.php\/urun\/roma-imparatorlari-3-cilt\/"},"modified":"2026-04-16T02:58:24","modified_gmt":"2026-04-15T23:58:24","slug":"roma-imparatorlari-3-cilt","status":"publish","type":"product","link":"https:\/\/roveyayinevi.com.tr\/index.php\/urun\/roma-imparatorlari-3-cilt\/","title":{"rendered":"Roma \u0130mparatorlar\u0131 (3. Cilt)"},"content":{"rendered":"<p>ROMA \u0130MPARATORLARININ \u00c7ARPICI HAYAT H\u0130K\u00c2YELER\u0130\u2026 T\u00fcrkiye\u2019de tamam\u0131 ilk kez yay\u0131nlanan Historia Augusta\u2019n\u0131n \u00fc\u00e7\u00fcnc\u00fc cildi, di\u011fer iki ciltte oldu\u011fu gibi dilimize Samet \u00d6zg\u00fcler taraf\u0131ndan Latince asl\u0131ndan terc\u00fcme edilerek kazand\u0131r\u0131ld\u0131. MS. 253\u2019te tahta ge\u00e7en Valerianus\u2019la ba\u015flayan eser, 283 y\u0131l\u0131nda tahta ge\u00e7en Carinus\u2019la son bulunuyor. Roma imparatorlar\u0131 hakk\u0131ndaki say\u0131l\u0131 Latince kaynaktan biri olan Historia Augusta, asker\u00ee anar\u015finin giderek daha fazla h\u00e2kim oldu\u011fu, imparatorluk topraklar\u0131n\u0131n d\u00f6rt bir yan\u0131nda ya\u015fanan ve hissedilen bu devasa kriz ortam\u0131n\u0131n ve d\u0131\u015f sald\u0131r\u0131lar\u0131n Roma\u2019y\u0131 k\u00f6t\u00fc sona s\u00fcr\u00fckledi\u011fi d\u00f6neme ili\u015fkin nadir kaynaklardan biri olmas\u0131 ve s\u00f6z konusu imparatorlar\u0131n hayatlar\u0131na dair neredeyse tek kaynak olmas\u0131 sebebiyle tarihsel k\u0131ymetini as\u0131rlard\u0131r muhafaza ediyor.   Okurlar metin boyunca \u00e7o\u011fu zaman di\u011fer kaynaklarla kar\u015f\u0131la\u015ft\u0131rma yap\u0131p do\u011fru olma ihtimali en y\u00fcksek olan bilgiye eri\u015fme \u015fans\u0131na sahip olacakken \u00f6te yandan da zaman zaman kendi mant\u0131klar\u0131yla kalacak ve olaylar\u0131 bu do\u011frultuda de\u011ferlendirecektir. Hemen hemen b\u00fct\u00fcn di\u011fer Eski \u00c7a\u011f Tarihi kaynaklar\u0131nda var olan bu durumun biyografilerde daha da \u00f6ne \u00e7\u0131kmas\u0131, belki de Historia Augusta\u2019y\u0131 \u00e7ok daha enteresan ve ilgi \u00e7ekici k\u0131lan hususlardan biridir.   Bu ciltte okuyucular Valerianus gibi \u00e7ok\u00e7a sevilen bir h\u00fck\u00fcmdardan, tahtta hak iddias\u0131nda bulunan ve taht\u0131 gasp eden birbirinden farkl\u0131 30 imparator ve imparator aday\u0131na, yapt\u0131\u011f\u0131 hizmetler ve imparatorlukta d\u00fczeni sa\u011flamas\u0131ndan \u00f6t\u00fcr\u00fc Tanr\u0131sal s\u0131fat\u0131 verilen Claudius ve Aurelianus\u2019a, Tacitus\u2019tan Probus\u2019a ve son olarak da Carinus\u2019a kadar \u00e7ok say\u0131da Roma imparatoru hakk\u0131nda \u00e7arp\u0131c\u0131 bilgiler \u00f6\u011frenebilecekler.   Roma \u0130mparatorlar\u0131, d\u00fcnya tarihine damga vurmu\u015f bu dev imparatorlu\u011fun tarihine merak duyan herkesin keyifle, ilgiyle ve \u015fa\u015fk\u0131nl\u0131k i\u00e7erisinde okuyaca\u011f\u0131 bir eser\u2026 <\/p>\n","protected":false},"excerpt":{"rendered":"<p>ROMA \u0130MPARATORLARININ \u00c7ARPICI HAYAT H\u0130K\u00c2YELER\u0130\u2026 T\u00fcrkiye\u2019de tamam\u0131 ilk kez yay\u0131nlanan Historia Augusta\u2019n\u0131n \u00fc\u00e7\u00fcnc\u00fc cildi, di\u011fer iki ciltte oldu\u011fu gibi dilimize Samet \u00d6zg\u00fcler taraf\u0131ndan Latince asl\u0131ndan terc\u00fcme<span class=\"excerpt-hellip\"> [\u2026]<\/span><\/p>\n","protected":false},"featured_media":0,"template":"","meta":{"_monsterinsights_skip_tracking":false,"_monsterinsights_sitenote_active":false,"_monsterinsights_sitenote_note":"","_monsterinsights_sitenote_category":0},"product_brand":[],"product_cat":[12312,12304],"product_tag":[],"class_list":{"0":"post-745908","1":"product","2":"type-product","3":"status-publish","5":"product_cat-diger","6":"product_cat-tarih","7":"pa_cilt-ciltsiz","8":"pa_tur-kitap","9":"pa_yayinevi-kronik-kitap","10":"pa_yazar-historia-augusta","12":"first","13":"instock","14":"sale","15":"shipping-taxable","16":"purchasable","17":"product-type-simple"},"_links":{"self":[{"href":"https:\/\/roveyayinevi.com.tr\/index.php\/wp-json\/wp\/v2\/product\/745908","targetHints":{"allow":["GET"]}}],"collection":[{"href":"https:\/\/roveyayinevi.com.tr\/index.php\/wp-json\/wp\/v2\/product"}],"about":[{"href":"https:\/\/roveyayinevi.com.tr\/index.php\/wp-json\/wp\/v2\/types\/product"}],"wp:attachment":[{"href":"https:\/\/roveyayinevi.com.tr\/index.php\/wp-json\/wp\/v2\/media?parent=745908"}],"wp:term":[{"taxonomy":"product_brand","embeddable":true,"href":"https:\/\/roveyayinevi.com.tr\/index.php\/wp-json\/wp\/v2\/product_brand?post=745908"},{"taxonomy":"product_cat","embeddable":true,"href":"https:\/\/roveyayinevi.com.tr\/index.php\/wp-json\/wp\/v2\/product_cat?post=745908"},{"taxonomy":"product_tag","embeddable":true,"href":"https:\/\/roveyayinevi.com.tr\/index.php\/wp-json\/wp\/v2\/product_tag?post=745908"}],"curies":[{"name":"wp","href":"https:\/\/api.w.org\/{rel}","templated":true}]}}