{"id":745905,"date":"2025-08-28T02:30:33","date_gmt":"2025-08-27T23:30:33","guid":{"rendered":"https:\/\/roveyayinevi.com.tr\/index.php\/urun\/bize-yeni-bir-soz-lazim\/"},"modified":"2026-04-16T02:58:24","modified_gmt":"2026-04-15T23:58:24","slug":"bize-yeni-bir-soz-lazim","status":"publish","type":"product","link":"https:\/\/roveyayinevi.com.tr\/index.php\/urun\/bize-yeni-bir-soz-lazim\/","title":{"rendered":"Bize Yeni Bir S\u00f6z Laz\u0131m"},"content":{"rendered":"<p>\u201cUmut biziz. S\u00f6z\u00fc ele ge\u00e7irmek gerek.   Korkuya kap\u0131lmak yerine, yeni bir s\u00f6z kurmak,   g\u00fcndemi ele ge\u00e7irmek gerek. G\u00fcndemi ele ge\u00e7irmenin yolu spek\u00fclatif \u015feyler yapmak,   s\u00f6ylemek de\u011fil, s\u00f6z\u00fc gelecekten, umuttan   yana kurmak, yeni bir \u015fey s\u00f6ylemek.   Bize yeni bir s\u00f6z laz\u0131m.\u201d       Bekir A\u011f\u0131rd\u0131r           Bize Yeni Bir S\u00f6z Laz\u0131m, Bekir A\u011f\u0131rd\u0131r\u2019\u0131n y\u0131llar boyunca T\u00fcrkiye \u00fczerine yap\u0131lm\u0131\u015f \u00e7al\u0131\u015fmalardan edindi\u011fi bilgileri s\u00fczerek \u00e7izdi\u011fi bir yol haritas\u0131; T\u00fcrkiye\u2019nin siyasi fay hatlar\u0131n\u0131n ge\u00e7mi\u015ften bug\u00fcne yaratt\u0131\u011f\u0131 k\u0131r\u0131lmalar\u0131n bir analizi\u2026 A\u011f\u0131rd\u0131r, \u00f6nemli bir se\u00e7imin kav\u015fa\u011f\u0131nda bulunan T\u00fcrkiye\u2019de mevcut durumdan \u00e7\u0131kmak i\u00e7in neler yapmam\u0131z gerekti\u011fini sadece g\u00fcnl\u00fck meselelerle ele alm\u0131yor, zihinsel bir de\u011fi\u015fiklik yap\u0131labilmesi i\u00e7in hem d\u00fcnyada neler olup bitti\u011fine bak\u0131yor hem de bunlar\u0131n \u00fclke d\u00fczleminde nas\u0131l uygulanmas\u0131 gerekti\u011fine dair \u00f6nemli saptamalarda bulunuyor.<\/p>\n","protected":false},"excerpt":{"rendered":"<p>\u201cUmut biziz. S\u00f6z\u00fc ele ge\u00e7irmek gerek. Korkuya kap\u0131lmak yerine, yeni bir s\u00f6z kurmak, g\u00fcndemi ele ge\u00e7irmek gerek. G\u00fcndemi ele ge\u00e7irmenin yolu spek\u00fclatif \u015feyler yapmak, s\u00f6ylemek de\u011fil,<span class=\"excerpt-hellip\"> [\u2026]<\/span><\/p>\n","protected":false},"featured_media":0,"template":"","meta":{"_monsterinsights_skip_tracking":false,"_monsterinsights_sitenote_active":false,"_monsterinsights_sitenote_note":"","_monsterinsights_sitenote_category":0},"product_brand":[],"product_cat":[13072,12291],"product_tag":[],"class_list":{"0":"post-745905","1":"product","2":"type-product","3":"status-publish","5":"product_cat-arastirma-inceleme-referans","6":"product_cat-edebiyat","7":"pa_cilt-ciltsiz","8":"pa_tur-kitap","9":"pa_yayinevi-mundi","10":"pa_yazar-bekir-agirdir","12":"first","13":"instock","14":"sale","15":"shipping-taxable","16":"purchasable","17":"product-type-simple"},"_links":{"self":[{"href":"https:\/\/roveyayinevi.com.tr\/index.php\/wp-json\/wp\/v2\/product\/745905","targetHints":{"allow":["GET"]}}],"collection":[{"href":"https:\/\/roveyayinevi.com.tr\/index.php\/wp-json\/wp\/v2\/product"}],"about":[{"href":"https:\/\/roveyayinevi.com.tr\/index.php\/wp-json\/wp\/v2\/types\/product"}],"wp:attachment":[{"href":"https:\/\/roveyayinevi.com.tr\/index.php\/wp-json\/wp\/v2\/media?parent=745905"}],"wp:term":[{"taxonomy":"product_brand","embeddable":true,"href":"https:\/\/roveyayinevi.com.tr\/index.php\/wp-json\/wp\/v2\/product_brand?post=745905"},{"taxonomy":"product_cat","embeddable":true,"href":"https:\/\/roveyayinevi.com.tr\/index.php\/wp-json\/wp\/v2\/product_cat?post=745905"},{"taxonomy":"product_tag","embeddable":true,"href":"https:\/\/roveyayinevi.com.tr\/index.php\/wp-json\/wp\/v2\/product_tag?post=745905"}],"curies":[{"name":"wp","href":"https:\/\/api.w.org\/{rel}","templated":true}]}}