{"id":745901,"date":"2025-08-28T02:30:28","date_gmt":"2025-08-27T23:30:28","guid":{"rendered":"https:\/\/roveyayinevi.com.tr\/index.php\/urun\/ayni-cati-altinda\/"},"modified":"2026-04-16T02:58:24","modified_gmt":"2026-04-15T23:58:24","slug":"ayni-cati-altinda","status":"publish","type":"product","link":"https:\/\/roveyayinevi.com.tr\/index.php\/urun\/ayni-cati-altinda\/","title":{"rendered":"Ayn\u0131 \u00c7at\u0131 Alt\u0131nda"},"content":{"rendered":"<p>\u201cSaf romantizmin alt\u0131n oran\u0131.\u201d Publishers Weekly   \u00c7evre m\u00fchendisi olan Mara\u2019ya, hi\u00e7 beklemedi\u011fi bir anda kocaman bir ev miras kal\u0131r. \u00c7ok sevdi\u011fi ak\u0131l hocas\u0131 Helena, vasiyetinde Mara\u2019ya da bir yer ay\u0131rm\u0131\u015f ve evini ona b\u0131rakm\u0131\u015ft\u0131r. Ancak as\u0131l s\u00fcrpriz daha sonra ortaya \u00e7\u0131kar: Evin sadece yar\u0131s\u0131 Mara\u2019ya kalm\u0131\u015ft\u0131r. Di\u011fer yar\u0131s\u0131 ise Helena\u2019n\u0131n huysuz ye\u011feni Liam Harding\u2019e aittir. Yeni ev arkada\u015f\u0131ndan ilk g\u00f6rd\u00fc\u011f\u00fc anda etkilenen Mara, ac\u0131 ger\u00e7e\u011fi k\u0131sa zamanda ke\u015ffeder: Liam, bir petrol firmas\u0131n\u0131n avukat\u0131d\u0131r ve Mara\u2019n\u0131n \u00e7evre sevgisi ne kadar b\u00fcy\u00fckse, Liam\u2019\u0131n \u00e7al\u0131\u015ft\u0131\u011f\u0131 \u015firketin \u00e7evreye duyars\u0131zl\u0131\u011f\u0131 da o kadar fazlad\u0131r. \u0130lk tan\u0131\u015fmalar\u0131n\u0131n b\u00fcy\u00fcs\u00fc bu ger\u00e7ek alt\u0131nda ezilirken ne Mara ne de Liam evden vazge\u00e7meye isteklidir.  B\u00f6ylece ayn\u0131 \u00e7at\u0131 alt\u0131nda b\u00fcy\u00fck bir \u00e7at\u0131\u015fma ba\u015flar. Sorun \u015fudur ki biriyle ayn\u0131 evde ya\u015famak, zamanla onu tan\u0131mak anlam\u0131na da gelir. Ve Mara, Liam hakk\u0131nda ne kadar \u00e7ok \u015fey \u00f6\u011frenirse, ondan nefret etmek o kadar zorla\u015f\u0131r. \u00c2\u015f\u0131k olmaksa \u00e7ok daha kolayd\u0131r.<\/p>\n","protected":false},"excerpt":{"rendered":"<p>\u201cSaf romantizmin alt\u0131n oran\u0131.\u201d Publishers Weekly \u00c7evre m\u00fchendisi olan Mara\u2019ya, hi\u00e7 beklemedi\u011fi bir anda kocaman bir ev miras kal\u0131r. \u00c7ok sevdi\u011fi ak\u0131l hocas\u0131 Helena, vasiyetinde Mara\u2019ya<span class=\"excerpt-hellip\"> [\u2026]<\/span><\/p>\n","protected":false},"featured_media":0,"template":"","meta":{"_monsterinsights_skip_tracking":false,"_monsterinsights_sitenote_active":false,"_monsterinsights_sitenote_note":"","_monsterinsights_sitenote_category":0},"product_brand":[],"product_cat":[12291,12711],"product_tag":[],"class_list":{"0":"post-745901","1":"product","2":"type-product","3":"status-publish","5":"product_cat-edebiyat","6":"product_cat-roman-oyku","7":"pa_cilt-ciltsiz","8":"pa_tur-kitap","9":"pa_yayinevi-nemesis-kitap","10":"pa_yazar-ali-hazelwood","12":"first","13":"instock","14":"sale","15":"shipping-taxable","16":"purchasable","17":"product-type-simple"},"_links":{"self":[{"href":"https:\/\/roveyayinevi.com.tr\/index.php\/wp-json\/wp\/v2\/product\/745901","targetHints":{"allow":["GET"]}}],"collection":[{"href":"https:\/\/roveyayinevi.com.tr\/index.php\/wp-json\/wp\/v2\/product"}],"about":[{"href":"https:\/\/roveyayinevi.com.tr\/index.php\/wp-json\/wp\/v2\/types\/product"}],"wp:attachment":[{"href":"https:\/\/roveyayinevi.com.tr\/index.php\/wp-json\/wp\/v2\/media?parent=745901"}],"wp:term":[{"taxonomy":"product_brand","embeddable":true,"href":"https:\/\/roveyayinevi.com.tr\/index.php\/wp-json\/wp\/v2\/product_brand?post=745901"},{"taxonomy":"product_cat","embeddable":true,"href":"https:\/\/roveyayinevi.com.tr\/index.php\/wp-json\/wp\/v2\/product_cat?post=745901"},{"taxonomy":"product_tag","embeddable":true,"href":"https:\/\/roveyayinevi.com.tr\/index.php\/wp-json\/wp\/v2\/product_tag?post=745901"}],"curies":[{"name":"wp","href":"https:\/\/api.w.org\/{rel}","templated":true}]}}