{"id":745900,"date":"2025-08-28T02:30:27","date_gmt":"2025-08-27T23:30:27","guid":{"rendered":"https:\/\/roveyayinevi.com.tr\/index.php\/urun\/radiant-3-ciltli\/"},"modified":"2026-04-16T02:58:24","modified_gmt":"2026-04-15T23:58:24","slug":"radiant-3-ciltli","status":"publish","type":"product","link":"https:\/\/roveyayinevi.com.tr\/index.php\/urun\/radiant-3-ciltli\/","title":{"rendered":"Radiant  3 (Ciltli)"},"content":{"rendered":"<p>\u201cS\u0130Z Y\u00d6NET\u0130C\u0130LER\u0130 SEVERS\u0130N\u0130Z, \u00d6YLE DE\u011e\u0130L M\u0130? S\u0130Z\u0130N YER\u0130N\u0130ZE SE\u00c7\u0130M YAPILMASINA BAYILIRSINIZ, SOLUCANLAR! B\u0130R \u0130Y\u0130L\u0130K YAPIP S\u0130ZE \u015e\u0130MD\u0130 YAPMANIZ GEREKENLER\u0130 S\u00d6YLEYECE\u011e\u0130M: DUA ED\u0130N, T\u0130TREY\u0130N VE \u00d6L\u00dcN!\u201d<\/p>\n","protected":false},"excerpt":{"rendered":"<p>\u201cS\u0130Z Y\u00d6NET\u0130C\u0130LER\u0130 SEVERS\u0130N\u0130Z, \u00d6YLE DE\u011e\u0130L M\u0130? S\u0130Z\u0130N YER\u0130N\u0130ZE SE\u00c7\u0130M YAPILMASINA BAYILIRSINIZ, SOLUCANLAR! B\u0130R \u0130Y\u0130L\u0130K YAPIP S\u0130ZE \u015e\u0130MD\u0130 YAPMANIZ GEREKENLER\u0130 S\u00d6YLEYECE\u011e\u0130M: DUA ED\u0130N, T\u0130TREY\u0130N VE \u00d6L\u00dcN!\u201d<\/p>\n","protected":false},"featured_media":0,"template":"","meta":{"_monsterinsights_skip_tracking":false,"_monsterinsights_sitenote_active":false,"_monsterinsights_sitenote_note":"","_monsterinsights_sitenote_category":0},"product_brand":[],"product_cat":[12689,12274],"product_tag":[],"class_list":{"0":"post-745900","1":"product","2":"type-product","3":"status-publish","5":"product_cat-cizgi-roman-cocuk-ve-genclik-kitaplari","6":"product_cat-cocuk-ve-genclik-kitaplari","7":"pa_cilt-ciltli","8":"pa_tur-kitap","9":"pa_yayinevi-senpai-yayinlari","10":"pa_yazar-tony-valente","12":"first","13":"instock","14":"sale","15":"shipping-taxable","16":"purchasable","17":"product-type-simple"},"_links":{"self":[{"href":"https:\/\/roveyayinevi.com.tr\/index.php\/wp-json\/wp\/v2\/product\/745900","targetHints":{"allow":["GET"]}}],"collection":[{"href":"https:\/\/roveyayinevi.com.tr\/index.php\/wp-json\/wp\/v2\/product"}],"about":[{"href":"https:\/\/roveyayinevi.com.tr\/index.php\/wp-json\/wp\/v2\/types\/product"}],"wp:attachment":[{"href":"https:\/\/roveyayinevi.com.tr\/index.php\/wp-json\/wp\/v2\/media?parent=745900"}],"wp:term":[{"taxonomy":"product_brand","embeddable":true,"href":"https:\/\/roveyayinevi.com.tr\/index.php\/wp-json\/wp\/v2\/product_brand?post=745900"},{"taxonomy":"product_cat","embeddable":true,"href":"https:\/\/roveyayinevi.com.tr\/index.php\/wp-json\/wp\/v2\/product_cat?post=745900"},{"taxonomy":"product_tag","embeddable":true,"href":"https:\/\/roveyayinevi.com.tr\/index.php\/wp-json\/wp\/v2\/product_tag?post=745900"}],"curies":[{"name":"wp","href":"https:\/\/api.w.org\/{rel}","templated":true}]}}