{"id":745899,"date":"2025-08-28T02:30:26","date_gmt":"2025-08-27T23:30:26","guid":{"rendered":"https:\/\/roveyayinevi.com.tr\/index.php\/urun\/piyano-icin-5-nokturn\/"},"modified":"2026-04-16T02:58:24","modified_gmt":"2026-04-15T23:58:24","slug":"piyano-icin-5-nokturn","status":"publish","type":"product","link":"https:\/\/roveyayinevi.com.tr\/index.php\/urun\/piyano-icin-5-nokturn\/","title":{"rendered":"Piyano \u0130\u00e7in 5 Nokt\u00fcrn"},"content":{"rendered":"<p>H. Ozan Demirta\u015f, gen\u00e7 ku\u015fak \u00e7a\u011fda\u015f T\u00fcrk bestecilerinden\u2026   \u00c7al\u0131\u015fmalar\u0131, a\u00e7\u0131k\u00e7a bat\u0131 akademik m\u00fczi\u011finin geleneklerine ba\u011fl\u0131d\u0131r. Bu, hem t\u00fcrlerin se\u00e7iminde hem de m\u00fczikal materyalin sunulma ve geli\u015ftirilme bi\u00e7iminde fark edilmektedir.   Eserlerinin tematik temelleri, dinleyicinin, bestecinin sanatsal niyetine n\u00fcfuz etmesine katk\u0131da bulunan parlak ve etkileyici melodik malzemelere dayanmaktad\u0131r.   Piyano \u0130\u00e7in 5 Nokt\u00fcrn &#8211; bestecinin ilk kez yay\u0131nlanan yeni bir eseri. Nokt\u00fcrn t\u00fcr\u00fc, bu kitapta besteci taraf\u0131ndan geleneksel romantik eserler olarak ele al\u0131nm\u0131\u015f. Ayn\u0131 zamanda, eserlerdeki ritimsel detaylar ve baz\u0131 makamsal yap\u0131lar, bu t\u00fcr\u00fcn geleneksel alg\u0131s\u0131na yeni bir ak\u0131m getirmektedir.   Bu a\u00e7\u0131dan, besteciyi bu harika \u00e7al\u0131\u015fmas\u0131 i\u00e7in tebrik ediyor; gelecek \u00e7al\u0131\u015fmalar\u0131nda ba\u015far\u0131lar diliyorum. Alexander Mekaev, Ayd\u0131n Adnan Menderes \u00dcniversitesi Devlet Konservatuvar\u0131 \u00d6\u011fretim G\u00f6revlisiH. Ozan Demirta\u015f, uzun y\u0131llard\u0131r hizmet etti\u011fi Mesleki M\u00fczik E\u011fitimi alan\u0131na bu kitapla de\u011ferli bir katk\u0131 sunuyor. Bu katk\u0131, Demirta\u015f\u2019\u0131n akademik e\u011fitim ve piyano \u00f6\u011fretmenli\u011fi s\u00fcrecinde yo\u011fun olarak \u00fczerinde durdu\u011fu, piyano \u00f6\u011frencilerinin repertuvar beklenti ve gereksinimleri ile ilgili \u00e7al\u0131\u015fmalar\u0131n\u0131n bir \u00fcr\u00fcn\u00fc olarak daha da anlaml\u0131.   Piyano \u00f6\u011frencilerine, piyano \u00f6\u011fretmenlerine yepyeni m\u00fcjdeler sunan bir arma\u011fan olarak Piyano \u0130\u00e7in 5 Nokt\u00fcrn, dinleyicisine ula\u015fmak i\u00e7in bolca seslendirilmeyi bekliyor. Okuyucusuna ula\u015fmas\u0131, severek seslendirilmesi dile\u011fiyle\u2026   Tebrik ve te\u015fekk\u00fcrler sevgili H. Ozan Demirta\u015f, nicelerine\u2026                                                                                                Prof. Dr. H. Seval K\u00d6SE <\/p>\n","protected":false},"excerpt":{"rendered":"<p>H. Ozan Demirta\u015f, gen\u00e7 ku\u015fak \u00e7a\u011fda\u015f T\u00fcrk bestecilerinden\u2026 \u00c7al\u0131\u015fmalar\u0131, a\u00e7\u0131k\u00e7a bat\u0131 akademik m\u00fczi\u011finin geleneklerine ba\u011fl\u0131d\u0131r. Bu, hem t\u00fcrlerin se\u00e7iminde hem de m\u00fczikal materyalin sunulma ve geli\u015ftirilme<span class=\"excerpt-hellip\"> [\u2026]<\/span><\/p>\n","protected":false},"featured_media":0,"template":"","meta":{"_monsterinsights_skip_tracking":false,"_monsterinsights_sitenote_active":false,"_monsterinsights_sitenote_note":"","_monsterinsights_sitenote_category":0},"product_brand":[],"product_cat":[14556,14557],"product_tag":[],"class_list":{"0":"post-745899","1":"product","2":"type-product","3":"status-publish","5":"product_cat-muzik","6":"product_cat-nota-kitaplari","7":"pa_cilt-ciltsiz","8":"pa_tur-kitap","9":"pa_yayinevi-muzik-egitimi-yayinlari","10":"pa_yazar-h-ozan-demirtas","12":"first","13":"instock","14":"sale","15":"shipping-taxable","16":"purchasable","17":"product-type-simple"},"_links":{"self":[{"href":"https:\/\/roveyayinevi.com.tr\/index.php\/wp-json\/wp\/v2\/product\/745899","targetHints":{"allow":["GET"]}}],"collection":[{"href":"https:\/\/roveyayinevi.com.tr\/index.php\/wp-json\/wp\/v2\/product"}],"about":[{"href":"https:\/\/roveyayinevi.com.tr\/index.php\/wp-json\/wp\/v2\/types\/product"}],"wp:attachment":[{"href":"https:\/\/roveyayinevi.com.tr\/index.php\/wp-json\/wp\/v2\/media?parent=745899"}],"wp:term":[{"taxonomy":"product_brand","embeddable":true,"href":"https:\/\/roveyayinevi.com.tr\/index.php\/wp-json\/wp\/v2\/product_brand?post=745899"},{"taxonomy":"product_cat","embeddable":true,"href":"https:\/\/roveyayinevi.com.tr\/index.php\/wp-json\/wp\/v2\/product_cat?post=745899"},{"taxonomy":"product_tag","embeddable":true,"href":"https:\/\/roveyayinevi.com.tr\/index.php\/wp-json\/wp\/v2\/product_tag?post=745899"}],"curies":[{"name":"wp","href":"https:\/\/api.w.org\/{rel}","templated":true}]}}